{"id":3372,"date":"2022-07-05T14:23:34","date_gmt":"2022-07-05T14:23:34","guid":{"rendered":"https:\/\/test.hotelpocillosplaya.com\/?page_id=3372"},"modified":"2022-07-05T14:25:47","modified_gmt":"2022-07-05T14:25:47","slug":"politica-de-cookies","status":"publish","type":"page","link":"https:\/\/hotelpocillosplaya.com\/en\/politica-de-cookies\/","title":{"rendered":"Pol\u00edtica de cookies"},"content":{"rendered":"\t\t<div data-elementor-type=\"wp-page\" data-elementor-id=\"3372\" class=\"elementor elementor-3372\" data-elementor-post-type=\"page\">\n\t\t\t\t\t\t<section class=\"elementor-section elementor-top-section elementor-element elementor-element-595710a elementor-section-boxed elementor-section-height-default elementor-section-height-default\" data-id=\"595710a\" data-element_type=\"section\">\n\t\t\t\t\t\t<div class=\"elementor-container elementor-column-gap-default\">\n\t\t\t\t\t<div class=\"elementor-column elementor-col-100 elementor-top-column elementor-element elementor-element-4cf0dce\" data-id=\"4cf0dce\" data-element_type=\"column\">\n\t\t\t<div class=\"elementor-widget-wrap elementor-element-populated\">\n\t\t\t\t\t\t<div class=\"elementor-element elementor-element-d725c26 elementor-widget elementor-widget-text-editor\" data-id=\"d725c26\" data-element_type=\"widget\" data-widget_type=\"text-editor.default\">\n\t\t\t\t<div class=\"elementor-widget-container\">\n\t\t\t\t\t\t\t\t\t<p>\u00a0<\/p><p><strong>Pol\u00edtica de cookies<\/strong><\/p><p><span style=\"font-weight: 400;\">Este sitio web, al igual que la mayor\u00eda de los sitios en Internet, usa\u00a0<\/span><strong>cookies<\/strong><span style=\"font-weight: 400;\">\u00a0para mejorar y optimizar la experiencia del usuario.<\/span><\/p><p><span style=\"font-weight: 400;\">A continuaci\u00f3n, encontrar\u00e1 informaci\u00f3n detallada sobre qu\u00e9 son las\u00a0<\/span><strong>cookies<\/strong><span style=\"font-weight: 400;\">, qu\u00e9 tipo de\u00a0<\/span><strong>cookies<\/strong><span style=\"font-weight: 400;\">\u00a0utiliza este sitio web, c\u00f3mo puede desactivarlas en su navegador y c\u00f3mo bloquear espec\u00edficamente la instalaci\u00f3n de\u00a0<\/span><strong>cookies<\/strong><span style=\"font-weight: 400;\">\u00a0de terceros.<\/span><\/p><ol><li><strong> \u00bfQu\u00e9 son las cookies?<\/strong><\/li><\/ol><p><span style=\"font-weight: 400;\">Las\u00a0<\/span><strong>cookies<\/strong><span style=\"font-weight: 400;\">\u00a0son archivos que los sitios web o las aplicaciones instalan en el navegador o en el dispositivo (smartphone, tablet o televisi\u00f3n conectada) del usuario durante su recorrido por las p\u00e1ginas del sitio o por la aplicaci\u00f3n, y sirven para almacenar informaci\u00f3n sobre su visita.<\/span><span style=\"font-weight: 400;\"><br \/><\/span><span style=\"font-weight: 400;\">Como la mayor\u00eda de los sitios en internet, este sitio web utiliza\u00a0<\/span><strong>cookies<\/strong><span style=\"font-weight: 400;\">\u00a0para:<\/span><\/p><ul><li style=\"font-weight: 400;\"><span style=\"font-weight: 400;\">Asegurar que las p\u00e1ginas web pueden funcionar correctamente.<\/span><\/li><li style=\"font-weight: 400;\"><span style=\"font-weight: 400;\">Almacenar las preferencias, como el idioma que ha seleccionado o el tama\u00f1o de letra.<\/span><\/li><li style=\"font-weight: 400;\"><span style=\"font-weight: 400;\">Conocer la experiencia de navegaci\u00f3n del usuario.<\/span><\/li><li style=\"font-weight: 400;\"><span style=\"font-weight: 400;\">Recopilar informaci\u00f3n estad\u00edstica an\u00f3nima, como qu\u00e9 p\u00e1ginas ha visitado el usuario o cu\u00e1nto tiempo ha permanecido en el sitio web.<\/span><\/li><\/ul><p><span style=\"font-weight: 400;\">El uso de\u00a0<\/span><strong>cookies<\/strong><span style=\"font-weight: 400;\">\u00a0permite optimizar la navegaci\u00f3n, adaptando la informaci\u00f3n y los servicios ofrecidos a los intereses del usuario, para proporcionarle una mejor experiencia siempre que visita el sitio web.<\/span><span style=\"font-weight: 400;\"><br \/><\/span><span style=\"font-weight: 400;\">Este sitio web utiliza\u00a0<\/span><strong>cookies<\/strong><span style=\"font-weight: 400;\">\u00a0para funcionar, adaptar y facilitar al m\u00e1ximo la navegaci\u00f3n del usuario.<\/span><\/p><ol start=\"2\"><li><strong> Tipolog\u00eda, finalidad y funcionamiento<\/strong><\/li><\/ol><p><span style=\"font-weight: 400;\">Las\u00a0<\/span><strong>cookies<\/strong><span style=\"font-weight: 400;\">, en funci\u00f3n de su permanencia, pueden dividirse en\u00a0<\/span><strong>cookies de sesi\u00f3n<\/strong><span style=\"font-weight: 400;\">\u00a0o\u00a0<\/span><strong>permanentes<\/strong><span style=\"font-weight: 400;\">. Las primeras expiran cuando el usuario cierra el navegador. Las segundas expiran cuando se cumple el objetivo para el que sirven (por ejemplo, para que el usuario se mantenga identificado en el sitio web) o bien cuando se borran manualmente.<\/span><span style=\"font-weight: 400;\"><br \/><\/span><span style=\"font-weight: 400;\">Adicionalmente,\u00a0<\/span><strong>en funci\u00f3n de su objetivo<\/strong><span style=\"font-weight: 400;\">, las\u00a0<\/span><strong>cookies<\/strong><span style=\"font-weight: 400;\">\u00a0pueden clasificarse de la siguiente forma:<\/span><\/p><ul><li style=\"font-weight: 400;\"><strong>Estrictamente necesarias (t\u00e9cnicas)<\/strong><span style=\"font-weight: 400;\">: Son aquellas imprescindibles para el correcto funcionamiento de la p\u00e1gina. Normalmente se generan cuando el usuario accede al sitio web o inicia sesi\u00f3n en el mismo y se utilizan para identificarle en el sitio web con los siguientes objetivos:<\/span><ol><li style=\"font-weight: 400;\"><span style=\"font-weight: 400;\">Mantener al usuario identificado de forma que, si abandona el sitio web, el navegador o el dispositivo y en otro momento vuelve a acceder a dicho sitio web, seguir\u00e1 identificado, facilitando as\u00ed su navegaci\u00f3n sin tener que volver a identificarse.<\/span><\/li><li style=\"font-weight: 400;\"><span style=\"font-weight: 400;\">Comprobar si el usuario est\u00e1 autorizado para acceder a ciertos servicios o zonas del sitio web.<\/span><\/li><\/ol><\/li><li style=\"font-weight: 400;\"><strong>De rendimiento<\/strong><span style=\"font-weight: 400;\">: Se utilizan para mejorar la experiencia de navegaci\u00f3n y optimizar el funcionamiento del sitio web, como por ejemplo, almacenar las configuraciones de servicios, o almacenar la compra realizada en un carrito de la compra.<\/span><\/li><li style=\"font-weight: 400;\"><strong>De publicidad<\/strong><span style=\"font-weight: 400;\">: Son aquellas que recaban informaci\u00f3n sobre los anuncios mostrados a los usuarios del sitio web. Pueden ser de dos tipos:<\/span><\/li><li style=\"font-weight: 400;\"><strong>An\u00f3nimas:<\/strong><span style=\"font-weight: 400;\">\u00a0Solo recopilan informaci\u00f3n sobre los espacios publicitarios mostrados en el sitio web, con independencia del usuario que accede al sitio web, es decir, sin identificarle expresamente.<\/span><\/li><li style=\"font-weight: 400;\"><strong>Personalizadas:<\/strong><span style=\"font-weight: 400;\">\u00a0Recopilan informaci\u00f3n personal del usuario del sitio web por parte de un tercero, para la personalizaci\u00f3n de dichos espacios publicitarios.<\/span><\/li><li style=\"font-weight: 400;\"><strong>De geo-localizaci\u00f3n<\/strong><span style=\"font-weight: 400;\">: Estas Cookies se utilizan para averiguar en qu\u00e9 pa\u00eds o regi\u00f3n se encuentra el usuario cuando accede a un servicio del sitio web con el fin de ofrecerle contenidos o servicios adecuados a su localizaci\u00f3n.<\/span><\/li><li style=\"font-weight: 400;\"><strong>De anal\u00edticas<\/strong><span style=\"font-weight: 400;\">: Recopilan informaci\u00f3n sobre la experiencia de navegaci\u00f3n del usuario en el sitio web, normalmente de forma an\u00f3nima, aunque en ocasiones tambi\u00e9n permiten identificar de manera \u00fanica e inequ\u00edvoca al usuario con el fin de obtener informes sobre los intereses de los usuarios en los servicios que ofrece el sitio web.<\/span><\/li><\/ul><ol start=\"3\"><li><strong> Cookies utilizadas en este sitio web<\/strong><\/li><\/ol><p><span style=\"font-weight: 400;\">A continuaci\u00f3n se muestra una tabla con las\u00a0<\/span><strong>cookies<\/strong><span style=\"font-weight: 400;\">\u00a0utilizadas en este sitio web, la entidad que gestiona dichas cookies, el plazo de permanencia de la cookie y su finalidad:<\/span><\/p><table><thead><tr><th><p><strong>Nombre cookie<\/strong><\/p><\/th><th><p><strong>Entidad que la gestiona<\/strong><\/p><\/th><th><p><strong>Plazo de permanencia<\/strong><\/p><\/th><th><p><strong>Finalidad<\/strong><\/p><\/th><\/tr><\/thead><tbody><tr><td><p><span style=\"font-weight: 400;\">_ga<\/span><\/p><\/td><td><p><span style=\"font-weight: 400;\">pocillosplaya.com \/ Google<\/span><\/p><\/td><td><p><span style=\"font-weight: 400;\">2 a\u00f1os<\/span><\/p><\/td><td><p><span style=\"font-weight: 400;\">Informes estad\u00edsticos sobre el tr\u00e1fico del sitio web, su audiencia total y la audiencia en una determinada campa\u00f1a publicitaria.<\/span><\/p><\/td><\/tr><tr><td><p><span style=\"font-weight: 400;\">_gat<\/span><\/p><\/td><td><p><span style=\"font-weight: 400;\">pocillosplaya.com \/ Google<\/span><\/p><\/td><td><p><span style=\"font-weight: 400;\">1 d\u00eda<\/span><\/p><\/td><td><p><span style=\"font-weight: 400;\">Utilizado por Google Analytics para controlar la tasa de peticiones<\/span><\/p><\/td><\/tr><tr><td><p><span style=\"font-weight: 400;\">_gid<\/span><\/p><\/td><td><p><span style=\"font-weight: 400;\">pocillosplaya.com \/ Google<\/span><\/p><\/td><td><p><span style=\"font-weight: 400;\">1 d\u00eda<\/span><\/p><\/td><td><p><span style=\"font-weight: 400;\">Registra una identificaci\u00f3n \u00fanica que se utiliza para generar datos estad\u00edsticos acerca de c\u00f3mo utiliza el visitante el sitio web.<\/span><\/p><\/td><\/tr><tr><td><p><span style=\"font-weight: 400;\">_fbp<\/span><\/p><\/td><td><p><span style=\"font-weight: 400;\">pocillosplaya.com \/ Facebook<\/span><\/p><\/td><td><p><span style=\"font-weight: 400;\">3 meses<\/span><\/p><\/td><td><p><span style=\"font-weight: 400;\">Utilizada por Facebook para proporcionar una serie de productos publicitarios como pujas en tiempo real de terceros anunciantes.<\/span><\/p><\/td><\/tr><tr><td><p><span style=\"font-weight: 400;\">cookieconsent_status<\/span><\/p><\/td><td><p><span style=\"font-weight: 400;\">pocillosplaya.com<\/span><\/p><\/td><td><p><span style=\"font-weight: 400;\">1 a\u00f1o<\/span><\/p><\/td><td><p><span style=\"font-weight: 400;\">Almacena el estado de consentimiento de cookies del usuario para el dominio actual.<\/span><\/p><\/td><\/tr><\/tbody><\/table><ul><li style=\"font-weight: 400;\"><strong>Google:<\/strong><span style=\"font-weight: 400;\">\u00a0<\/span><a href=\"https:\/\/policies.google.com\/privacy\"><span style=\"font-weight: 400;\">https:\/\/policies.google.com\/privacy<\/span><\/a><\/li><li style=\"font-weight: 400;\"><strong>Pocillos Playa:<\/strong><span style=\"font-weight: 400;\">\u00a0<\/span><a href=\"https:\/\/www.pocillosplaya.com\"><span style=\"font-weight: 400;\">https:\/\/www.pocillosplaya.com<\/span><\/a><\/li><li style=\"font-weight: 400;\"><strong>Facebook:<\/strong><span style=\"font-weight: 400;\">\u00a0<\/span><a href=\"https:\/\/es-es.facebook.com\/privacy\/explanation\"><span style=\"font-weight: 400;\">https:\/\/es-es.facebook.com\/privacy\/explanation<\/span><\/a><\/li><\/ul><ol start=\"4\"><li><strong> Deshabilitar el uso de cookies<\/strong><\/li><\/ol><p><span style=\"font-weight: 400;\">El usuario puede permitir, bloquear o eliminar las cookies y otras tecnolog\u00edas instaladas en su equipo mediante la configuraci\u00f3n de las opciones del navegador instalado en su dispositivo. A continuaci\u00f3n, puede acceder a la configuraci\u00f3n de los principales navegadores webs:<\/span><\/p><ul><li style=\"font-weight: 400;\"><a href=\"https:\/\/support.google.com\/chrome\/answer\/95647?co=GENIE.Platform%3DDesktop&amp;hl=es\"><strong>Google Chrome<\/strong><\/a><\/li><li style=\"font-weight: 400;\"><a href=\"https:\/\/support.mozilla.org\/es\/kb\/habilitar-y-deshabilitar-cookies-sitios-web-rastrear-preferencias\"><strong>Mozilla Firefox<\/strong><\/a><\/li><li style=\"font-weight: 400;\"><a href=\"https:\/\/support.microsoft.com\/es-es\/help\/17442\/windows-internet-explorer-delete-manage-cookies\"><strong>Internet Explorer<\/strong><\/a><\/li><li style=\"font-weight: 400;\"><a href=\"https:\/\/support.microsoft.com\/es-es\/help\/4468242\/microsoft-edge-browsing-data-and-privacy-microsoft-privacy\"><strong>Microsoft Edge<\/strong><\/a><\/li><li style=\"font-weight: 400;\"><a href=\"https:\/\/support.apple.com\/es-es\/guide\/safari\/sfri11471\/mac\"><strong>Safari<\/strong><\/a><\/li><li style=\"font-weight: 400;\"><a href=\"https:\/\/www.aboutcookies.org\/\"><strong>Otros navegadores no indicados<\/strong><\/a><\/li><\/ul><p><span style=\"font-weight: 400;\">Tambi\u00e9n es posible dejar de aceptar las\u00a0<\/span><strong>cookies<\/strong><span style=\"font-weight: 400;\">\u00a0de un servicio en particular en el panel de configuraci\u00f3n de la propia p\u00e1gina web.<\/span><\/p><ol start=\"5\"><li><strong> \u00bfQu\u00e9 ocurre al deshabilitar las cookies?<\/strong><\/li><\/ol><p><span style=\"font-weight: 400;\">Algunas funcionalidades y servicios pueden quedar deshabilitados o tener un comportamiento diferente al esperado como, por ejemplo, permanecer identificado, mantener las compras en el &#8220;carrito de la compra&#8221; en un servicio de comercio electr\u00f3nico o recibir informaci\u00f3n dirigida a su localizaci\u00f3n, entre otros.<\/span><\/p><p><span style=\"font-weight: 400;\">Si deshabilita el uso de\u00a0cookies\u00a0en un sitio web es probable que deje de poder acceder a ciertas zonas del mismo o que se degrade notablemente la experiencia de navegaci\u00f3n.<\/span><\/p><ol start=\"6\"><li><strong> \u00a0Actualizaci\u00f3n de la Pol\u00edtica de cookies<\/strong><\/li><\/ol><p><strong>Arenas de Puerto del Carmen S.L. <\/strong><span style=\"font-weight: 400;\">puede modificar esta\u00a0<\/span><strong>Pol\u00edtica de cookies<\/strong><span style=\"font-weight: 400;\">\u00a0en funci\u00f3n de exigencias legislativas, reglamentarias, o con la finalidad de adaptar dicha pol\u00edtica a las instrucciones dictadas por la Agencia Espa\u00f1ola de Protecci\u00f3n de Datos, por ello se aconseja a los usuarios que la visiten peri\u00f3dicamente.<\/span><\/p><p><span style=\"font-weight: 400;\">Cuando se produzcan cambios significativos en esta\u00a0<\/span><strong>Pol\u00edtica de cookies<\/strong><span style=\"font-weight: 400;\">, se comunicar\u00e1 a los usuarios bien mediante la web o a trav\u00e9s de correo electr\u00f3nico a los usuarios registrados.<\/span><\/p>\t\t\t\t\t\t\t\t<\/div>\n\t\t\t\t<\/div>\n\t\t\t\t\t<\/div>\n\t\t<\/div>\n\t\t\t\t\t<\/div>\n\t\t<\/section>\n\t\t\t\t<\/div>\n\t\t","protected":false},"excerpt":{"rendered":"<p>\u00a0 Pol\u00edtica de cookies Este sitio web, al igual que la mayor\u00eda de los sitios en Internet, usa\u00a0cookies\u00a0para mejorar y optimizar la experiencia del usuario. A continuaci\u00f3n, encontrar\u00e1 informaci\u00f3n detallada sobre qu\u00e9 son las\u00a0cookies, qu\u00e9 tipo de\u00a0cookies\u00a0utiliza este sitio web, c\u00f3mo puede desactivarlas en su navegador y c\u00f3mo bloquear espec\u00edficamente la instalaci\u00f3n de\u00a0cookies\u00a0de terceros. \u00bfQu\u00e9 [&hellip;]<\/p>\n","protected":false},"author":1,"featured_media":0,"parent":0,"menu_order":0,"comment_status":"closed","ping_status":"closed","template":"","meta":{"_acf_changed":false,"inline_featured_image":false,"footnotes":""},"class_list":["post-3372","page","type-page","status-publish","hentry"],"acf":[],"yoast_head":"<!-- This site is optimized with the Yoast SEO plugin v26.8 - https:\/\/yoast.com\/product\/yoast-seo-wordpress\/ -->\n<title>Pol\u00edtica de cookies - Hotel Pocillos Playa<\/title>\n<meta name=\"robots\" content=\"index, follow, max-snippet:-1, max-image-preview:large, max-video-preview:-1\" \/>\n<link rel=\"canonical\" href=\"https:\/\/hotelpocillosplaya.com\/en\/politica-de-cookies\/\" \/>\n<meta property=\"og:locale\" content=\"en_US\" \/>\n<meta property=\"og:type\" content=\"article\" \/>\n<meta property=\"og:title\" content=\"Pol\u00edtica de cookies - Hotel Pocillos Playa\" \/>\n<meta property=\"og:description\" content=\"\u00a0 Pol\u00edtica de cookies Este sitio web, al igual que la mayor\u00eda de los sitios en Internet, usa\u00a0cookies\u00a0para mejorar y optimizar la experiencia del usuario. A continuaci\u00f3n, encontrar\u00e1 informaci\u00f3n detallada sobre qu\u00e9 son las\u00a0cookies, qu\u00e9 tipo de\u00a0cookies\u00a0utiliza este sitio web, c\u00f3mo puede desactivarlas en su navegador y c\u00f3mo bloquear espec\u00edficamente la instalaci\u00f3n de\u00a0cookies\u00a0de terceros. \u00bfQu\u00e9 [&hellip;]\" \/>\n<meta property=\"og:url\" content=\"https:\/\/hotelpocillosplaya.com\/en\/politica-de-cookies\/\" \/>\n<meta property=\"og:site_name\" content=\"Hotel Pocillos Playa\" \/>\n<meta property=\"article:modified_time\" content=\"2022-07-05T14:25:47+00:00\" \/>\n<meta name=\"twitter:card\" content=\"summary_large_image\" \/>\n<meta name=\"twitter:label1\" content=\"Est. reading time\" \/>\n\t<meta name=\"twitter:data1\" content=\"5 minutes\" \/>\n<script type=\"application\/ld+json\" class=\"yoast-schema-graph\">{\"@context\":\"https:\/\/schema.org\",\"@graph\":[{\"@type\":\"WebPage\",\"@id\":\"https:\/\/hotelpocillosplaya.com\/en\/politica-de-cookies\/\",\"url\":\"https:\/\/hotelpocillosplaya.com\/en\/politica-de-cookies\/\",\"name\":\"Pol\u00edtica de cookies - Hotel Pocillos Playa\",\"isPartOf\":{\"@id\":\"https:\/\/hotelpocillosplaya.com\/#website\"},\"datePublished\":\"2022-07-05T14:23:34+00:00\",\"dateModified\":\"2022-07-05T14:25:47+00:00\",\"breadcrumb\":{\"@id\":\"https:\/\/hotelpocillosplaya.com\/en\/politica-de-cookies\/#breadcrumb\"},\"inLanguage\":\"en-US\",\"potentialAction\":[{\"@type\":\"ReadAction\",\"target\":[\"https:\/\/hotelpocillosplaya.com\/en\/politica-de-cookies\/\"]}]},{\"@type\":\"BreadcrumbList\",\"@id\":\"https:\/\/hotelpocillosplaya.com\/en\/politica-de-cookies\/#breadcrumb\",\"itemListElement\":[{\"@type\":\"ListItem\",\"position\":1,\"name\":\"Portada\",\"item\":\"https:\/\/hotelpocillosplaya.com\/\"},{\"@type\":\"ListItem\",\"position\":2,\"name\":\"Pol\u00edtica de cookies\"}]},{\"@type\":\"WebSite\",\"@id\":\"https:\/\/hotelpocillosplaya.com\/#website\",\"url\":\"https:\/\/hotelpocillosplaya.com\/\",\"name\":\"Hotel Pocillos Playa\",\"description\":\"Hotel Pocillos Playa\",\"publisher\":{\"@id\":\"https:\/\/hotelpocillosplaya.com\/#organization\"},\"potentialAction\":[{\"@type\":\"SearchAction\",\"target\":{\"@type\":\"EntryPoint\",\"urlTemplate\":\"https:\/\/hotelpocillosplaya.com\/?s={search_term_string}\"},\"query-input\":{\"@type\":\"PropertyValueSpecification\",\"valueRequired\":true,\"valueName\":\"search_term_string\"}}],\"inLanguage\":\"en-US\"},{\"@type\":\"Organization\",\"@id\":\"https:\/\/hotelpocillosplaya.com\/#organization\",\"name\":\"Hotel Pocillos Playa\",\"url\":\"https:\/\/hotelpocillosplaya.com\/\",\"logo\":{\"@type\":\"ImageObject\",\"inLanguage\":\"en-US\",\"@id\":\"https:\/\/hotelpocillosplaya.com\/#\/schema\/logo\/image\/\",\"url\":\"https:\/\/hotelpocillosplaya.com\/wp-content\/uploads\/2022\/05\/PPHL-BLANCO-TRANSP-e1652870808740.png\",\"contentUrl\":\"https:\/\/hotelpocillosplaya.com\/wp-content\/uploads\/2022\/05\/PPHL-BLANCO-TRANSP-e1652870808740.png\",\"width\":1368,\"height\":367,\"caption\":\"Hotel Pocillos Playa\"},\"image\":{\"@id\":\"https:\/\/hotelpocillosplaya.com\/#\/schema\/logo\/image\/\"}}]}<\/script>\n<!-- \/ Yoast SEO plugin. -->","yoast_head_json":{"title":"Pol\u00edtica de cookies - Hotel Pocillos Playa","robots":{"index":"index","follow":"follow","max-snippet":"max-snippet:-1","max-image-preview":"max-image-preview:large","max-video-preview":"max-video-preview:-1"},"canonical":"https:\/\/hotelpocillosplaya.com\/en\/politica-de-cookies\/","og_locale":"en_US","og_type":"article","og_title":"Pol\u00edtica de cookies - Hotel Pocillos Playa","og_description":"\u00a0 Pol\u00edtica de cookies Este sitio web, al igual que la mayor\u00eda de los sitios en Internet, usa\u00a0cookies\u00a0para mejorar y optimizar la experiencia del usuario. A continuaci\u00f3n, encontrar\u00e1 informaci\u00f3n detallada sobre qu\u00e9 son las\u00a0cookies, qu\u00e9 tipo de\u00a0cookies\u00a0utiliza este sitio web, c\u00f3mo puede desactivarlas en su navegador y c\u00f3mo bloquear espec\u00edficamente la instalaci\u00f3n de\u00a0cookies\u00a0de terceros. \u00bfQu\u00e9 [&hellip;]","og_url":"https:\/\/hotelpocillosplaya.com\/en\/politica-de-cookies\/","og_site_name":"Hotel Pocillos Playa","article_modified_time":"2022-07-05T14:25:47+00:00","twitter_card":"summary_large_image","twitter_misc":{"Est. reading time":"5 minutes"},"schema":{"@context":"https:\/\/schema.org","@graph":[{"@type":"WebPage","@id":"https:\/\/hotelpocillosplaya.com\/en\/politica-de-cookies\/","url":"https:\/\/hotelpocillosplaya.com\/en\/politica-de-cookies\/","name":"Pol\u00edtica de cookies - Hotel Pocillos Playa","isPartOf":{"@id":"https:\/\/hotelpocillosplaya.com\/#website"},"datePublished":"2022-07-05T14:23:34+00:00","dateModified":"2022-07-05T14:25:47+00:00","breadcrumb":{"@id":"https:\/\/hotelpocillosplaya.com\/en\/politica-de-cookies\/#breadcrumb"},"inLanguage":"en-US","potentialAction":[{"@type":"ReadAction","target":["https:\/\/hotelpocillosplaya.com\/en\/politica-de-cookies\/"]}]},{"@type":"BreadcrumbList","@id":"https:\/\/hotelpocillosplaya.com\/en\/politica-de-cookies\/#breadcrumb","itemListElement":[{"@type":"ListItem","position":1,"name":"Portada","item":"https:\/\/hotelpocillosplaya.com\/"},{"@type":"ListItem","position":2,"name":"Pol\u00edtica de cookies"}]},{"@type":"WebSite","@id":"https:\/\/hotelpocillosplaya.com\/#website","url":"https:\/\/hotelpocillosplaya.com\/","name":"Hotel Pocillos Playa","description":"Hotel Pocillos Playa","publisher":{"@id":"https:\/\/hotelpocillosplaya.com\/#organization"},"potentialAction":[{"@type":"SearchAction","target":{"@type":"EntryPoint","urlTemplate":"https:\/\/hotelpocillosplaya.com\/?s={search_term_string}"},"query-input":{"@type":"PropertyValueSpecification","valueRequired":true,"valueName":"search_term_string"}}],"inLanguage":"en-US"},{"@type":"Organization","@id":"https:\/\/hotelpocillosplaya.com\/#organization","name":"Hotel Pocillos Playa","url":"https:\/\/hotelpocillosplaya.com\/","logo":{"@type":"ImageObject","inLanguage":"en-US","@id":"https:\/\/hotelpocillosplaya.com\/#\/schema\/logo\/image\/","url":"https:\/\/hotelpocillosplaya.com\/wp-content\/uploads\/2022\/05\/PPHL-BLANCO-TRANSP-e1652870808740.png","contentUrl":"https:\/\/hotelpocillosplaya.com\/wp-content\/uploads\/2022\/05\/PPHL-BLANCO-TRANSP-e1652870808740.png","width":1368,"height":367,"caption":"Hotel Pocillos Playa"},"image":{"@id":"https:\/\/hotelpocillosplaya.com\/#\/schema\/logo\/image\/"}}]}},"_links":{"self":[{"href":"https:\/\/hotelpocillosplaya.com\/en\/wp-json\/wp\/v2\/pages\/3372","targetHints":{"allow":["GET"]}}],"collection":[{"href":"https:\/\/hotelpocillosplaya.com\/en\/wp-json\/wp\/v2\/pages"}],"about":[{"href":"https:\/\/hotelpocillosplaya.com\/en\/wp-json\/wp\/v2\/types\/page"}],"author":[{"embeddable":true,"href":"https:\/\/hotelpocillosplaya.com\/en\/wp-json\/wp\/v2\/users\/1"}],"replies":[{"embeddable":true,"href":"https:\/\/hotelpocillosplaya.com\/en\/wp-json\/wp\/v2\/comments?post=3372"}],"version-history":[{"count":4,"href":"https:\/\/hotelpocillosplaya.com\/en\/wp-json\/wp\/v2\/pages\/3372\/revisions"}],"predecessor-version":[{"id":3377,"href":"https:\/\/hotelpocillosplaya.com\/en\/wp-json\/wp\/v2\/pages\/3372\/revisions\/3377"}],"wp:attachment":[{"href":"https:\/\/hotelpocillosplaya.com\/en\/wp-json\/wp\/v2\/media?parent=3372"}],"curies":[{"name":"wp","href":"https:\/\/api.w.org\/{rel}","templated":true}]}}