{"id":4994,"date":"2022-07-20T09:34:23","date_gmt":"2022-07-20T09:34:23","guid":{"rendered":"https:\/\/hotelpocillosplaya.com\/transparenz-portal\/"},"modified":"2025-11-13T07:26:02","modified_gmt":"2025-11-13T07:26:02","slug":"transparenz-portal","status":"publish","type":"page","link":"https:\/\/hotelpocillosplaya.com\/de\/transparenz-portal\/","title":{"rendered":"Transparenz-Portal"},"content":{"rendered":"\n<p>Unternehmenstransparenz ist Teil der Corporate Social Responsibility (CSR)-Strategie unseres Unternehmens. Es handelt sich um einen freiwilligen Akt, mit dem wir zu einer informierten Gesellschaft beitragen und Vertrauen in die Umwelt schaffen wollen, indem wir Rechenschaft \u00fcber unsere Beziehungen zur \u00f6ffentlichen Verwaltung ablegen.<\/p>\n\n\n\n<p>Der Betrieb des Pocillos Playa Hotel by Arenas de Puerto del Carmen S.L. beginnt im Jahr 2018 nach der Renovierung des ehemaligen Apartmentkomplexes. Es entsteht ein 4-Sterne-Hotel mit 76 voll ausgestatteten Zimmern und All-Inclusive-Leistungen, um einen unvergesslichen Urlaub auf Lanzarote zu bieten. <\/p>\n\n\n\n<p>Arenas de Puerto del Carmen S.L. ist bestrebt, ein Unternehmen mit guten Ergebnissen zu sein, das ausgezeichnete Beziehungen zu seinen Lieferanten unterh\u00e4lt und seinen Kunden die besten Dienstleistungen und L\u00f6sungen anbietet. So tragen wir zu einem positiven Kreislauf bei, der die Schaffung von Arbeitspl\u00e4tzen, den Beitrag zur \u00f6ffentlichen Verwaltung zum Nutzen der B\u00fcrger und das Wachstum aller Unternehmen, Organisationen und Kunden, die auf unsere Professionalit\u00e4t vertrauen, beinhaltet.  <\/p>\n\n\n\n<p>Dies wollen wir erreichen, indem wir ein nachhaltiges und sozial verantwortungsbewusstes Unternehmen sind, das den Menschen in den Mittelpunkt stellt, ihm die notwendigen Instrumente und die Sicherheit bietet, um seine Verantwortung wahrzunehmen, und eine Kultur f\u00f6rdert, in der wir versuchen, durch Wachstum zu wachsen. <\/p>\n\n\n\n<p><a href=\"https:\/\/hotelpocillosplaya.canariastransparente.org\">https:\/\/hotelpocillosplaya.canariastransparente.org<\/a><\/p>\n\n\n\n<div style=\"height:274px\" aria-hidden=\"true\" class=\"wp-block-spacer\"><\/div>\n","protected":false},"excerpt":{"rendered":"<p>Unternehmenstransparenz ist Teil der Corporate Social Responsibility (CSR)-Strategie unseres Unternehmens. Es handelt sich um einen freiwilligen Akt, mit dem wir zu einer informierten Gesellschaft beitragen und Vertrauen in die Umwelt schaffen wollen, indem wir Rechenschaft \u00fcber unsere Beziehungen zur \u00f6ffentlichen Verwaltung ablegen. Der Betrieb des Pocillos Playa Hotel by Arenas de Puerto del Carmen S.L. [&hellip;]<\/p>\n","protected":false},"author":1,"featured_media":0,"parent":0,"menu_order":0,"comment_status":"closed","ping_status":"closed","template":"","meta":{"_acf_changed":false,"inline_featured_image":false,"footnotes":""},"class_list":["post-4994","page","type-page","status-publish","hentry"],"acf":[],"yoast_head":"<!-- This site is optimized with the Yoast SEO plugin v26.8 - https:\/\/yoast.com\/product\/yoast-seo-wordpress\/ -->\n<title>Transparenz-Portal - Hotel Pocillos Playa<\/title>\n<meta name=\"robots\" content=\"index, follow, max-snippet:-1, max-image-preview:large, max-video-preview:-1\" \/>\n<link rel=\"canonical\" href=\"https:\/\/hotelpocillosplaya.com\/de\/transparenz-portal\/\" \/>\n<meta property=\"og:locale\" content=\"de_DE\" \/>\n<meta property=\"og:type\" content=\"article\" \/>\n<meta property=\"og:title\" content=\"Transparenz-Portal - Hotel Pocillos Playa\" \/>\n<meta property=\"og:description\" content=\"Unternehmenstransparenz ist Teil der Corporate Social Responsibility (CSR)-Strategie unseres Unternehmens. Es handelt sich um einen freiwilligen Akt, mit dem wir zu einer informierten Gesellschaft beitragen und Vertrauen in die Umwelt schaffen wollen, indem wir Rechenschaft \u00fcber unsere Beziehungen zur \u00f6ffentlichen Verwaltung ablegen. Der Betrieb des Pocillos Playa Hotel by Arenas de Puerto del Carmen S.L. [&hellip;]\" \/>\n<meta property=\"og:url\" content=\"https:\/\/hotelpocillosplaya.com\/de\/transparenz-portal\/\" \/>\n<meta property=\"og:site_name\" content=\"Hotel Pocillos Playa\" \/>\n<meta property=\"article:modified_time\" content=\"2025-11-13T07:26:02+00:00\" \/>\n<meta name=\"twitter:card\" content=\"summary_large_image\" \/>\n<meta name=\"twitter:label1\" content=\"Gesch\u00e4tzte Lesezeit\" \/>\n\t<meta name=\"twitter:data1\" content=\"1\u00a0Minute\" \/>\n<script type=\"application\/ld+json\" class=\"yoast-schema-graph\">{\"@context\":\"https:\/\/schema.org\",\"@graph\":[{\"@type\":\"WebPage\",\"@id\":\"https:\/\/hotelpocillosplaya.com\/de\/transparenz-portal\/\",\"url\":\"https:\/\/hotelpocillosplaya.com\/de\/transparenz-portal\/\",\"name\":\"Transparenz-Portal - Hotel Pocillos Playa\",\"isPartOf\":{\"@id\":\"https:\/\/hotelpocillosplaya.com\/#website\"},\"datePublished\":\"2022-07-20T09:34:23+00:00\",\"dateModified\":\"2025-11-13T07:26:02+00:00\",\"breadcrumb\":{\"@id\":\"https:\/\/hotelpocillosplaya.com\/de\/transparenz-portal\/#breadcrumb\"},\"inLanguage\":\"de\",\"potentialAction\":[{\"@type\":\"ReadAction\",\"target\":[\"https:\/\/hotelpocillosplaya.com\/de\/transparenz-portal\/\"]}]},{\"@type\":\"BreadcrumbList\",\"@id\":\"https:\/\/hotelpocillosplaya.com\/de\/transparenz-portal\/#breadcrumb\",\"itemListElement\":[{\"@type\":\"ListItem\",\"position\":1,\"name\":\"Portada\",\"item\":\"https:\/\/hotelpocillosplaya.com\/\"},{\"@type\":\"ListItem\",\"position\":2,\"name\":\"Transparenz-Portal\"}]},{\"@type\":\"WebSite\",\"@id\":\"https:\/\/hotelpocillosplaya.com\/#website\",\"url\":\"https:\/\/hotelpocillosplaya.com\/\",\"name\":\"Hotel Pocillos Playa\",\"description\":\"Hotel Pocillos Playa\",\"publisher\":{\"@id\":\"https:\/\/hotelpocillosplaya.com\/#organization\"},\"potentialAction\":[{\"@type\":\"SearchAction\",\"target\":{\"@type\":\"EntryPoint\",\"urlTemplate\":\"https:\/\/hotelpocillosplaya.com\/?s={search_term_string}\"},\"query-input\":{\"@type\":\"PropertyValueSpecification\",\"valueRequired\":true,\"valueName\":\"search_term_string\"}}],\"inLanguage\":\"de\"},{\"@type\":\"Organization\",\"@id\":\"https:\/\/hotelpocillosplaya.com\/#organization\",\"name\":\"Hotel Pocillos Playa\",\"url\":\"https:\/\/hotelpocillosplaya.com\/\",\"logo\":{\"@type\":\"ImageObject\",\"inLanguage\":\"de\",\"@id\":\"https:\/\/hotelpocillosplaya.com\/#\/schema\/logo\/image\/\",\"url\":\"https:\/\/hotelpocillosplaya.com\/wp-content\/uploads\/2022\/05\/PPHL-BLANCO-TRANSP-e1652870808740.png\",\"contentUrl\":\"https:\/\/hotelpocillosplaya.com\/wp-content\/uploads\/2022\/05\/PPHL-BLANCO-TRANSP-e1652870808740.png\",\"width\":1368,\"height\":367,\"caption\":\"Hotel Pocillos Playa\"},\"image\":{\"@id\":\"https:\/\/hotelpocillosplaya.com\/#\/schema\/logo\/image\/\"}}]}<\/script>\n<!-- \/ Yoast SEO plugin. -->","yoast_head_json":{"title":"Transparenz-Portal - Hotel Pocillos Playa","robots":{"index":"index","follow":"follow","max-snippet":"max-snippet:-1","max-image-preview":"max-image-preview:large","max-video-preview":"max-video-preview:-1"},"canonical":"https:\/\/hotelpocillosplaya.com\/de\/transparenz-portal\/","og_locale":"de_DE","og_type":"article","og_title":"Transparenz-Portal - Hotel Pocillos Playa","og_description":"Unternehmenstransparenz ist Teil der Corporate Social Responsibility (CSR)-Strategie unseres Unternehmens. Es handelt sich um einen freiwilligen Akt, mit dem wir zu einer informierten Gesellschaft beitragen und Vertrauen in die Umwelt schaffen wollen, indem wir Rechenschaft \u00fcber unsere Beziehungen zur \u00f6ffentlichen Verwaltung ablegen. Der Betrieb des Pocillos Playa Hotel by Arenas de Puerto del Carmen S.L. [&hellip;]","og_url":"https:\/\/hotelpocillosplaya.com\/de\/transparenz-portal\/","og_site_name":"Hotel Pocillos Playa","article_modified_time":"2025-11-13T07:26:02+00:00","twitter_card":"summary_large_image","twitter_misc":{"Gesch\u00e4tzte Lesezeit":"1\u00a0Minute"},"schema":{"@context":"https:\/\/schema.org","@graph":[{"@type":"WebPage","@id":"https:\/\/hotelpocillosplaya.com\/de\/transparenz-portal\/","url":"https:\/\/hotelpocillosplaya.com\/de\/transparenz-portal\/","name":"Transparenz-Portal - Hotel Pocillos Playa","isPartOf":{"@id":"https:\/\/hotelpocillosplaya.com\/#website"},"datePublished":"2022-07-20T09:34:23+00:00","dateModified":"2025-11-13T07:26:02+00:00","breadcrumb":{"@id":"https:\/\/hotelpocillosplaya.com\/de\/transparenz-portal\/#breadcrumb"},"inLanguage":"de","potentialAction":[{"@type":"ReadAction","target":["https:\/\/hotelpocillosplaya.com\/de\/transparenz-portal\/"]}]},{"@type":"BreadcrumbList","@id":"https:\/\/hotelpocillosplaya.com\/de\/transparenz-portal\/#breadcrumb","itemListElement":[{"@type":"ListItem","position":1,"name":"Portada","item":"https:\/\/hotelpocillosplaya.com\/"},{"@type":"ListItem","position":2,"name":"Transparenz-Portal"}]},{"@type":"WebSite","@id":"https:\/\/hotelpocillosplaya.com\/#website","url":"https:\/\/hotelpocillosplaya.com\/","name":"Hotel Pocillos Playa","description":"Hotel Pocillos Playa","publisher":{"@id":"https:\/\/hotelpocillosplaya.com\/#organization"},"potentialAction":[{"@type":"SearchAction","target":{"@type":"EntryPoint","urlTemplate":"https:\/\/hotelpocillosplaya.com\/?s={search_term_string}"},"query-input":{"@type":"PropertyValueSpecification","valueRequired":true,"valueName":"search_term_string"}}],"inLanguage":"de"},{"@type":"Organization","@id":"https:\/\/hotelpocillosplaya.com\/#organization","name":"Hotel Pocillos Playa","url":"https:\/\/hotelpocillosplaya.com\/","logo":{"@type":"ImageObject","inLanguage":"de","@id":"https:\/\/hotelpocillosplaya.com\/#\/schema\/logo\/image\/","url":"https:\/\/hotelpocillosplaya.com\/wp-content\/uploads\/2022\/05\/PPHL-BLANCO-TRANSP-e1652870808740.png","contentUrl":"https:\/\/hotelpocillosplaya.com\/wp-content\/uploads\/2022\/05\/PPHL-BLANCO-TRANSP-e1652870808740.png","width":1368,"height":367,"caption":"Hotel Pocillos Playa"},"image":{"@id":"https:\/\/hotelpocillosplaya.com\/#\/schema\/logo\/image\/"}}]}},"_links":{"self":[{"href":"https:\/\/hotelpocillosplaya.com\/de\/wp-json\/wp\/v2\/pages\/4994","targetHints":{"allow":["GET"]}}],"collection":[{"href":"https:\/\/hotelpocillosplaya.com\/de\/wp-json\/wp\/v2\/pages"}],"about":[{"href":"https:\/\/hotelpocillosplaya.com\/de\/wp-json\/wp\/v2\/types\/page"}],"author":[{"embeddable":true,"href":"https:\/\/hotelpocillosplaya.com\/de\/wp-json\/wp\/v2\/users\/1"}],"replies":[{"embeddable":true,"href":"https:\/\/hotelpocillosplaya.com\/de\/wp-json\/wp\/v2\/comments?post=4994"}],"version-history":[{"count":6,"href":"https:\/\/hotelpocillosplaya.com\/de\/wp-json\/wp\/v2\/pages\/4994\/revisions"}],"predecessor-version":[{"id":6120,"href":"https:\/\/hotelpocillosplaya.com\/de\/wp-json\/wp\/v2\/pages\/4994\/revisions\/6120"}],"wp:attachment":[{"href":"https:\/\/hotelpocillosplaya.com\/de\/wp-json\/wp\/v2\/media?parent=4994"}],"curies":[{"name":"wp","href":"https:\/\/api.w.org\/{rel}","templated":true}]}}