{"id":4831,"date":"2023-04-28T08:53:43","date_gmt":"2023-04-28T08:53:43","guid":{"rendered":"https:\/\/hotelpocillosplaya.com\/lanzarote-und-seine-weine\/"},"modified":"2024-01-04T11:56:17","modified_gmt":"2024-01-04T11:56:17","slug":"lanzarote-und-seine-weine","status":"publish","type":"page","link":"https:\/\/hotelpocillosplaya.com\/de\/lanzarote-und-seine-weine\/","title":{"rendered":"Lanzarote und seine weine"},"content":{"rendered":"\t\t<div data-elementor-type=\"wp-page\" data-elementor-id=\"4831\" class=\"elementor elementor-4831 elementor-4756\" data-elementor-post-type=\"page\">\n\t\t\t\t\t\t<section class=\"elementor-section elementor-top-section elementor-element elementor-element-62a80754 elementor-section-height-min-height elementor-section-boxed elementor-section-height-default elementor-section-items-middle\" data-id=\"62a80754\" data-element_type=\"section\" data-settings=\"{&quot;background_background&quot;:&quot;classic&quot;}\">\n\t\t\t\t\t\t\t<div class=\"elementor-background-overlay\"><\/div>\n\t\t\t\t\t\t\t<div class=\"elementor-container elementor-column-gap-default\">\n\t\t\t\t\t<div class=\"elementor-column elementor-col-100 elementor-top-column elementor-element elementor-element-196b823c\" data-id=\"196b823c\" data-element_type=\"column\" data-settings=\"{&quot;background_background&quot;:&quot;classic&quot;}\">\n\t\t\t<div class=\"elementor-widget-wrap elementor-element-populated\">\n\t\t\t\t\t\t<div class=\"elementor-element elementor-element-6a69fdea elementor-widget elementor-widget-heading\" data-id=\"6a69fdea\" data-element_type=\"widget\" data-widget_type=\"heading.default\">\n\t\t\t\t<div class=\"elementor-widget-container\">\n\t\t\t\t\t<h2 class=\"elementor-heading-title elementor-size-default\">AUSFL\u00dcGE<\/h2>\t\t\t\t<\/div>\n\t\t\t\t<\/div>\n\t\t\t\t<div class=\"elementor-element elementor-element-65a79d75 elementor-widget elementor-widget-heading\" data-id=\"65a79d75\" data-element_type=\"widget\" data-widget_type=\"heading.default\">\n\t\t\t\t<div class=\"elementor-widget-container\">\n\t\t\t\t\t<h1 class=\"elementor-heading-title elementor-size-default\">Lanzarote und seine weine<\/h1>\t\t\t\t<\/div>\n\t\t\t\t<\/div>\n\t\t\t\t\t<\/div>\n\t\t<\/div>\n\t\t\t\t\t<\/div>\n\t\t<\/section>\n\t\t\t\t<section class=\"elementor-section elementor-top-section elementor-element elementor-element-5c6bb144 elementor-section-boxed elementor-section-height-default elementor-section-height-default\" data-id=\"5c6bb144\" data-element_type=\"section\">\n\t\t\t\t\t\t<div class=\"elementor-container elementor-column-gap-default\">\n\t\t\t\t\t<div class=\"elementor-column elementor-col-50 elementor-top-column elementor-element elementor-element-79dc91c9\" data-id=\"79dc91c9\" data-element_type=\"column\">\n\t\t\t<div class=\"elementor-widget-wrap elementor-element-populated\">\n\t\t\t\t\t\t<div class=\"elementor-element elementor-element-26d4fbb3 elementor-widget elementor-widget-text-editor\" data-id=\"26d4fbb3\" data-element_type=\"widget\" data-widget_type=\"text-editor.default\">\n\t\t\t\t<div class=\"elementor-widget-container\">\n\t\t\t\t\t\t\t\t\t<p class=\"experiencia-intro\"><strong>Besuche von Weinkellereien und handwerklichen Brauereien mit gef\u00fchrten Verkostungen.<\/strong><\/p>\n<p>Die Einzigartigkeit des Weinanbaus auf Lanzarote ist durch die Eigenschaften des Bodens bedingt, die zu zwei Anbauformen gef\u00fchrt haben:<\/p>\n<p>Das System der L\u00f6cher: Es ist besonders in La Geria zu sehen und f\u00fchrt zu einer Landschaft von gro\u00dfer Sch\u00f6nheit.<\/p>\n<p>Das Grabensystem: Hier sind die Steinmauern geradlinig, so dass die Bepflanzungsdichte h\u00f6her ist.<\/p>\n<p>Bei einem dieser Besuche k\u00f6nnen Sie die exklusivsten und ber\u00fchmtesten Produkte von Lanzarote, die Weine, genie\u00dfen. F\u00fcr Bierliebhaber bieten wir auch die M\u00f6glichkeit, eine Handwerksbrauerei (Cervezas NAO) zu besuchen. <\/p>\n<p>Gastronomische und kulturelle Erlebnisse mit vom WSET (Wine &amp; Spirit Education Trust) zertifizierten Fachleuten.<\/p>\n<p>\u2022 Wein- und Weinbergwanderung. Inklusive gef\u00fchrter Verkostung von 6 Weinen (2 Weine in jedem Weinberg). <\/p>\n<p>\u2022 Weinbergwanderung &amp; Tapas. Inklusive gef\u00fchrter Verkostung von 6 Weinen (2 Weine in jedem Weinberg) + TAPAS und Verkostung von 1 zus\u00e4tzlichen Wein. <\/p>\n<p>\u2022 Lanzarote Craft Beer &amp; Wein Tour. Besichtigung der Bodega El Grifo und Cerveza NAO. Gef\u00fchrte Verkostung von 3 Weinen mit Lanzarote K\u00e4setapas und gef\u00fchrte Verkostung von 3 Bieren mit K\u00e4setapas.  <\/p>\n\t\t\t\t\t\t\t\t<\/div>\n\t\t\t\t<\/div>\n\t\t\t\t\t<\/div>\n\t\t<\/div>\n\t\t\t\t<div class=\"elementor-column elementor-col-50 elementor-top-column elementor-element elementor-element-7771c322\" data-id=\"7771c322\" data-element_type=\"column\" data-settings=\"{&quot;background_background&quot;:&quot;classic&quot;}\">\n\t\t\t<div class=\"elementor-widget-wrap elementor-element-populated\">\n\t\t\t\t\t\t<div class=\"elementor-element elementor-element-61fd1bbc elementor-widget elementor-widget-heading\" data-id=\"61fd1bbc\" data-element_type=\"widget\" data-widget_type=\"heading.default\">\n\t\t\t\t<div class=\"elementor-widget-container\">\n\t\t\t\t\t<h2 class=\"elementor-heading-title elementor-size-default\">AUSFL\u00dcGE<\/h2>\t\t\t\t<\/div>\n\t\t\t\t<\/div>\n\t\t\t\t<div class=\"elementor-element elementor-element-15db99d4 elementor-widget elementor-widget-heading\" data-id=\"15db99d4\" data-element_type=\"widget\" data-widget_type=\"heading.default\">\n\t\t\t\t<div class=\"elementor-widget-container\">\n\t\t\t\t\t<h2 class=\"elementor-heading-title elementor-size-default\">Lanzarote und seine weine<\/h2>\t\t\t\t<\/div>\n\t\t\t\t<\/div>\n\t\t\t\t<div class=\"elementor-element elementor-element-5c2628b2 elementor-widget elementor-widget-heading\" data-id=\"5c2628b2\" data-element_type=\"widget\" data-widget_type=\"heading.default\">\n\t\t\t\t<div class=\"elementor-widget-container\">\n\t\t\t\t\t<h5 class=\"elementor-heading-title elementor-size-default\">Einzelheiten:<\/h5>\t\t\t\t<\/div>\n\t\t\t\t<\/div>\n\t\t\t\t<div class=\"elementor-element elementor-element-2e23ab80 elementor-widget elementor-widget-text-editor\" data-id=\"2e23ab80\" data-element_type=\"widget\" data-widget_type=\"text-editor.default\">\n\t\t\t\t<div class=\"elementor-widget-container\">\n\t\t\t\t\t\t\t\t\t<p>&#8211; Kleine Gruppen.<\/p>\n<p>&#8211; Transfer inklusive.<\/p>\n<p>&#8211; Sprachen: nur auf Englisch verf\u00fcgbar.<\/p>\n<p>&#8211; Erlebnisse nach Verf\u00fcgbarkeit und auf Anfrage.<\/p>\n<p>&#8211; Die Preise k\u00f6nnen sich je nach Saison \u00e4ndern.<\/p>\n<p>&#8211; Stornierungsbedingungen: 72 Stunden vorher.<\/p>\n\t\t\t\t\t\t\t\t<\/div>\n\t\t\t\t<\/div>\n\t\t\t\t\t<\/div>\n\t\t<\/div>\n\t\t\t\t\t<\/div>\n\t\t<\/section>\n\t\t\t\t<section class=\"elementor-section elementor-top-section elementor-element elementor-element-6c91d75 elementor-section-full_width elementor-section-height-default elementor-section-height-default\" data-id=\"6c91d75\" data-element_type=\"section\">\n\t\t\t\t\t\t<div class=\"elementor-container elementor-column-gap-default\">\n\t\t\t\t\t<div class=\"elementor-column elementor-col-100 elementor-top-column elementor-element elementor-element-74dacc6\" data-id=\"74dacc6\" data-element_type=\"column\">\n\t\t\t<div class=\"elementor-widget-wrap elementor-element-populated\">\n\t\t\t\t\t\t<div class=\"elementor-element elementor-element-abddb96 elementor-widget elementor-widget-shortcode\" data-id=\"abddb96\" data-element_type=\"widget\" data-widget_type=\"shortcode.default\">\n\t\t\t\t<div class=\"elementor-widget-container\">\n\t\t\t\t\t\t\t<div class=\"elementor-shortcode\">\r\n\t<script>\r\n\t\tdocument.addEventListener('DOMContentLoaded', function () {\r\n\r\n\t\tvar filteredImages = document.querySelectorAll('.e-gallery-item');\r\n\r\n\t\t\/\/Edit the links HERE\r\n\t\tvar links = [\r\n\t\t'https:\/\/hotelpocillosplaya.com\/de\/bike-tour\/',\r\n\t\t'https:\/\/hotelpocillosplaya.com\/de\/lanzarote-en-buggy\/',\r\n\t\t'https:\/\/hotelpocillosplaya.com\/de\/papagayo-catamaran\/',\r\n\t\t'https:\/\/hotelpocillosplaya.com\/de\/lanzarote-cultural\/',\r\n\t\t'https:\/\/hotelpocillosplaya.com\/de\/lanzarote-caminos\/',\r\n\t\t'https:\/\/hotelpocillosplaya.com\/de\/lanzarote-vinos\/'\r\n\t\t];\r\n\r\n\t\tvar _loope = function _loope(i) {\r\n\t\t\tif (links[i].length > 4) {\r\n\t\t\tfilteredImages[i].style.cursor = \"pointer\";\r\n\t\tfilteredImages[i].addEventListener('click', function () {\r\n\t\tlocation = links[i];\r\n\t\t});\r\n\t\t}\r\n\t\t};\r\n\r\n\t\tfor (var i = 0; i < filteredImages.length; i++) {\r\n\t\t_loope(i);\r\n\t\t}\r\n\r\n\t\t});\r\n\r\n\t\t<\/script><\/div>\n\t\t\t\t\t\t<\/div>\n\t\t\t\t<\/div>\n\t\t\t\t<div class=\"elementor-element elementor-element-f8fe4e4 elementor-widget elementor-widget-gallery\" data-id=\"f8fe4e4\" data-element_type=\"widget\" data-settings=\"{&quot;columns&quot;:6,&quot;gap&quot;:{&quot;unit&quot;:&quot;px&quot;,&quot;size&quot;:0,&quot;sizes&quot;:[]},&quot;aspect_ratio&quot;:&quot;1:1&quot;,&quot;overlay_title&quot;:&quot;title&quot;,&quot;overlay_description&quot;:&quot;alt&quot;,&quot;content_hover_animation&quot;:&quot;grow&quot;,&quot;lazyload&quot;:&quot;yes&quot;,&quot;gallery_layout&quot;:&quot;grid&quot;,&quot;columns_tablet&quot;:2,&quot;columns_mobile&quot;:1,&quot;gap_tablet&quot;:{&quot;unit&quot;:&quot;px&quot;,&quot;size&quot;:10,&quot;sizes&quot;:[]},&quot;gap_mobile&quot;:{&quot;unit&quot;:&quot;px&quot;,&quot;size&quot;:10,&quot;sizes&quot;:[]},&quot;overlay_background&quot;:&quot;yes&quot;}\" data-widget_type=\"gallery.default\">\n\t\t\t\t<div class=\"elementor-widget-container\">\n\t\t\t\t\t\t\t<div class=\"elementor-gallery__container\">\n\t\t\t\t\t\t\t<div class=\"e-gallery-item elementor-gallery-item elementor-animated-content\" tabindex=\"0\">\n\t\t\t\t\t<div class=\"e-gallery-image elementor-gallery-item__image\" data-thumbnail=\"https:\/\/hotelpocillosplaya.com\/wp-content\/uploads\/2023\/04\/img-experiencia-bike-experience-768x768.jpg\" data-width=\"768\" data-height=\"768\" aria-label=\"+ INFOS\" role=\"img\" ><\/div>\n\t\t\t\t\t\t\t\t\t\t\t<div class=\"elementor-gallery-item__overlay\"><\/div>\n\t\t\t\t\t\t\t\t\t\t\t\t\t\t\t<div class=\"elementor-gallery-item__content\">\n\t\t\t\t\t\t\t\t\t\t\t\t\t\t<div class=\"elementor-gallery-item__title\">\n\t\t\t\t\t\t\t\t\t\t\t\t\t\t\t\t\t\tE-Bike Tour durch La Geria\t\t\t\t\t\t\t\t<\/div>\n\t\t\t\t\t\t\t\t\t\t\t\t\t\t\t<div class=\"elementor-gallery-item__description\">\n\t\t\t\t\t\t\t\t\t\t\t\t\t\t\t\t\t\t+ INFOS\t\t\t\t\t\t\t\t<\/div>\n\t\t\t\t\t\t\t\t\t\t\t\t<\/div>\n\t\t\t\t\t\t\t\t\t<\/div>\n\t\t\t\t\t\t\t<div class=\"e-gallery-item elementor-gallery-item elementor-animated-content\" tabindex=\"0\">\n\t\t\t\t\t<div class=\"e-gallery-image elementor-gallery-item__image\" data-thumbnail=\"https:\/\/hotelpocillosplaya.com\/wp-content\/uploads\/2023\/04\/img-experiencia-buggy-de-campo-768x768.jpg\" data-width=\"768\" data-height=\"768\" aria-label=\"+ INFOS\" role=\"img\" ><\/div>\n\t\t\t\t\t\t\t\t\t\t\t<div class=\"elementor-gallery-item__overlay\"><\/div>\n\t\t\t\t\t\t\t\t\t\t\t\t\t\t\t<div class=\"elementor-gallery-item__content\">\n\t\t\t\t\t\t\t\t\t\t\t\t\t\t<div class=\"elementor-gallery-item__title\">\n\t\t\t\t\t\t\t\t\t\t\t\t\t\t\t\t\t\tEINZIGARTIGE LANZAROTE MIT DEM BUGGY\t\t\t\t\t\t\t\t<\/div>\n\t\t\t\t\t\t\t\t\t\t\t\t\t\t\t<div class=\"elementor-gallery-item__description\">\n\t\t\t\t\t\t\t\t\t\t\t\t\t\t\t\t\t\t+ INFOS\t\t\t\t\t\t\t\t<\/div>\n\t\t\t\t\t\t\t\t\t\t\t\t<\/div>\n\t\t\t\t\t\t\t\t\t<\/div>\n\t\t\t\t\t\t\t<div class=\"e-gallery-item elementor-gallery-item elementor-animated-content\" tabindex=\"0\">\n\t\t\t\t\t<div class=\"e-gallery-image elementor-gallery-item__image\" data-thumbnail=\"https:\/\/hotelpocillosplaya.com\/wp-content\/uploads\/2023\/04\/img-experiencia-catamaran-768x768.jpg\" data-width=\"768\" data-height=\"768\" aria-label=\"+ INFOS\" role=\"img\" ><\/div>\n\t\t\t\t\t\t\t\t\t\t\t<div class=\"elementor-gallery-item__overlay\"><\/div>\n\t\t\t\t\t\t\t\t\t\t\t\t\t\t\t<div class=\"elementor-gallery-item__content\">\n\t\t\t\t\t\t\t\t\t\t\t\t\t\t<div class=\"elementor-gallery-item__title\">\n\t\t\t\t\t\t\t\t\t\t\t\t\t\t\t\t\t\tPapagayo Katamaran tour\t\t\t\t\t\t\t\t<\/div>\n\t\t\t\t\t\t\t\t\t\t\t\t\t\t\t<div class=\"elementor-gallery-item__description\">\n\t\t\t\t\t\t\t\t\t\t\t\t\t\t\t\t\t\t+ INFOS\t\t\t\t\t\t\t\t<\/div>\n\t\t\t\t\t\t\t\t\t\t\t\t<\/div>\n\t\t\t\t\t\t\t\t\t<\/div>\n\t\t\t\t\t\t\t<div class=\"e-gallery-item elementor-gallery-item elementor-animated-content\" tabindex=\"0\">\n\t\t\t\t\t<div class=\"e-gallery-image elementor-gallery-item__image\" data-thumbnail=\"https:\/\/hotelpocillosplaya.com\/wp-content\/uploads\/2023\/04\/img-experiencia-lanzarote-cultural-768x768.jpg\" data-width=\"768\" data-height=\"768\" aria-label=\"+ INFOS\" role=\"img\" ><\/div>\n\t\t\t\t\t\t\t\t\t\t\t<div class=\"elementor-gallery-item__overlay\"><\/div>\n\t\t\t\t\t\t\t\t\t\t\t\t\t\t\t<div class=\"elementor-gallery-item__content\">\n\t\t\t\t\t\t\t\t\t\t\t\t\t\t<div class=\"elementor-gallery-item__title\">\n\t\t\t\t\t\t\t\t\t\t\t\t\t\t\t\t\t\tKultur Lanzarote mit dem Bus\t\t\t\t\t\t\t\t<\/div>\n\t\t\t\t\t\t\t\t\t\t\t\t\t\t\t<div class=\"elementor-gallery-item__description\">\n\t\t\t\t\t\t\t\t\t\t\t\t\t\t\t\t\t\t+ INFOS\t\t\t\t\t\t\t\t<\/div>\n\t\t\t\t\t\t\t\t\t\t\t\t<\/div>\n\t\t\t\t\t\t\t\t\t<\/div>\n\t\t\t\t\t\t\t<div class=\"e-gallery-item elementor-gallery-item elementor-animated-content\" tabindex=\"0\">\n\t\t\t\t\t<div class=\"e-gallery-image elementor-gallery-item__image\" data-thumbnail=\"https:\/\/hotelpocillosplaya.com\/wp-content\/uploads\/2023\/04\/img-experiencia-lanzarote-caminos-768x768.jpg\" data-width=\"768\" data-height=\"768\" aria-label=\"+ INFOS\" role=\"img\" ><\/div>\n\t\t\t\t\t\t\t\t\t\t\t<div class=\"elementor-gallery-item__overlay\"><\/div>\n\t\t\t\t\t\t\t\t\t\t\t\t\t\t\t<div class=\"elementor-gallery-item__content\">\n\t\t\t\t\t\t\t\t\t\t\t\t\t\t<div class=\"elementor-gallery-item__title\">\n\t\t\t\t\t\t\t\t\t\t\t\t\t\t\t\t\t\tLanzarote Und Seine Wege\t\t\t\t\t\t\t\t<\/div>\n\t\t\t\t\t\t\t\t\t\t\t\t\t\t\t<div class=\"elementor-gallery-item__description\">\n\t\t\t\t\t\t\t\t\t\t\t\t\t\t\t\t\t\t+ INFOS\t\t\t\t\t\t\t\t<\/div>\n\t\t\t\t\t\t\t\t\t\t\t\t<\/div>\n\t\t\t\t\t\t\t\t\t<\/div>\n\t\t\t\t\t\t\t<div class=\"e-gallery-item elementor-gallery-item elementor-animated-content\" tabindex=\"0\">\n\t\t\t\t\t<div class=\"e-gallery-image elementor-gallery-item__image\" data-thumbnail=\"https:\/\/hotelpocillosplaya.com\/wp-content\/uploads\/2023\/04\/img-experiencia-lanzarote-vinos-768x768.jpg\" data-width=\"768\" data-height=\"768\" aria-label=\"INFOS\" role=\"img\" ><\/div>\n\t\t\t\t\t\t\t\t\t\t\t<div class=\"elementor-gallery-item__overlay\"><\/div>\n\t\t\t\t\t\t\t\t\t\t\t\t\t\t\t<div class=\"elementor-gallery-item__content\">\n\t\t\t\t\t\t\t\t\t\t\t\t\t\t<div class=\"elementor-gallery-item__title\">\n\t\t\t\t\t\t\t\t\t\t\t\t\t\t\t\t\t\tLanzarote und seine weine\t\t\t\t\t\t\t\t<\/div>\n\t\t\t\t\t\t\t\t\t\t\t\t\t\t\t<div class=\"elementor-gallery-item__description\">\n\t\t\t\t\t\t\t\t\t\t\t\t\t\t\t\t\t\tINFOS\t\t\t\t\t\t\t\t<\/div>\n\t\t\t\t\t\t\t\t\t\t\t\t<\/div>\n\t\t\t\t\t\t\t\t\t<\/div>\n\t\t\t\t\t<\/div>\n\t\t\t\t\t<\/div>\n\t\t\t\t<\/div>\n\t\t\t\t\t<\/div>\n\t\t<\/div>\n\t\t\t\t\t<\/div>\n\t\t<\/section>\n\t\t\t\t<section class=\"elementor-section elementor-top-section elementor-element elementor-element-7c3527e elementor-section-boxed elementor-section-height-default elementor-section-height-default\" data-id=\"7c3527e\" data-element_type=\"section\">\n\t\t\t\t\t\t<div class=\"elementor-container elementor-column-gap-default\">\n\t\t\t\t\t<div class=\"elementor-column elementor-col-100 elementor-top-column elementor-element elementor-element-bdd80b4\" data-id=\"bdd80b4\" data-element_type=\"column\" data-settings=\"{&quot;background_background&quot;:&quot;classic&quot;}\">\n\t\t\t<div class=\"elementor-widget-wrap elementor-element-populated\">\n\t\t\t\t\t\t<div class=\"elementor-element elementor-element-f32de86 elementor-widget elementor-widget-heading\" data-id=\"f32de86\" data-element_type=\"widget\" data-widget_type=\"heading.default\">\n\t\t\t\t<div class=\"elementor-widget-container\">\n\t\t\t\t\t<h2 class=\"elementor-heading-title elementor-size-default\">INFOS UND<\/h2>\t\t\t\t<\/div>\n\t\t\t\t<\/div>\n\t\t\t\t<div class=\"elementor-element elementor-element-0b04948 elementor-widget elementor-widget-heading\" data-id=\"0b04948\" data-element_type=\"widget\" data-widget_type=\"heading.default\">\n\t\t\t\t<div class=\"elementor-widget-container\">\n\t\t\t\t\t<h2 class=\"elementor-heading-title elementor-size-default\">RESERVIERUNGEN<\/h2>\t\t\t\t<\/div>\n\t\t\t\t<\/div>\n\t\t\t\t<div class=\"elementor-element elementor-element-b219989 elementor-widget elementor-widget-text-editor\" data-id=\"b219989\" data-element_type=\"widget\" data-widget_type=\"text-editor.default\">\n\t\t\t\t<div class=\"elementor-widget-container\">\n\t\t\t\t\t\t\t\t\t<p style=\"text-align: center;\">Weitere Informationen zu unseren Erlebnissen und die M\u00f6glichkeit, das Erlebnis Ihrer Wahl zu buchen, finden Sie bei den folgenden Ansprechpartnern:<\/p>\n<ul>\n<li>\n<p>Email: recepcion@hotelpocillosplaya.com<\/p>\n<\/li>\n<li>\n<p>Telefon: +34 928 59 62 61<\/p>\n<\/li>\n<\/ul>\n\t\t\t\t\t\t\t\t<\/div>\n\t\t\t\t<\/div>\n\t\t\t\t\t<\/div>\n\t\t<\/div>\n\t\t\t\t\t<\/div>\n\t\t<\/section>\n\t\t\t\t<\/div>\n\t\t","protected":false},"excerpt":{"rendered":"<p>AUSFL\u00dcGE Besuche von Weinkellereien und handwerklichen Brauereien mit gef\u00fchrten Verkostungen. Die Einzigartigkeit des Weinanbaus auf Lanzarote ist durch die Eigenschaften des Bodens bedingt, die zu zwei Anbauformen gef\u00fchrt haben: Das System der L\u00f6cher: Es ist besonders in La Geria zu sehen und f\u00fchrt zu einer Landschaft von gro\u00dfer Sch\u00f6nheit. Das Grabensystem: Hier sind die Steinmauern [&hellip;]<\/p>\n","protected":false},"author":1,"featured_media":0,"parent":0,"menu_order":0,"comment_status":"closed","ping_status":"closed","template":"","meta":{"_acf_changed":false,"inline_featured_image":false,"footnotes":""},"class_list":["post-4831","page","type-page","status-publish","hentry"],"acf":[],"yoast_head":"<!-- This site is optimized with the Yoast SEO plugin v26.8 - https:\/\/yoast.com\/product\/yoast-seo-wordpress\/ -->\n<title>Lanzarote und seine weine - Hotel Pocillos Playa<\/title>\n<meta name=\"robots\" content=\"index, follow, max-snippet:-1, max-image-preview:large, max-video-preview:-1\" \/>\n<link rel=\"canonical\" href=\"https:\/\/hotelpocillosplaya.com\/de\/lanzarote-und-seine-weine\/\" \/>\n<meta property=\"og:locale\" content=\"de_DE\" \/>\n<meta property=\"og:type\" content=\"article\" \/>\n<meta property=\"og:title\" content=\"Lanzarote und seine weine - Hotel Pocillos Playa\" \/>\n<meta property=\"og:description\" content=\"AUSFL\u00dcGE Besuche von Weinkellereien und handwerklichen Brauereien mit gef\u00fchrten Verkostungen. Die Einzigartigkeit des Weinanbaus auf Lanzarote ist durch die Eigenschaften des Bodens bedingt, die zu zwei Anbauformen gef\u00fchrt haben: Das System der L\u00f6cher: Es ist besonders in La Geria zu sehen und f\u00fchrt zu einer Landschaft von gro\u00dfer Sch\u00f6nheit. Das Grabensystem: Hier sind die Steinmauern [&hellip;]\" \/>\n<meta property=\"og:url\" content=\"https:\/\/hotelpocillosplaya.com\/de\/lanzarote-und-seine-weine\/\" \/>\n<meta property=\"og:site_name\" content=\"Hotel Pocillos Playa\" \/>\n<meta property=\"article:modified_time\" content=\"2024-01-04T11:56:17+00:00\" \/>\n<meta name=\"twitter:card\" content=\"summary_large_image\" \/>\n<meta name=\"twitter:label1\" content=\"Gesch\u00e4tzte Lesezeit\" \/>\n\t<meta name=\"twitter:data1\" content=\"1\u00a0Minute\" \/>\n<script type=\"application\/ld+json\" class=\"yoast-schema-graph\">{\"@context\":\"https:\/\/schema.org\",\"@graph\":[{\"@type\":\"WebPage\",\"@id\":\"https:\/\/hotelpocillosplaya.com\/de\/lanzarote-und-seine-weine\/\",\"url\":\"https:\/\/hotelpocillosplaya.com\/de\/lanzarote-und-seine-weine\/\",\"name\":\"Lanzarote und seine weine - Hotel Pocillos Playa\",\"isPartOf\":{\"@id\":\"https:\/\/hotelpocillosplaya.com\/#website\"},\"datePublished\":\"2023-04-28T08:53:43+00:00\",\"dateModified\":\"2024-01-04T11:56:17+00:00\",\"breadcrumb\":{\"@id\":\"https:\/\/hotelpocillosplaya.com\/de\/lanzarote-und-seine-weine\/#breadcrumb\"},\"inLanguage\":\"de\",\"potentialAction\":[{\"@type\":\"ReadAction\",\"target\":[\"https:\/\/hotelpocillosplaya.com\/de\/lanzarote-und-seine-weine\/\"]}]},{\"@type\":\"BreadcrumbList\",\"@id\":\"https:\/\/hotelpocillosplaya.com\/de\/lanzarote-und-seine-weine\/#breadcrumb\",\"itemListElement\":[{\"@type\":\"ListItem\",\"position\":1,\"name\":\"Portada\",\"item\":\"https:\/\/hotelpocillosplaya.com\/\"},{\"@type\":\"ListItem\",\"position\":2,\"name\":\"Lanzarote und seine weine\"}]},{\"@type\":\"WebSite\",\"@id\":\"https:\/\/hotelpocillosplaya.com\/#website\",\"url\":\"https:\/\/hotelpocillosplaya.com\/\",\"name\":\"Hotel Pocillos Playa\",\"description\":\"Hotel Pocillos Playa\",\"publisher\":{\"@id\":\"https:\/\/hotelpocillosplaya.com\/#organization\"},\"potentialAction\":[{\"@type\":\"SearchAction\",\"target\":{\"@type\":\"EntryPoint\",\"urlTemplate\":\"https:\/\/hotelpocillosplaya.com\/?s={search_term_string}\"},\"query-input\":{\"@type\":\"PropertyValueSpecification\",\"valueRequired\":true,\"valueName\":\"search_term_string\"}}],\"inLanguage\":\"de\"},{\"@type\":\"Organization\",\"@id\":\"https:\/\/hotelpocillosplaya.com\/#organization\",\"name\":\"Hotel Pocillos Playa\",\"url\":\"https:\/\/hotelpocillosplaya.com\/\",\"logo\":{\"@type\":\"ImageObject\",\"inLanguage\":\"de\",\"@id\":\"https:\/\/hotelpocillosplaya.com\/#\/schema\/logo\/image\/\",\"url\":\"https:\/\/hotelpocillosplaya.com\/wp-content\/uploads\/2022\/05\/PPHL-BLANCO-TRANSP-e1652870808740.png\",\"contentUrl\":\"https:\/\/hotelpocillosplaya.com\/wp-content\/uploads\/2022\/05\/PPHL-BLANCO-TRANSP-e1652870808740.png\",\"width\":1368,\"height\":367,\"caption\":\"Hotel Pocillos Playa\"},\"image\":{\"@id\":\"https:\/\/hotelpocillosplaya.com\/#\/schema\/logo\/image\/\"}}]}<\/script>\n<!-- \/ Yoast SEO plugin. -->","yoast_head_json":{"title":"Lanzarote und seine weine - Hotel Pocillos Playa","robots":{"index":"index","follow":"follow","max-snippet":"max-snippet:-1","max-image-preview":"max-image-preview:large","max-video-preview":"max-video-preview:-1"},"canonical":"https:\/\/hotelpocillosplaya.com\/de\/lanzarote-und-seine-weine\/","og_locale":"de_DE","og_type":"article","og_title":"Lanzarote und seine weine - Hotel Pocillos Playa","og_description":"AUSFL\u00dcGE Besuche von Weinkellereien und handwerklichen Brauereien mit gef\u00fchrten Verkostungen. Die Einzigartigkeit des Weinanbaus auf Lanzarote ist durch die Eigenschaften des Bodens bedingt, die zu zwei Anbauformen gef\u00fchrt haben: Das System der L\u00f6cher: Es ist besonders in La Geria zu sehen und f\u00fchrt zu einer Landschaft von gro\u00dfer Sch\u00f6nheit. Das Grabensystem: Hier sind die Steinmauern [&hellip;]","og_url":"https:\/\/hotelpocillosplaya.com\/de\/lanzarote-und-seine-weine\/","og_site_name":"Hotel Pocillos Playa","article_modified_time":"2024-01-04T11:56:17+00:00","twitter_card":"summary_large_image","twitter_misc":{"Gesch\u00e4tzte Lesezeit":"1\u00a0Minute"},"schema":{"@context":"https:\/\/schema.org","@graph":[{"@type":"WebPage","@id":"https:\/\/hotelpocillosplaya.com\/de\/lanzarote-und-seine-weine\/","url":"https:\/\/hotelpocillosplaya.com\/de\/lanzarote-und-seine-weine\/","name":"Lanzarote und seine weine - Hotel Pocillos Playa","isPartOf":{"@id":"https:\/\/hotelpocillosplaya.com\/#website"},"datePublished":"2023-04-28T08:53:43+00:00","dateModified":"2024-01-04T11:56:17+00:00","breadcrumb":{"@id":"https:\/\/hotelpocillosplaya.com\/de\/lanzarote-und-seine-weine\/#breadcrumb"},"inLanguage":"de","potentialAction":[{"@type":"ReadAction","target":["https:\/\/hotelpocillosplaya.com\/de\/lanzarote-und-seine-weine\/"]}]},{"@type":"BreadcrumbList","@id":"https:\/\/hotelpocillosplaya.com\/de\/lanzarote-und-seine-weine\/#breadcrumb","itemListElement":[{"@type":"ListItem","position":1,"name":"Portada","item":"https:\/\/hotelpocillosplaya.com\/"},{"@type":"ListItem","position":2,"name":"Lanzarote und seine weine"}]},{"@type":"WebSite","@id":"https:\/\/hotelpocillosplaya.com\/#website","url":"https:\/\/hotelpocillosplaya.com\/","name":"Hotel Pocillos Playa","description":"Hotel Pocillos Playa","publisher":{"@id":"https:\/\/hotelpocillosplaya.com\/#organization"},"potentialAction":[{"@type":"SearchAction","target":{"@type":"EntryPoint","urlTemplate":"https:\/\/hotelpocillosplaya.com\/?s={search_term_string}"},"query-input":{"@type":"PropertyValueSpecification","valueRequired":true,"valueName":"search_term_string"}}],"inLanguage":"de"},{"@type":"Organization","@id":"https:\/\/hotelpocillosplaya.com\/#organization","name":"Hotel Pocillos Playa","url":"https:\/\/hotelpocillosplaya.com\/","logo":{"@type":"ImageObject","inLanguage":"de","@id":"https:\/\/hotelpocillosplaya.com\/#\/schema\/logo\/image\/","url":"https:\/\/hotelpocillosplaya.com\/wp-content\/uploads\/2022\/05\/PPHL-BLANCO-TRANSP-e1652870808740.png","contentUrl":"https:\/\/hotelpocillosplaya.com\/wp-content\/uploads\/2022\/05\/PPHL-BLANCO-TRANSP-e1652870808740.png","width":1368,"height":367,"caption":"Hotel Pocillos Playa"},"image":{"@id":"https:\/\/hotelpocillosplaya.com\/#\/schema\/logo\/image\/"}}]}},"_links":{"self":[{"href":"https:\/\/hotelpocillosplaya.com\/de\/wp-json\/wp\/v2\/pages\/4831","targetHints":{"allow":["GET"]}}],"collection":[{"href":"https:\/\/hotelpocillosplaya.com\/de\/wp-json\/wp\/v2\/pages"}],"about":[{"href":"https:\/\/hotelpocillosplaya.com\/de\/wp-json\/wp\/v2\/types\/page"}],"author":[{"embeddable":true,"href":"https:\/\/hotelpocillosplaya.com\/de\/wp-json\/wp\/v2\/users\/1"}],"replies":[{"embeddable":true,"href":"https:\/\/hotelpocillosplaya.com\/de\/wp-json\/wp\/v2\/comments?post=4831"}],"version-history":[{"count":5,"href":"https:\/\/hotelpocillosplaya.com\/de\/wp-json\/wp\/v2\/pages\/4831\/revisions"}],"predecessor-version":[{"id":5104,"href":"https:\/\/hotelpocillosplaya.com\/de\/wp-json\/wp\/v2\/pages\/4831\/revisions\/5104"}],"wp:attachment":[{"href":"https:\/\/hotelpocillosplaya.com\/de\/wp-json\/wp\/v2\/media?parent=4831"}],"curies":[{"name":"wp","href":"https:\/\/api.w.org\/{rel}","templated":true}]}}