{"id":4827,"date":"2023-04-28T08:51:35","date_gmt":"2023-04-28T08:51:35","guid":{"rendered":"https:\/\/hotelpocillosplaya.com\/lanzarote-und-seine-wege\/"},"modified":"2024-01-04T11:56:29","modified_gmt":"2024-01-04T11:56:29","slug":"lanzarote-und-seine-wege","status":"publish","type":"page","link":"https:\/\/hotelpocillosplaya.com\/de\/lanzarote-und-seine-wege\/","title":{"rendered":"Lanzarote und seine wege"},"content":{"rendered":"\t\t<div data-elementor-type=\"wp-page\" data-elementor-id=\"4827\" class=\"elementor elementor-4827 elementor-4751\" data-elementor-post-type=\"page\">\n\t\t\t\t\t\t<section class=\"elementor-section elementor-top-section elementor-element elementor-element-62a80754 elementor-section-height-min-height elementor-section-boxed elementor-section-height-default elementor-section-items-middle\" data-id=\"62a80754\" data-element_type=\"section\" data-settings=\"{&quot;background_background&quot;:&quot;classic&quot;}\">\n\t\t\t\t\t\t\t<div class=\"elementor-background-overlay\"><\/div>\n\t\t\t\t\t\t\t<div class=\"elementor-container elementor-column-gap-default\">\n\t\t\t\t\t<div class=\"elementor-column elementor-col-100 elementor-top-column elementor-element elementor-element-196b823c\" data-id=\"196b823c\" data-element_type=\"column\" data-settings=\"{&quot;background_background&quot;:&quot;classic&quot;}\">\n\t\t\t<div class=\"elementor-widget-wrap elementor-element-populated\">\n\t\t\t\t\t\t<div class=\"elementor-element elementor-element-6a69fdea elementor-widget elementor-widget-heading\" data-id=\"6a69fdea\" data-element_type=\"widget\" data-widget_type=\"heading.default\">\n\t\t\t\t<div class=\"elementor-widget-container\">\n\t\t\t\t\t<h2 class=\"elementor-heading-title elementor-size-default\">AUSFL\u00dcGE<\/h2>\t\t\t\t<\/div>\n\t\t\t\t<\/div>\n\t\t\t\t<div class=\"elementor-element elementor-element-65a79d75 elementor-widget elementor-widget-heading\" data-id=\"65a79d75\" data-element_type=\"widget\" data-widget_type=\"heading.default\">\n\t\t\t\t<div class=\"elementor-widget-container\">\n\t\t\t\t\t<h1 class=\"elementor-heading-title elementor-size-default\">Lanzarote und seine wege<\/h1>\t\t\t\t<\/div>\n\t\t\t\t<\/div>\n\t\t\t\t\t<\/div>\n\t\t<\/div>\n\t\t\t\t\t<\/div>\n\t\t<\/section>\n\t\t\t\t<section class=\"elementor-section elementor-top-section elementor-element elementor-element-5c6bb144 elementor-section-boxed elementor-section-height-default elementor-section-height-default\" data-id=\"5c6bb144\" data-element_type=\"section\">\n\t\t\t\t\t\t<div class=\"elementor-container elementor-column-gap-default\">\n\t\t\t\t\t<div class=\"elementor-column elementor-col-50 elementor-top-column elementor-element elementor-element-79dc91c9\" data-id=\"79dc91c9\" data-element_type=\"column\">\n\t\t\t<div class=\"elementor-widget-wrap elementor-element-populated\">\n\t\t\t\t\t\t<div class=\"elementor-element elementor-element-26d4fbb3 elementor-widget elementor-widget-text-editor\" data-id=\"26d4fbb3\" data-element_type=\"widget\" data-widget_type=\"text-editor.default\">\n\t\t\t\t<div class=\"elementor-widget-container\">\n\t\t\t\t\t\t\t\t\t<p class=\"experiencia-intro\"><strong>Wanderrouten zur Entdeckung der Vulkanlandschaft von Lanzarote.<\/strong><\/p>\n<p>Wanderrouten durch idyllische Orte auf der Insel. Die s\u00fcdliche Route ist leichter, f\u00fcr ein breiteres Publikum geeignet, aber immer in guter k\u00f6rperlicher Verfassung. Sie dauert etwa 3 Stunden und umfasst 7 Kilometer.  <\/p>\n<p>Die Nordroute ist mittelschwer, mit einem H\u00f6henunterschied von +\/- 300 Metern. Es ist wichtig, festes Schuhwerk zu tragen (Trekking- oder Sportschuhe, aber fest), da Sie auf vulkanischem und pikonischem Boden laufen werden. Es gibt keine Altersbeschr\u00e4nkung, solange der Kunde in guter k\u00f6rperlicher Verfassung ist. Die ungef\u00e4hre Dauer betr\u00e4gt 3,5 Stunden und es werden 9 Kilometer zur\u00fcckgelegt.   <\/p>\n<p>\u2022 S\u00dcD-Route &#8211; Mondlandschaft (Naturpark der Vulkane). Montag \/ Mittwoch \/ Freitag <\/p>\n<p>\u2022 NORD-Route &#8211; Vulkan Corona und Famara-Klippen. Donnerstag <\/p>\t\t\t\t\t\t\t\t<\/div>\n\t\t\t\t<\/div>\n\t\t\t\t\t<\/div>\n\t\t<\/div>\n\t\t\t\t<div class=\"elementor-column elementor-col-50 elementor-top-column elementor-element elementor-element-7771c322\" data-id=\"7771c322\" data-element_type=\"column\" data-settings=\"{&quot;background_background&quot;:&quot;classic&quot;}\">\n\t\t\t<div class=\"elementor-widget-wrap elementor-element-populated\">\n\t\t\t\t\t\t<div class=\"elementor-element elementor-element-61fd1bbc elementor-widget elementor-widget-heading\" data-id=\"61fd1bbc\" data-element_type=\"widget\" data-widget_type=\"heading.default\">\n\t\t\t\t<div class=\"elementor-widget-container\">\n\t\t\t\t\t<h2 class=\"elementor-heading-title elementor-size-default\">AUSFL\u00dcGE<\/h2>\t\t\t\t<\/div>\n\t\t\t\t<\/div>\n\t\t\t\t<div class=\"elementor-element elementor-element-15db99d4 elementor-widget elementor-widget-heading\" data-id=\"15db99d4\" data-element_type=\"widget\" data-widget_type=\"heading.default\">\n\t\t\t\t<div class=\"elementor-widget-container\">\n\t\t\t\t\t<h2 class=\"elementor-heading-title elementor-size-default\">Lanzarote und seine wege<\/h2>\t\t\t\t<\/div>\n\t\t\t\t<\/div>\n\t\t\t\t<div class=\"elementor-element elementor-element-5c2628b2 elementor-widget elementor-widget-heading\" data-id=\"5c2628b2\" data-element_type=\"widget\" data-widget_type=\"heading.default\">\n\t\t\t\t<div class=\"elementor-widget-container\">\n\t\t\t\t\t<h5 class=\"elementor-heading-title elementor-size-default\">Einzelheiten:<\/h5>\t\t\t\t<\/div>\n\t\t\t\t<\/div>\n\t\t\t\t<div class=\"elementor-element elementor-element-2e23ab80 elementor-widget elementor-widget-text-editor\" data-id=\"2e23ab80\" data-element_type=\"widget\" data-widget_type=\"text-editor.default\">\n\t\t\t\t<div class=\"elementor-widget-container\">\n\t\t\t\t\t\t\t\t\t<ul style=\"box-sizing: inherit; margin-right: 0px; margin-left: 0px; padding: 0px; font-variant-numeric: inherit; font-variant-east-asian: inherit; font-variant-alternates: inherit; font-stretch: inherit; font-size: medium; line-height: inherit; font-optical-sizing: inherit; font-kerning: inherit; font-feature-settings: inherit; font-variation-settings: inherit; list-style: none; color: #2c241f;\">\n<li style=\"list-style-type: none;\"> <\/li>\n<\/ul>\n<p>&#8211; Kleine Gruppen.<\/p>\n<p>&#8211; Sprachen: Englisch, Franz\u00f6sisch und Spanisch (S\u00fcdroute Montag und Mittwoch auf Deutsch).<\/p>\n<p>&#8211; Erlebnisse nach Verf\u00fcgbarkeit und auf Anfrage.<\/p>\n<p>&#8211; Die Preise k\u00f6nnen sich je nach Saison \u00e4ndern.<\/p>\n<p>&#8211; Stornierungsbedingungen: 24 Stunden im Voraus.<\/p>\n<ul style=\"box-sizing: inherit; margin-right: 0px; margin-left: 0px; padding: 0px; font-variant-numeric: inherit; font-variant-east-asian: inherit; font-variant-alternates: inherit; font-stretch: inherit; font-size: medium; line-height: inherit; font-optical-sizing: inherit; font-kerning: inherit; font-feature-settings: inherit; font-variation-settings: inherit; list-style: none; color: #2c241f;\">\n<li> <\/li>\n<li class=\"experiencia-detalles\" style=\"box-sizing: inherit; margin-right: 0px; margin-bottom: 5px; margin-left: 0px; padding: 0px; font: inherit;\"> <\/li>\n<\/ul>\n\t\t\t\t\t\t\t\t<\/div>\n\t\t\t\t<\/div>\n\t\t\t\t\t<\/div>\n\t\t<\/div>\n\t\t\t\t\t<\/div>\n\t\t<\/section>\n\t\t\t\t<section class=\"elementor-section elementor-top-section elementor-element elementor-element-f5df7cf elementor-section-full_width elementor-section-height-default elementor-section-height-default\" data-id=\"f5df7cf\" data-element_type=\"section\">\n\t\t\t\t\t\t<div class=\"elementor-container elementor-column-gap-default\">\n\t\t\t\t\t<div class=\"elementor-column elementor-col-100 elementor-top-column elementor-element elementor-element-03877b8\" data-id=\"03877b8\" data-element_type=\"column\">\n\t\t\t<div class=\"elementor-widget-wrap elementor-element-populated\">\n\t\t\t\t\t\t<div class=\"elementor-element elementor-element-4a213b7 elementor-widget elementor-widget-shortcode\" data-id=\"4a213b7\" data-element_type=\"widget\" data-widget_type=\"shortcode.default\">\n\t\t\t\t<div class=\"elementor-widget-container\">\n\t\t\t\t\t\t\t<div class=\"elementor-shortcode\">\r\n\t<script>\r\n\t\tdocument.addEventListener('DOMContentLoaded', function () {\r\n\r\n\t\tvar filteredImages = document.querySelectorAll('.e-gallery-item');\r\n\r\n\t\t\/\/Edit the links HERE\r\n\t\tvar links = [\r\n\t\t'https:\/\/hotelpocillosplaya.com\/de\/bike-tour\/',\r\n\t\t'https:\/\/hotelpocillosplaya.com\/de\/lanzarote-en-buggy\/',\r\n\t\t'https:\/\/hotelpocillosplaya.com\/de\/papagayo-catamaran\/',\r\n\t\t'https:\/\/hotelpocillosplaya.com\/de\/lanzarote-cultural\/',\r\n\t\t'https:\/\/hotelpocillosplaya.com\/de\/lanzarote-caminos\/',\r\n\t\t'https:\/\/hotelpocillosplaya.com\/de\/lanzarote-vinos\/'\r\n\t\t];\r\n\r\n\t\tvar _loope = function _loope(i) {\r\n\t\t\tif (links[i].length > 4) {\r\n\t\t\tfilteredImages[i].style.cursor = \"pointer\";\r\n\t\tfilteredImages[i].addEventListener('click', function () {\r\n\t\tlocation = links[i];\r\n\t\t});\r\n\t\t}\r\n\t\t};\r\n\r\n\t\tfor (var i = 0; i < filteredImages.length; i++) {\r\n\t\t_loope(i);\r\n\t\t}\r\n\r\n\t\t});\r\n\r\n\t\t<\/script><\/div>\n\t\t\t\t\t\t<\/div>\n\t\t\t\t<\/div>\n\t\t\t\t<div class=\"elementor-element elementor-element-4310381 elementor-widget elementor-widget-gallery\" data-id=\"4310381\" data-element_type=\"widget\" data-settings=\"{&quot;columns&quot;:6,&quot;gap&quot;:{&quot;unit&quot;:&quot;px&quot;,&quot;size&quot;:0,&quot;sizes&quot;:[]},&quot;aspect_ratio&quot;:&quot;1:1&quot;,&quot;overlay_title&quot;:&quot;title&quot;,&quot;overlay_description&quot;:&quot;alt&quot;,&quot;content_hover_animation&quot;:&quot;grow&quot;,&quot;lazyload&quot;:&quot;yes&quot;,&quot;gallery_layout&quot;:&quot;grid&quot;,&quot;columns_tablet&quot;:2,&quot;columns_mobile&quot;:1,&quot;gap_tablet&quot;:{&quot;unit&quot;:&quot;px&quot;,&quot;size&quot;:10,&quot;sizes&quot;:[]},&quot;gap_mobile&quot;:{&quot;unit&quot;:&quot;px&quot;,&quot;size&quot;:10,&quot;sizes&quot;:[]},&quot;overlay_background&quot;:&quot;yes&quot;}\" data-widget_type=\"gallery.default\">\n\t\t\t\t<div class=\"elementor-widget-container\">\n\t\t\t\t\t\t\t<div class=\"elementor-gallery__container\">\n\t\t\t\t\t\t\t<div class=\"e-gallery-item elementor-gallery-item elementor-animated-content\" tabindex=\"0\">\n\t\t\t\t\t<div class=\"e-gallery-image elementor-gallery-item__image\" data-thumbnail=\"https:\/\/hotelpocillosplaya.com\/wp-content\/uploads\/2023\/04\/img-experiencia-bike-experience-768x768.jpg\" data-width=\"768\" data-height=\"768\" aria-label=\"+ INFOS\" role=\"img\" ><\/div>\n\t\t\t\t\t\t\t\t\t\t\t<div class=\"elementor-gallery-item__overlay\"><\/div>\n\t\t\t\t\t\t\t\t\t\t\t\t\t\t\t<div class=\"elementor-gallery-item__content\">\n\t\t\t\t\t\t\t\t\t\t\t\t\t\t<div class=\"elementor-gallery-item__title\">\n\t\t\t\t\t\t\t\t\t\t\t\t\t\t\t\t\t\tE-Bike Tour durch La Geria\t\t\t\t\t\t\t\t<\/div>\n\t\t\t\t\t\t\t\t\t\t\t\t\t\t\t<div class=\"elementor-gallery-item__description\">\n\t\t\t\t\t\t\t\t\t\t\t\t\t\t\t\t\t\t+ INFOS\t\t\t\t\t\t\t\t<\/div>\n\t\t\t\t\t\t\t\t\t\t\t\t<\/div>\n\t\t\t\t\t\t\t\t\t<\/div>\n\t\t\t\t\t\t\t<div class=\"e-gallery-item elementor-gallery-item elementor-animated-content\" tabindex=\"0\">\n\t\t\t\t\t<div class=\"e-gallery-image elementor-gallery-item__image\" data-thumbnail=\"https:\/\/hotelpocillosplaya.com\/wp-content\/uploads\/2023\/04\/img-experiencia-buggy-de-campo-768x768.jpg\" data-width=\"768\" data-height=\"768\" aria-label=\"+ INFOS\" role=\"img\" ><\/div>\n\t\t\t\t\t\t\t\t\t\t\t<div class=\"elementor-gallery-item__overlay\"><\/div>\n\t\t\t\t\t\t\t\t\t\t\t\t\t\t\t<div class=\"elementor-gallery-item__content\">\n\t\t\t\t\t\t\t\t\t\t\t\t\t\t<div class=\"elementor-gallery-item__title\">\n\t\t\t\t\t\t\t\t\t\t\t\t\t\t\t\t\t\tEINZIGARTIGE LANZAROTE MIT DEM BUGGY\t\t\t\t\t\t\t\t<\/div>\n\t\t\t\t\t\t\t\t\t\t\t\t\t\t\t<div class=\"elementor-gallery-item__description\">\n\t\t\t\t\t\t\t\t\t\t\t\t\t\t\t\t\t\t+ INFOS\t\t\t\t\t\t\t\t<\/div>\n\t\t\t\t\t\t\t\t\t\t\t\t<\/div>\n\t\t\t\t\t\t\t\t\t<\/div>\n\t\t\t\t\t\t\t<div class=\"e-gallery-item elementor-gallery-item elementor-animated-content\" tabindex=\"0\">\n\t\t\t\t\t<div class=\"e-gallery-image elementor-gallery-item__image\" data-thumbnail=\"https:\/\/hotelpocillosplaya.com\/wp-content\/uploads\/2023\/04\/img-experiencia-catamaran-768x768.jpg\" data-width=\"768\" data-height=\"768\" aria-label=\"+ INFOS\" role=\"img\" ><\/div>\n\t\t\t\t\t\t\t\t\t\t\t<div class=\"elementor-gallery-item__overlay\"><\/div>\n\t\t\t\t\t\t\t\t\t\t\t\t\t\t\t<div class=\"elementor-gallery-item__content\">\n\t\t\t\t\t\t\t\t\t\t\t\t\t\t<div class=\"elementor-gallery-item__title\">\n\t\t\t\t\t\t\t\t\t\t\t\t\t\t\t\t\t\tPapagayo Katamaran tour\t\t\t\t\t\t\t\t<\/div>\n\t\t\t\t\t\t\t\t\t\t\t\t\t\t\t<div class=\"elementor-gallery-item__description\">\n\t\t\t\t\t\t\t\t\t\t\t\t\t\t\t\t\t\t+ INFOS\t\t\t\t\t\t\t\t<\/div>\n\t\t\t\t\t\t\t\t\t\t\t\t<\/div>\n\t\t\t\t\t\t\t\t\t<\/div>\n\t\t\t\t\t\t\t<div class=\"e-gallery-item elementor-gallery-item elementor-animated-content\" tabindex=\"0\">\n\t\t\t\t\t<div class=\"e-gallery-image elementor-gallery-item__image\" data-thumbnail=\"https:\/\/hotelpocillosplaya.com\/wp-content\/uploads\/2023\/04\/img-experiencia-lanzarote-cultural-768x768.jpg\" data-width=\"768\" data-height=\"768\" aria-label=\"+ INFOS\" role=\"img\" ><\/div>\n\t\t\t\t\t\t\t\t\t\t\t<div class=\"elementor-gallery-item__overlay\"><\/div>\n\t\t\t\t\t\t\t\t\t\t\t\t\t\t\t<div class=\"elementor-gallery-item__content\">\n\t\t\t\t\t\t\t\t\t\t\t\t\t\t<div class=\"elementor-gallery-item__title\">\n\t\t\t\t\t\t\t\t\t\t\t\t\t\t\t\t\t\tKultur Lanzarote mit dem Bus\t\t\t\t\t\t\t\t<\/div>\n\t\t\t\t\t\t\t\t\t\t\t\t\t\t\t<div class=\"elementor-gallery-item__description\">\n\t\t\t\t\t\t\t\t\t\t\t\t\t\t\t\t\t\t+ INFOS\t\t\t\t\t\t\t\t<\/div>\n\t\t\t\t\t\t\t\t\t\t\t\t<\/div>\n\t\t\t\t\t\t\t\t\t<\/div>\n\t\t\t\t\t\t\t<div class=\"e-gallery-item elementor-gallery-item elementor-animated-content\" tabindex=\"0\">\n\t\t\t\t\t<div class=\"e-gallery-image elementor-gallery-item__image\" data-thumbnail=\"https:\/\/hotelpocillosplaya.com\/wp-content\/uploads\/2023\/04\/img-experiencia-lanzarote-caminos-768x768.jpg\" data-width=\"768\" data-height=\"768\" aria-label=\"+ INFOS\" role=\"img\" ><\/div>\n\t\t\t\t\t\t\t\t\t\t\t<div class=\"elementor-gallery-item__overlay\"><\/div>\n\t\t\t\t\t\t\t\t\t\t\t\t\t\t\t<div class=\"elementor-gallery-item__content\">\n\t\t\t\t\t\t\t\t\t\t\t\t\t\t<div class=\"elementor-gallery-item__title\">\n\t\t\t\t\t\t\t\t\t\t\t\t\t\t\t\t\t\tLanzarote Und Seine Wege\t\t\t\t\t\t\t\t<\/div>\n\t\t\t\t\t\t\t\t\t\t\t\t\t\t\t<div class=\"elementor-gallery-item__description\">\n\t\t\t\t\t\t\t\t\t\t\t\t\t\t\t\t\t\t+ INFOS\t\t\t\t\t\t\t\t<\/div>\n\t\t\t\t\t\t\t\t\t\t\t\t<\/div>\n\t\t\t\t\t\t\t\t\t<\/div>\n\t\t\t\t\t\t\t<div class=\"e-gallery-item elementor-gallery-item elementor-animated-content\" tabindex=\"0\">\n\t\t\t\t\t<div class=\"e-gallery-image elementor-gallery-item__image\" data-thumbnail=\"https:\/\/hotelpocillosplaya.com\/wp-content\/uploads\/2023\/04\/img-experiencia-lanzarote-vinos-768x768.jpg\" data-width=\"768\" data-height=\"768\" aria-label=\"INFOS\" role=\"img\" ><\/div>\n\t\t\t\t\t\t\t\t\t\t\t<div class=\"elementor-gallery-item__overlay\"><\/div>\n\t\t\t\t\t\t\t\t\t\t\t\t\t\t\t<div class=\"elementor-gallery-item__content\">\n\t\t\t\t\t\t\t\t\t\t\t\t\t\t<div class=\"elementor-gallery-item__title\">\n\t\t\t\t\t\t\t\t\t\t\t\t\t\t\t\t\t\tLanzarote und seine weine\t\t\t\t\t\t\t\t<\/div>\n\t\t\t\t\t\t\t\t\t\t\t\t\t\t\t<div class=\"elementor-gallery-item__description\">\n\t\t\t\t\t\t\t\t\t\t\t\t\t\t\t\t\t\tINFOS\t\t\t\t\t\t\t\t<\/div>\n\t\t\t\t\t\t\t\t\t\t\t\t<\/div>\n\t\t\t\t\t\t\t\t\t<\/div>\n\t\t\t\t\t<\/div>\n\t\t\t\t\t<\/div>\n\t\t\t\t<\/div>\n\t\t\t\t\t<\/div>\n\t\t<\/div>\n\t\t\t\t\t<\/div>\n\t\t<\/section>\n\t\t\t\t<section class=\"elementor-section elementor-top-section elementor-element elementor-element-7c3527e elementor-section-boxed elementor-section-height-default elementor-section-height-default\" data-id=\"7c3527e\" data-element_type=\"section\">\n\t\t\t\t\t\t<div class=\"elementor-container elementor-column-gap-default\">\n\t\t\t\t\t<div class=\"elementor-column elementor-col-100 elementor-top-column elementor-element elementor-element-bdd80b4\" data-id=\"bdd80b4\" data-element_type=\"column\" data-settings=\"{&quot;background_background&quot;:&quot;classic&quot;}\">\n\t\t\t<div class=\"elementor-widget-wrap elementor-element-populated\">\n\t\t\t\t\t\t<div class=\"elementor-element elementor-element-f32de86 elementor-widget elementor-widget-heading\" data-id=\"f32de86\" data-element_type=\"widget\" data-widget_type=\"heading.default\">\n\t\t\t\t<div class=\"elementor-widget-container\">\n\t\t\t\t\t<h2 class=\"elementor-heading-title elementor-size-default\">INFOS UND<\/h2>\t\t\t\t<\/div>\n\t\t\t\t<\/div>\n\t\t\t\t<div class=\"elementor-element elementor-element-0b04948 elementor-widget elementor-widget-heading\" data-id=\"0b04948\" data-element_type=\"widget\" data-widget_type=\"heading.default\">\n\t\t\t\t<div class=\"elementor-widget-container\">\n\t\t\t\t\t<h2 class=\"elementor-heading-title elementor-size-default\">RESERVIERUNGEN<\/h2>\t\t\t\t<\/div>\n\t\t\t\t<\/div>\n\t\t\t\t<div class=\"elementor-element elementor-element-b219989 elementor-widget elementor-widget-text-editor\" data-id=\"b219989\" data-element_type=\"widget\" data-widget_type=\"text-editor.default\">\n\t\t\t\t<div class=\"elementor-widget-container\">\n\t\t\t\t\t\t\t\t\t<p style=\"text-align: center;\">Weitere Informationen zu unseren Erlebnissen und die M\u00f6glichkeit, das Erlebnis Ihrer Wahl zu buchen, finden Sie bei den folgenden Ansprechpartnern:<\/p>\n<ul>\n<li>\n<p>Email: recepcion@hotelpocillosplaya.com<\/p>\n<\/li>\n<li>\n<p>Telefon: +34 928 59 62 61<\/p>\n<\/li>\n<\/ul>\n\t\t\t\t\t\t\t\t<\/div>\n\t\t\t\t<\/div>\n\t\t\t\t\t<\/div>\n\t\t<\/div>\n\t\t\t\t\t<\/div>\n\t\t<\/section>\n\t\t\t\t<\/div>\n\t\t","protected":false},"excerpt":{"rendered":"<p>AUSFL\u00dcGE Wanderrouten zur Entdeckung der Vulkanlandschaft von Lanzarote. Wanderrouten durch idyllische Orte auf der Insel. Die s\u00fcdliche Route ist leichter, f\u00fcr ein breiteres Publikum geeignet, aber immer in guter k\u00f6rperlicher Verfassung. Sie dauert etwa 3 Stunden und umfasst 7 Kilometer. Die Nordroute ist mittelschwer, mit einem H\u00f6henunterschied von +\/- 300 Metern. Es ist wichtig, festes [&hellip;]<\/p>\n","protected":false},"author":1,"featured_media":0,"parent":0,"menu_order":0,"comment_status":"closed","ping_status":"closed","template":"","meta":{"_acf_changed":false,"inline_featured_image":false,"footnotes":""},"class_list":["post-4827","page","type-page","status-publish","hentry"],"acf":[],"yoast_head":"<!-- This site is optimized with the Yoast SEO plugin v26.8 - https:\/\/yoast.com\/product\/yoast-seo-wordpress\/ -->\n<title>Lanzarote und seine wege - Hotel Pocillos Playa<\/title>\n<meta name=\"robots\" content=\"index, follow, max-snippet:-1, max-image-preview:large, max-video-preview:-1\" \/>\n<link rel=\"canonical\" href=\"https:\/\/hotelpocillosplaya.com\/de\/lanzarote-und-seine-wege\/\" \/>\n<meta property=\"og:locale\" content=\"de_DE\" \/>\n<meta property=\"og:type\" content=\"article\" \/>\n<meta property=\"og:title\" content=\"Lanzarote und seine wege - Hotel Pocillos Playa\" \/>\n<meta property=\"og:description\" content=\"AUSFL\u00dcGE Wanderrouten zur Entdeckung der Vulkanlandschaft von Lanzarote. Wanderrouten durch idyllische Orte auf der Insel. Die s\u00fcdliche Route ist leichter, f\u00fcr ein breiteres Publikum geeignet, aber immer in guter k\u00f6rperlicher Verfassung. Sie dauert etwa 3 Stunden und umfasst 7 Kilometer. Die Nordroute ist mittelschwer, mit einem H\u00f6henunterschied von +\/- 300 Metern. Es ist wichtig, festes [&hellip;]\" \/>\n<meta property=\"og:url\" content=\"https:\/\/hotelpocillosplaya.com\/de\/lanzarote-und-seine-wege\/\" \/>\n<meta property=\"og:site_name\" content=\"Hotel Pocillos Playa\" \/>\n<meta property=\"article:modified_time\" content=\"2024-01-04T11:56:29+00:00\" \/>\n<meta name=\"twitter:card\" content=\"summary_large_image\" \/>\n<meta name=\"twitter:label1\" content=\"Gesch\u00e4tzte Lesezeit\" \/>\n\t<meta name=\"twitter:data1\" content=\"1\u00a0Minute\" \/>\n<script type=\"application\/ld+json\" class=\"yoast-schema-graph\">{\"@context\":\"https:\/\/schema.org\",\"@graph\":[{\"@type\":\"WebPage\",\"@id\":\"https:\/\/hotelpocillosplaya.com\/de\/lanzarote-und-seine-wege\/\",\"url\":\"https:\/\/hotelpocillosplaya.com\/de\/lanzarote-und-seine-wege\/\",\"name\":\"Lanzarote und seine wege - Hotel Pocillos Playa\",\"isPartOf\":{\"@id\":\"https:\/\/hotelpocillosplaya.com\/#website\"},\"datePublished\":\"2023-04-28T08:51:35+00:00\",\"dateModified\":\"2024-01-04T11:56:29+00:00\",\"breadcrumb\":{\"@id\":\"https:\/\/hotelpocillosplaya.com\/de\/lanzarote-und-seine-wege\/#breadcrumb\"},\"inLanguage\":\"de\",\"potentialAction\":[{\"@type\":\"ReadAction\",\"target\":[\"https:\/\/hotelpocillosplaya.com\/de\/lanzarote-und-seine-wege\/\"]}]},{\"@type\":\"BreadcrumbList\",\"@id\":\"https:\/\/hotelpocillosplaya.com\/de\/lanzarote-und-seine-wege\/#breadcrumb\",\"itemListElement\":[{\"@type\":\"ListItem\",\"position\":1,\"name\":\"Portada\",\"item\":\"https:\/\/hotelpocillosplaya.com\/\"},{\"@type\":\"ListItem\",\"position\":2,\"name\":\"Lanzarote und seine wege\"}]},{\"@type\":\"WebSite\",\"@id\":\"https:\/\/hotelpocillosplaya.com\/#website\",\"url\":\"https:\/\/hotelpocillosplaya.com\/\",\"name\":\"Hotel Pocillos Playa\",\"description\":\"Hotel Pocillos Playa\",\"publisher\":{\"@id\":\"https:\/\/hotelpocillosplaya.com\/#organization\"},\"potentialAction\":[{\"@type\":\"SearchAction\",\"target\":{\"@type\":\"EntryPoint\",\"urlTemplate\":\"https:\/\/hotelpocillosplaya.com\/?s={search_term_string}\"},\"query-input\":{\"@type\":\"PropertyValueSpecification\",\"valueRequired\":true,\"valueName\":\"search_term_string\"}}],\"inLanguage\":\"de\"},{\"@type\":\"Organization\",\"@id\":\"https:\/\/hotelpocillosplaya.com\/#organization\",\"name\":\"Hotel Pocillos Playa\",\"url\":\"https:\/\/hotelpocillosplaya.com\/\",\"logo\":{\"@type\":\"ImageObject\",\"inLanguage\":\"de\",\"@id\":\"https:\/\/hotelpocillosplaya.com\/#\/schema\/logo\/image\/\",\"url\":\"https:\/\/hotelpocillosplaya.com\/wp-content\/uploads\/2022\/05\/PPHL-BLANCO-TRANSP-e1652870808740.png\",\"contentUrl\":\"https:\/\/hotelpocillosplaya.com\/wp-content\/uploads\/2022\/05\/PPHL-BLANCO-TRANSP-e1652870808740.png\",\"width\":1368,\"height\":367,\"caption\":\"Hotel Pocillos Playa\"},\"image\":{\"@id\":\"https:\/\/hotelpocillosplaya.com\/#\/schema\/logo\/image\/\"}}]}<\/script>\n<!-- \/ Yoast SEO plugin. -->","yoast_head_json":{"title":"Lanzarote und seine wege - Hotel Pocillos Playa","robots":{"index":"index","follow":"follow","max-snippet":"max-snippet:-1","max-image-preview":"max-image-preview:large","max-video-preview":"max-video-preview:-1"},"canonical":"https:\/\/hotelpocillosplaya.com\/de\/lanzarote-und-seine-wege\/","og_locale":"de_DE","og_type":"article","og_title":"Lanzarote und seine wege - Hotel Pocillos Playa","og_description":"AUSFL\u00dcGE Wanderrouten zur Entdeckung der Vulkanlandschaft von Lanzarote. Wanderrouten durch idyllische Orte auf der Insel. Die s\u00fcdliche Route ist leichter, f\u00fcr ein breiteres Publikum geeignet, aber immer in guter k\u00f6rperlicher Verfassung. Sie dauert etwa 3 Stunden und umfasst 7 Kilometer. Die Nordroute ist mittelschwer, mit einem H\u00f6henunterschied von +\/- 300 Metern. Es ist wichtig, festes [&hellip;]","og_url":"https:\/\/hotelpocillosplaya.com\/de\/lanzarote-und-seine-wege\/","og_site_name":"Hotel Pocillos Playa","article_modified_time":"2024-01-04T11:56:29+00:00","twitter_card":"summary_large_image","twitter_misc":{"Gesch\u00e4tzte Lesezeit":"1\u00a0Minute"},"schema":{"@context":"https:\/\/schema.org","@graph":[{"@type":"WebPage","@id":"https:\/\/hotelpocillosplaya.com\/de\/lanzarote-und-seine-wege\/","url":"https:\/\/hotelpocillosplaya.com\/de\/lanzarote-und-seine-wege\/","name":"Lanzarote und seine wege - Hotel Pocillos Playa","isPartOf":{"@id":"https:\/\/hotelpocillosplaya.com\/#website"},"datePublished":"2023-04-28T08:51:35+00:00","dateModified":"2024-01-04T11:56:29+00:00","breadcrumb":{"@id":"https:\/\/hotelpocillosplaya.com\/de\/lanzarote-und-seine-wege\/#breadcrumb"},"inLanguage":"de","potentialAction":[{"@type":"ReadAction","target":["https:\/\/hotelpocillosplaya.com\/de\/lanzarote-und-seine-wege\/"]}]},{"@type":"BreadcrumbList","@id":"https:\/\/hotelpocillosplaya.com\/de\/lanzarote-und-seine-wege\/#breadcrumb","itemListElement":[{"@type":"ListItem","position":1,"name":"Portada","item":"https:\/\/hotelpocillosplaya.com\/"},{"@type":"ListItem","position":2,"name":"Lanzarote und seine wege"}]},{"@type":"WebSite","@id":"https:\/\/hotelpocillosplaya.com\/#website","url":"https:\/\/hotelpocillosplaya.com\/","name":"Hotel Pocillos Playa","description":"Hotel Pocillos Playa","publisher":{"@id":"https:\/\/hotelpocillosplaya.com\/#organization"},"potentialAction":[{"@type":"SearchAction","target":{"@type":"EntryPoint","urlTemplate":"https:\/\/hotelpocillosplaya.com\/?s={search_term_string}"},"query-input":{"@type":"PropertyValueSpecification","valueRequired":true,"valueName":"search_term_string"}}],"inLanguage":"de"},{"@type":"Organization","@id":"https:\/\/hotelpocillosplaya.com\/#organization","name":"Hotel Pocillos Playa","url":"https:\/\/hotelpocillosplaya.com\/","logo":{"@type":"ImageObject","inLanguage":"de","@id":"https:\/\/hotelpocillosplaya.com\/#\/schema\/logo\/image\/","url":"https:\/\/hotelpocillosplaya.com\/wp-content\/uploads\/2022\/05\/PPHL-BLANCO-TRANSP-e1652870808740.png","contentUrl":"https:\/\/hotelpocillosplaya.com\/wp-content\/uploads\/2022\/05\/PPHL-BLANCO-TRANSP-e1652870808740.png","width":1368,"height":367,"caption":"Hotel Pocillos Playa"},"image":{"@id":"https:\/\/hotelpocillosplaya.com\/#\/schema\/logo\/image\/"}}]}},"_links":{"self":[{"href":"https:\/\/hotelpocillosplaya.com\/de\/wp-json\/wp\/v2\/pages\/4827","targetHints":{"allow":["GET"]}}],"collection":[{"href":"https:\/\/hotelpocillosplaya.com\/de\/wp-json\/wp\/v2\/pages"}],"about":[{"href":"https:\/\/hotelpocillosplaya.com\/de\/wp-json\/wp\/v2\/types\/page"}],"author":[{"embeddable":true,"href":"https:\/\/hotelpocillosplaya.com\/de\/wp-json\/wp\/v2\/users\/1"}],"replies":[{"embeddable":true,"href":"https:\/\/hotelpocillosplaya.com\/de\/wp-json\/wp\/v2\/comments?post=4827"}],"version-history":[{"count":5,"href":"https:\/\/hotelpocillosplaya.com\/de\/wp-json\/wp\/v2\/pages\/4827\/revisions"}],"predecessor-version":[{"id":5092,"href":"https:\/\/hotelpocillosplaya.com\/de\/wp-json\/wp\/v2\/pages\/4827\/revisions\/5092"}],"wp:attachment":[{"href":"https:\/\/hotelpocillosplaya.com\/de\/wp-json\/wp\/v2\/media?parent=4827"}],"curies":[{"name":"wp","href":"https:\/\/api.w.org\/{rel}","templated":true}]}}