{"id":3236,"date":"2022-05-23T16:39:44","date_gmt":"2022-05-23T16:39:44","guid":{"rendered":"https:\/\/test.hotelpocillosplaya.com\/gastronomie\/"},"modified":"2026-01-22T14:26:54","modified_gmt":"2026-01-22T14:26:54","slug":"gastronomie","status":"publish","type":"page","link":"https:\/\/hotelpocillosplaya.com\/de\/gastronomie\/","title":{"rendered":"Gastronomie"},"content":{"rendered":"\t\t<div data-elementor-type=\"wp-page\" data-elementor-id=\"3236\" class=\"elementor elementor-3236 elementor-645\" data-elementor-post-type=\"page\">\n\t\t\t\t\t\t<section class=\"elementor-section elementor-top-section elementor-element elementor-element-8eba192 elementor-section-height-min-height elementor-section-boxed elementor-section-height-default elementor-section-items-middle\" data-id=\"8eba192\" data-element_type=\"section\" data-settings=\"{&quot;background_background&quot;:&quot;classic&quot;}\">\n\t\t\t\t\t\t\t<div class=\"elementor-background-overlay\"><\/div>\n\t\t\t\t\t\t\t<div class=\"elementor-container elementor-column-gap-default\">\n\t\t\t\t\t<div class=\"elementor-column elementor-col-100 elementor-top-column elementor-element elementor-element-2d16bc0\" data-id=\"2d16bc0\" data-element_type=\"column\" data-settings=\"{&quot;background_background&quot;:&quot;classic&quot;}\">\n\t\t\t<div class=\"elementor-widget-wrap elementor-element-populated\">\n\t\t\t\t\t\t<div class=\"elementor-element elementor-element-b43e402 elementor-widget elementor-widget-heading\" data-id=\"b43e402\" data-element_type=\"widget\" data-widget_type=\"heading.default\">\n\t\t\t\t<div class=\"elementor-widget-container\">\n\t\t\t\t\t<h2 class=\"elementor-heading-title elementor-size-default\">UNSERE RESTAURANTS<\/h2>\t\t\t\t<\/div>\n\t\t\t\t<\/div>\n\t\t\t\t<div class=\"elementor-element elementor-element-8df80c2 elementor-widget elementor-widget-heading\" data-id=\"8df80c2\" data-element_type=\"widget\" data-widget_type=\"heading.default\">\n\t\t\t\t<div class=\"elementor-widget-container\">\n\t\t\t\t\t<h1 class=\"elementor-heading-title elementor-size-default\">GASTRONOMIE<\/h1>\t\t\t\t<\/div>\n\t\t\t\t<\/div>\n\t\t\t\t\t<\/div>\n\t\t<\/div>\n\t\t\t\t\t<\/div>\n\t\t<\/section>\n\t\t\t\t<section class=\"elementor-section elementor-top-section elementor-element elementor-element-d6621da elementor-section-boxed elementor-section-height-default elementor-section-height-default\" data-id=\"d6621da\" data-element_type=\"section\">\n\t\t\t\t\t\t<div class=\"elementor-container elementor-column-gap-default\">\n\t\t\t\t\t<div class=\"elementor-column elementor-col-33 elementor-top-column elementor-element elementor-element-bddc89b\" data-id=\"bddc89b\" data-element_type=\"column\">\n\t\t\t<div class=\"elementor-widget-wrap elementor-element-populated\">\n\t\t\t\t\t\t<div class=\"elementor-element elementor-element-d525517 elementor-widget elementor-widget-heading\" data-id=\"d525517\" data-element_type=\"widget\" data-widget_type=\"heading.default\">\n\t\t\t\t<div class=\"elementor-widget-container\">\n\t\t\t\t\t<h2 class=\"elementor-heading-title elementor-size-default\">F\u00dcR JEDEN GESCHMACK<\/h2>\t\t\t\t<\/div>\n\t\t\t\t<\/div>\n\t\t\t\t<div class=\"elementor-element elementor-element-0bea60c elementor-widget elementor-widget-heading\" data-id=\"0bea60c\" data-element_type=\"widget\" data-widget_type=\"heading.default\">\n\t\t\t\t<div class=\"elementor-widget-container\">\n\t\t\t\t\t<h2 class=\"elementor-heading-title elementor-size-default\">UNSERE RESTAURANTS<\/h2>\t\t\t\t<\/div>\n\t\t\t\t<\/div>\n\t\t\t\t<div class=\"elementor-element elementor-element-1aac598 elementor-widget elementor-widget-text-editor\" data-id=\"1aac598\" data-element_type=\"widget\" data-widget_type=\"text-editor.default\">\n\t\t\t\t<div class=\"elementor-widget-container\">\n\t\t\t\t\t\t\t\t\t<p>Das Pocillos Playa Hotel bietet Ihnen eine lebendige und hochwertige K\u00fcche. Wir verwenden erstklassige Lebensmittel, um reichhaltige Gerichte zu kreieren, die jeden Gaumen zufriedenstellen. <\/p><p>Sie k\u00f6nnen die besten internationalen Rezepte und Aromen in unserem Hauptrestaurant genie\u00dfen oder einfach einen Cocktail trinken, w\u00e4hrend Sie in einem Moment der Entspannung das Meer auf der Sonnenterrasse betrachten.<\/p><p><strong><span class=\"punto-lista\">\u2022 <\/span>Buffet Restaurant<\/strong><br><strong><span class=\"punto-lista\">\u2022 <\/span>Bar &amp; Snacks<\/strong><\/p>\t\t\t\t\t\t\t\t<\/div>\n\t\t\t\t<\/div>\n\t\t\t\t\t<\/div>\n\t\t<\/div>\n\t\t\t\t<div class=\"elementor-column elementor-col-33 elementor-top-column elementor-element elementor-element-c46e7f1 custom-height-column\" data-id=\"c46e7f1\" data-element_type=\"column\" data-settings=\"{&quot;background_background&quot;:&quot;classic&quot;}\">\n\t\t\t<div class=\"elementor-widget-wrap\">\n\t\t\t\t\t\t\t<\/div>\n\t\t<\/div>\n\t\t\t\t<div class=\"elementor-column elementor-col-33 elementor-top-column elementor-element elementor-element-6a12fef custom-height-column\" data-id=\"6a12fef\" data-element_type=\"column\" data-settings=\"{&quot;background_background&quot;:&quot;classic&quot;}\">\n\t\t\t<div class=\"elementor-widget-wrap\">\n\t\t\t\t\t\t\t<\/div>\n\t\t<\/div>\n\t\t\t\t\t<\/div>\n\t\t<\/section>\n\t\t\t\t<section class=\"elementor-section elementor-top-section elementor-element elementor-element-8261434 elementor-section-full_width elementor-section-height-default elementor-section-height-default\" data-id=\"8261434\" data-element_type=\"section\">\n\t\t\t\t\t\t<div class=\"elementor-container elementor-column-gap-default\">\n\t\t\t\t\t<div class=\"elementor-column elementor-col-50 elementor-top-column elementor-element elementor-element-449b2c9 custom-height-column\" data-id=\"449b2c9\" data-element_type=\"column\" data-settings=\"{&quot;background_background&quot;:&quot;slideshow&quot;,&quot;background_slideshow_gallery&quot;:[{&quot;id&quot;:5931,&quot;url&quot;:&quot;https:\\\/\\\/hotelpocillosplaya.com\\\/wp-content\\\/uploads\\\/2025\\\/01\\\/Imagen-de-WhatsApp-2025-01-24-a-las-13.36.35_948ce19d.jpg&quot;},{&quot;id&quot;:6324,&quot;url&quot;:&quot;https:\\\/\\\/hotelpocillosplaya.com\\\/wp-content\\\/uploads\\\/2026\\\/01\\\/Imagen1.jpeg&quot;},{&quot;id&quot;:6327,&quot;url&quot;:&quot;https:\\\/\\\/hotelpocillosplaya.com\\\/wp-content\\\/uploads\\\/2026\\\/01\\\/Imagen2.jpeg&quot;}],&quot;background_slideshow_slide_duration&quot;:3000,&quot;background_slideshow_loop&quot;:&quot;yes&quot;,&quot;background_slideshow_slide_transition&quot;:&quot;fade&quot;,&quot;background_slideshow_transition_duration&quot;:500}\">\n\t\t\t<div class=\"elementor-widget-wrap\">\n\t\t\t\t\t\t\t<\/div>\n\t\t<\/div>\n\t\t\t\t<div class=\"elementor-column elementor-col-50 elementor-top-column elementor-element elementor-element-50404f2\" data-id=\"50404f2\" data-element_type=\"column\" data-settings=\"{&quot;background_background&quot;:&quot;classic&quot;}\">\n\t\t\t<div class=\"elementor-widget-wrap elementor-element-populated\">\n\t\t\t\t\t\t<div class=\"elementor-element elementor-element-6b616d7 elementor-widget elementor-widget-heading\" data-id=\"6b616d7\" data-element_type=\"widget\" data-widget_type=\"heading.default\">\n\t\t\t\t<div class=\"elementor-widget-container\">\n\t\t\t\t\t<h2 class=\"elementor-heading-title elementor-size-default\">IN DER LOBBY<\/h2>\t\t\t\t<\/div>\n\t\t\t\t<\/div>\n\t\t\t\t<div class=\"elementor-element elementor-element-6a6784a elementor-widget elementor-widget-heading\" data-id=\"6a6784a\" data-element_type=\"widget\" data-widget_type=\"heading.default\">\n\t\t\t\t<div class=\"elementor-widget-container\">\n\t\t\t\t\t<h2 class=\"elementor-heading-title elementor-size-default\">BAR<\/h2>\t\t\t\t<\/div>\n\t\t\t\t<\/div>\n\t\t\t\t<div class=\"elementor-element elementor-element-63d6b8c elementor-widget elementor-widget-text-editor\" data-id=\"63d6b8c\" data-element_type=\"widget\" data-widget_type=\"text-editor.default\">\n\t\t\t\t<div class=\"elementor-widget-container\">\n\t\t\t\t\t\t\t\t\t<p>Genie\u00dfen Sie tags\u00fcber oder nachts alle Getr\u00e4nke wie Cocktails, Weine und S\u00e4fte auf einer der Terrassen und in den R\u00e4umen des Hotels.<\/p>\n<p>Eine unverzichtbare Bar w\u00e4hrend Ihres Urlaubs. Hier k\u00f6nnen Sie eine Vielzahl von Unterhaltung genie\u00dfen, darunter Comedy-Shows, Zauberei, Wettbewerbe &#8230; sogar Live-Musik.<\/p>\n<p><span class=\"punto-lista-w\">\u2022 <\/span><strong>Fr\u00fchst\u00fcck an der Bar 10:00-12:00<\/strong><\/p>\n<p><span class=\"punto-lista-w\">\u2022 <\/span><strong>Ap\u00e9ro 11:30-13:00<\/strong><\/p>\n<p><span class=\"punto-lista-w\">\u2022 <\/span><strong>Kaffeeservice 14:30-17:00<\/strong><\/p>\n<p><span class=\"punto-lista-w\">\u2022 <\/span><strong>Themensnack 17:00 &#8211; 19:00<\/strong><\/p>\n<p><span class=\"punto-lista-w\">\u2022 <\/span><strong>Abendsnack 21:00 &#8211; 23:00 Uhr<\/strong><\/p>\n<p><span class=\"punto-lista-w\">\u2022 <\/span><strong>All-Inclusive-Getr\u00e4nke 10:00 &#8211; 23:00 Uhr<\/strong><\/p>\t\t\t\t\t\t\t\t<\/div>\n\t\t\t\t<\/div>\n\t\t\t\t\t<\/div>\n\t\t<\/div>\n\t\t\t\t\t<\/div>\n\t\t<\/section>\n\t\t\t\t<section class=\"elementor-section elementor-top-section elementor-element elementor-element-687dde4 elementor-section-boxed elementor-section-height-default elementor-section-height-default\" data-id=\"687dde4\" data-element_type=\"section\">\n\t\t\t\t\t\t<div class=\"elementor-container elementor-column-gap-default\">\n\t\t\t\t\t<div class=\"elementor-column elementor-col-50 elementor-top-column elementor-element elementor-element-c7da63d\" data-id=\"c7da63d\" data-element_type=\"column\">\n\t\t\t<div class=\"elementor-widget-wrap elementor-element-populated\">\n\t\t\t\t\t\t<div class=\"elementor-element elementor-element-1e121f6 elementor-widget elementor-widget-heading\" data-id=\"1e121f6\" data-element_type=\"widget\" data-widget_type=\"heading.default\">\n\t\t\t\t<div class=\"elementor-widget-container\">\n\t\t\t\t\t<h2 class=\"elementor-heading-title elementor-size-default\">RESTAURANT<\/h2>\t\t\t\t<\/div>\n\t\t\t\t<\/div>\n\t\t\t\t<div class=\"elementor-element elementor-element-ee9dfa6 elementor-widget elementor-widget-heading\" data-id=\"ee9dfa6\" data-element_type=\"widget\" data-widget_type=\"heading.default\">\n\t\t\t\t<div class=\"elementor-widget-container\">\n\t\t\t\t\t<h2 class=\"elementor-heading-title elementor-size-default\">BUFFET<\/h2>\t\t\t\t<\/div>\n\t\t\t\t<\/div>\n\t\t\t\t<div class=\"elementor-element elementor-element-4cc2e17 elementor-widget elementor-widget-text-editor\" data-id=\"4cc2e17\" data-element_type=\"widget\" data-widget_type=\"text-editor.default\">\n\t\t\t\t<div class=\"elementor-widget-container\">\n\t\t\t\t\t\t\t\t\t<p>Das Restaurant mit Blick auf einen Innengarten im Lanzarote-Stil bietet eine gro\u00dfe Auswahl an Produkten zum Fr\u00fchst\u00fcck, Mittag- und Abendessen in Buffetform. Hier k\u00f6nnen Sie Show Cooking, Marktk\u00fcche, nationale und internationale Gerichte und Themenabende an f\u00fcnf Abenden in der Woche genie\u00dfen. <\/p><p><span class=\"punto-lista\">\u2022 <\/span><strong>Fr\u00fchst\u00fccksbuffet von 8:00 bis 10:00 Uhr<\/strong><\/p><p><span class=\"punto-lista\">\u2022 <\/span><strong>Mittagsbuffet Von 13:00 bis 14:30 Uhr<\/strong><\/p><p><span class=\"punto-lista\">\u2022 <\/span><strong>Abendbuffet Ab 19:00 Uhr bis 21:00 Uhr<\/strong><\/p>\t\t\t\t\t\t\t\t<\/div>\n\t\t\t\t<\/div>\n\t\t\t\t\t<\/div>\n\t\t<\/div>\n\t\t\t\t<div class=\"elementor-column elementor-col-50 elementor-top-column elementor-element elementor-element-eb04ca9\" data-id=\"eb04ca9\" data-element_type=\"column\">\n\t\t\t<div class=\"elementor-widget-wrap elementor-element-populated\">\n\t\t\t\t\t\t<div class=\"elementor-element elementor-element-af9c0cd elementor-arrows-position-inside elementor-pagination-position-outside elementor-widget elementor-widget-image-carousel\" data-id=\"af9c0cd\" data-element_type=\"widget\" data-settings=\"{&quot;slides_to_show&quot;:&quot;1&quot;,&quot;navigation&quot;:&quot;both&quot;,&quot;autoplay&quot;:&quot;yes&quot;,&quot;pause_on_hover&quot;:&quot;yes&quot;,&quot;pause_on_interaction&quot;:&quot;yes&quot;,&quot;autoplay_speed&quot;:5000,&quot;infinite&quot;:&quot;yes&quot;,&quot;effect&quot;:&quot;slide&quot;,&quot;speed&quot;:500}\" data-widget_type=\"image-carousel.default\">\n\t\t\t\t<div class=\"elementor-widget-container\">\n\t\t\t\t\t\t\t<div class=\"elementor-image-carousel-wrapper swiper\" role=\"region\" aria-roledescription=\"carousel\" aria-label=\"Image Carousel\" dir=\"ltr\">\n\t\t\t<div class=\"elementor-image-carousel swiper-wrapper\" aria-live=\"off\">\n\t\t\t\t\t\t\t\t<div class=\"swiper-slide\" role=\"group\" aria-roledescription=\"slide\" aria-label=\"1 von 3\"><figure class=\"swiper-slide-inner\"><img decoding=\"async\" class=\"swiper-slide-image\" src=\"https:\/\/hotelpocillosplaya.com\/wp-content\/uploads\/elementor\/thumbs\/Imagen-de-WhatsApp-2025-01-27-a-las-13.19.29_8b6130f0-1-r0pphp2ase6b5jxrays3ddodoyqkr4nv16qhjqwsp4.jpg\" alt=\"Imagen-de-WhatsApp-2025-01-27-a-las-13.19.29_8b6130f0.jpg\" \/><\/figure><\/div><div class=\"swiper-slide\" role=\"group\" aria-roledescription=\"slide\" aria-label=\"2 von 3\"><figure class=\"swiper-slide-inner\"><img decoding=\"async\" class=\"swiper-slide-image\" src=\"https:\/\/hotelpocillosplaya.com\/wp-content\/uploads\/elementor\/thumbs\/Imagen-de-WhatsApp-2025-01-27-a-las-13.19.29_c17483fe-1-r0pphrvtcwa64dtnuhzz2uyrh4coe7z21koxzksm6g.jpg\" alt=\"Imagen-de-WhatsApp-2025-01-27-a-las-13.19.29_c17483fe.jpg\" \/><\/figure><\/div><div class=\"swiper-slide\" role=\"group\" aria-roledescription=\"slide\" aria-label=\"3 von 3\"><figure class=\"swiper-slide-inner\"><img decoding=\"async\" class=\"swiper-slide-image\" src=\"https:\/\/hotelpocillosplaya.com\/wp-content\/uploads\/elementor\/thumbs\/Imagen-de-WhatsApp-2025-01-27-a-las-13.19.31_7ac94929-2-r0pphvn648fbeto78jmhcu0lunu590dze3avwon1hk.jpg\" alt=\"Imagen-de-WhatsApp-2025-01-27-a-las-13.19.31_7ac94929.jpg\" \/><\/figure><\/div>\t\t\t<\/div>\n\t\t\t\t\t\t\t\t\t\t\t\t<div class=\"elementor-swiper-button elementor-swiper-button-prev\" role=\"button\" tabindex=\"0\">\n\t\t\t\t\t\t<i aria-hidden=\"true\" class=\"eicon-chevron-left\"><\/i>\t\t\t\t\t<\/div>\n\t\t\t\t\t<div class=\"elementor-swiper-button elementor-swiper-button-next\" role=\"button\" tabindex=\"0\">\n\t\t\t\t\t\t<i aria-hidden=\"true\" class=\"eicon-chevron-right\"><\/i>\t\t\t\t\t<\/div>\n\t\t\t\t\n\t\t\t\t\t\t\t\t\t<div class=\"swiper-pagination\"><\/div>\n\t\t\t\t\t\t\t\t\t<\/div>\n\t\t\t\t\t\t<\/div>\n\t\t\t\t<\/div>\n\t\t\t\t\t<\/div>\n\t\t<\/div>\n\t\t\t\t\t<\/div>\n\t\t<\/section>\n\t\t\t\t<\/div>\n\t\t","protected":false},"excerpt":{"rendered":"<p>UNSERE RESTAURANTS GASTRONOMIE F\u00dcR JEDEN GESCHMACK UNSERE RESTAURANTS Das Pocillos Playa Hotel bietet Ihnen eine lebendige und hochwertige K\u00fcche. Wir verwenden erstklassige Lebensmittel, um reichhaltige Gerichte zu kreieren, die jeden Gaumen zufriedenstellen. Sie k\u00f6nnen die besten internationalen Rezepte und Aromen in unserem Hauptrestaurant genie\u00dfen oder einfach einen Cocktail trinken, w\u00e4hrend Sie in einem Moment der [&hellip;]<\/p>\n","protected":false},"author":1,"featured_media":0,"parent":0,"menu_order":0,"comment_status":"closed","ping_status":"closed","template":"","meta":{"_acf_changed":false,"inline_featured_image":false,"footnotes":""},"class_list":["post-3236","page","type-page","status-publish","hentry"],"acf":[],"yoast_head":"<!-- This site is optimized with the Yoast SEO plugin v26.8 - https:\/\/yoast.com\/product\/yoast-seo-wordpress\/ -->\n<title>Gastronomie - Hotel Pocillos Playa<\/title>\n<meta name=\"robots\" content=\"index, follow, max-snippet:-1, max-image-preview:large, max-video-preview:-1\" \/>\n<link rel=\"canonical\" href=\"https:\/\/hotelpocillosplaya.com\/gastronomia\/\" \/>\n<meta property=\"og:locale\" content=\"de_DE\" \/>\n<meta property=\"og:type\" content=\"article\" \/>\n<meta property=\"og:title\" content=\"Gastronomie - Hotel Pocillos Playa\" \/>\n<meta property=\"og:description\" content=\"UNSERE RESTAURANTS GASTRONOMIE F\u00dcR JEDEN GESCHMACK UNSERE RESTAURANTS Das Pocillos Playa Hotel bietet Ihnen eine lebendige und hochwertige K\u00fcche. Wir verwenden erstklassige Lebensmittel, um reichhaltige Gerichte zu kreieren, die jeden Gaumen zufriedenstellen. Sie k\u00f6nnen die besten internationalen Rezepte und Aromen in unserem Hauptrestaurant genie\u00dfen oder einfach einen Cocktail trinken, w\u00e4hrend Sie in einem Moment der [&hellip;]\" \/>\n<meta property=\"og:url\" content=\"https:\/\/hotelpocillosplaya.com\/gastronomia\/\" \/>\n<meta property=\"og:site_name\" content=\"Hotel Pocillos Playa\" \/>\n<meta property=\"article:modified_time\" content=\"2026-01-22T14:26:54+00:00\" \/>\n<meta property=\"og:image\" content=\"https:\/\/hotelpocillosplaya.com\/wp-content\/uploads\/elementor\/thumbs\/Imagen-de-WhatsApp-2025-01-27-a-las-13.19.29_8b6130f0-1-r0pphp2ase6b5jxrays3ddodoyqkr4nv16qhjqwsp4.jpg\" \/>\n<meta name=\"twitter:card\" content=\"summary_large_image\" \/>\n<meta name=\"twitter:label1\" content=\"Gesch\u00e4tzte Lesezeit\" \/>\n\t<meta name=\"twitter:data1\" content=\"3\u00a0Minuten\" \/>\n<script type=\"application\/ld+json\" class=\"yoast-schema-graph\">{\"@context\":\"https:\/\/schema.org\",\"@graph\":[{\"@type\":\"WebPage\",\"@id\":\"https:\/\/hotelpocillosplaya.com\/gastronomia\/\",\"url\":\"https:\/\/hotelpocillosplaya.com\/gastronomia\/\",\"name\":\"Gastronomie - Hotel Pocillos Playa\",\"isPartOf\":{\"@id\":\"https:\/\/hotelpocillosplaya.com\/#website\"},\"primaryImageOfPage\":{\"@id\":\"https:\/\/hotelpocillosplaya.com\/gastronomia\/#primaryimage\"},\"image\":{\"@id\":\"https:\/\/hotelpocillosplaya.com\/gastronomia\/#primaryimage\"},\"thumbnailUrl\":\"https:\/\/hotelpocillosplaya.com\/wp-content\/uploads\/elementor\/thumbs\/Imagen-de-WhatsApp-2025-01-27-a-las-13.19.29_8b6130f0-1-r0pphp2ase6b5jxrays3ddodoyqkr4nv16qhjqwsp4.jpg\",\"datePublished\":\"2022-05-23T16:39:44+00:00\",\"dateModified\":\"2026-01-22T14:26:54+00:00\",\"breadcrumb\":{\"@id\":\"https:\/\/hotelpocillosplaya.com\/gastronomia\/#breadcrumb\"},\"inLanguage\":\"de\",\"potentialAction\":[{\"@type\":\"ReadAction\",\"target\":[\"https:\/\/hotelpocillosplaya.com\/gastronomia\/\"]}]},{\"@type\":\"ImageObject\",\"inLanguage\":\"de\",\"@id\":\"https:\/\/hotelpocillosplaya.com\/gastronomia\/#primaryimage\",\"url\":\"https:\/\/hotelpocillosplaya.com\/wp-content\/uploads\/elementor\/thumbs\/Imagen-de-WhatsApp-2025-01-27-a-las-13.19.29_8b6130f0-1-r0pphp2ase6b5jxrays3ddodoyqkr4nv16qhjqwsp4.jpg\",\"contentUrl\":\"https:\/\/hotelpocillosplaya.com\/wp-content\/uploads\/elementor\/thumbs\/Imagen-de-WhatsApp-2025-01-27-a-las-13.19.29_8b6130f0-1-r0pphp2ase6b5jxrays3ddodoyqkr4nv16qhjqwsp4.jpg\"},{\"@type\":\"BreadcrumbList\",\"@id\":\"https:\/\/hotelpocillosplaya.com\/gastronomia\/#breadcrumb\",\"itemListElement\":[{\"@type\":\"ListItem\",\"position\":1,\"name\":\"Portada\",\"item\":\"https:\/\/hotelpocillosplaya.com\/\"},{\"@type\":\"ListItem\",\"position\":2,\"name\":\"Gastronomie\"}]},{\"@type\":\"WebSite\",\"@id\":\"https:\/\/hotelpocillosplaya.com\/#website\",\"url\":\"https:\/\/hotelpocillosplaya.com\/\",\"name\":\"Hotel Pocillos Playa\",\"description\":\"Hotel Pocillos Playa\",\"publisher\":{\"@id\":\"https:\/\/hotelpocillosplaya.com\/#organization\"},\"potentialAction\":[{\"@type\":\"SearchAction\",\"target\":{\"@type\":\"EntryPoint\",\"urlTemplate\":\"https:\/\/hotelpocillosplaya.com\/?s={search_term_string}\"},\"query-input\":{\"@type\":\"PropertyValueSpecification\",\"valueRequired\":true,\"valueName\":\"search_term_string\"}}],\"inLanguage\":\"de\"},{\"@type\":\"Organization\",\"@id\":\"https:\/\/hotelpocillosplaya.com\/#organization\",\"name\":\"Hotel Pocillos Playa\",\"url\":\"https:\/\/hotelpocillosplaya.com\/\",\"logo\":{\"@type\":\"ImageObject\",\"inLanguage\":\"de\",\"@id\":\"https:\/\/hotelpocillosplaya.com\/#\/schema\/logo\/image\/\",\"url\":\"https:\/\/hotelpocillosplaya.com\/wp-content\/uploads\/2022\/05\/PPHL-BLANCO-TRANSP-e1652870808740.png\",\"contentUrl\":\"https:\/\/hotelpocillosplaya.com\/wp-content\/uploads\/2022\/05\/PPHL-BLANCO-TRANSP-e1652870808740.png\",\"width\":1368,\"height\":367,\"caption\":\"Hotel Pocillos Playa\"},\"image\":{\"@id\":\"https:\/\/hotelpocillosplaya.com\/#\/schema\/logo\/image\/\"}}]}<\/script>\n<!-- \/ Yoast SEO plugin. -->","yoast_head_json":{"title":"Gastronomie - Hotel Pocillos Playa","robots":{"index":"index","follow":"follow","max-snippet":"max-snippet:-1","max-image-preview":"max-image-preview:large","max-video-preview":"max-video-preview:-1"},"canonical":"https:\/\/hotelpocillosplaya.com\/gastronomia\/","og_locale":"de_DE","og_type":"article","og_title":"Gastronomie - Hotel Pocillos Playa","og_description":"UNSERE RESTAURANTS GASTRONOMIE F\u00dcR JEDEN GESCHMACK UNSERE RESTAURANTS Das Pocillos Playa Hotel bietet Ihnen eine lebendige und hochwertige K\u00fcche. Wir verwenden erstklassige Lebensmittel, um reichhaltige Gerichte zu kreieren, die jeden Gaumen zufriedenstellen. Sie k\u00f6nnen die besten internationalen Rezepte und Aromen in unserem Hauptrestaurant genie\u00dfen oder einfach einen Cocktail trinken, w\u00e4hrend Sie in einem Moment der [&hellip;]","og_url":"https:\/\/hotelpocillosplaya.com\/gastronomia\/","og_site_name":"Hotel Pocillos Playa","article_modified_time":"2026-01-22T14:26:54+00:00","og_image":[{"url":"https:\/\/hotelpocillosplaya.com\/wp-content\/uploads\/elementor\/thumbs\/Imagen-de-WhatsApp-2025-01-27-a-las-13.19.29_8b6130f0-1-r0pphp2ase6b5jxrays3ddodoyqkr4nv16qhjqwsp4.jpg","type":"","width":"","height":""}],"twitter_card":"summary_large_image","twitter_misc":{"Gesch\u00e4tzte Lesezeit":"3\u00a0Minuten"},"schema":{"@context":"https:\/\/schema.org","@graph":[{"@type":"WebPage","@id":"https:\/\/hotelpocillosplaya.com\/gastronomia\/","url":"https:\/\/hotelpocillosplaya.com\/gastronomia\/","name":"Gastronomie - Hotel Pocillos Playa","isPartOf":{"@id":"https:\/\/hotelpocillosplaya.com\/#website"},"primaryImageOfPage":{"@id":"https:\/\/hotelpocillosplaya.com\/gastronomia\/#primaryimage"},"image":{"@id":"https:\/\/hotelpocillosplaya.com\/gastronomia\/#primaryimage"},"thumbnailUrl":"https:\/\/hotelpocillosplaya.com\/wp-content\/uploads\/elementor\/thumbs\/Imagen-de-WhatsApp-2025-01-27-a-las-13.19.29_8b6130f0-1-r0pphp2ase6b5jxrays3ddodoyqkr4nv16qhjqwsp4.jpg","datePublished":"2022-05-23T16:39:44+00:00","dateModified":"2026-01-22T14:26:54+00:00","breadcrumb":{"@id":"https:\/\/hotelpocillosplaya.com\/gastronomia\/#breadcrumb"},"inLanguage":"de","potentialAction":[{"@type":"ReadAction","target":["https:\/\/hotelpocillosplaya.com\/gastronomia\/"]}]},{"@type":"ImageObject","inLanguage":"de","@id":"https:\/\/hotelpocillosplaya.com\/gastronomia\/#primaryimage","url":"https:\/\/hotelpocillosplaya.com\/wp-content\/uploads\/elementor\/thumbs\/Imagen-de-WhatsApp-2025-01-27-a-las-13.19.29_8b6130f0-1-r0pphp2ase6b5jxrays3ddodoyqkr4nv16qhjqwsp4.jpg","contentUrl":"https:\/\/hotelpocillosplaya.com\/wp-content\/uploads\/elementor\/thumbs\/Imagen-de-WhatsApp-2025-01-27-a-las-13.19.29_8b6130f0-1-r0pphp2ase6b5jxrays3ddodoyqkr4nv16qhjqwsp4.jpg"},{"@type":"BreadcrumbList","@id":"https:\/\/hotelpocillosplaya.com\/gastronomia\/#breadcrumb","itemListElement":[{"@type":"ListItem","position":1,"name":"Portada","item":"https:\/\/hotelpocillosplaya.com\/"},{"@type":"ListItem","position":2,"name":"Gastronomie"}]},{"@type":"WebSite","@id":"https:\/\/hotelpocillosplaya.com\/#website","url":"https:\/\/hotelpocillosplaya.com\/","name":"Hotel Pocillos Playa","description":"Hotel Pocillos Playa","publisher":{"@id":"https:\/\/hotelpocillosplaya.com\/#organization"},"potentialAction":[{"@type":"SearchAction","target":{"@type":"EntryPoint","urlTemplate":"https:\/\/hotelpocillosplaya.com\/?s={search_term_string}"},"query-input":{"@type":"PropertyValueSpecification","valueRequired":true,"valueName":"search_term_string"}}],"inLanguage":"de"},{"@type":"Organization","@id":"https:\/\/hotelpocillosplaya.com\/#organization","name":"Hotel Pocillos Playa","url":"https:\/\/hotelpocillosplaya.com\/","logo":{"@type":"ImageObject","inLanguage":"de","@id":"https:\/\/hotelpocillosplaya.com\/#\/schema\/logo\/image\/","url":"https:\/\/hotelpocillosplaya.com\/wp-content\/uploads\/2022\/05\/PPHL-BLANCO-TRANSP-e1652870808740.png","contentUrl":"https:\/\/hotelpocillosplaya.com\/wp-content\/uploads\/2022\/05\/PPHL-BLANCO-TRANSP-e1652870808740.png","width":1368,"height":367,"caption":"Hotel Pocillos Playa"},"image":{"@id":"https:\/\/hotelpocillosplaya.com\/#\/schema\/logo\/image\/"}}]}},"_links":{"self":[{"href":"https:\/\/hotelpocillosplaya.com\/de\/wp-json\/wp\/v2\/pages\/3236","targetHints":{"allow":["GET"]}}],"collection":[{"href":"https:\/\/hotelpocillosplaya.com\/de\/wp-json\/wp\/v2\/pages"}],"about":[{"href":"https:\/\/hotelpocillosplaya.com\/de\/wp-json\/wp\/v2\/types\/page"}],"author":[{"embeddable":true,"href":"https:\/\/hotelpocillosplaya.com\/de\/wp-json\/wp\/v2\/users\/1"}],"replies":[{"embeddable":true,"href":"https:\/\/hotelpocillosplaya.com\/de\/wp-json\/wp\/v2\/comments?post=3236"}],"version-history":[{"count":20,"href":"https:\/\/hotelpocillosplaya.com\/de\/wp-json\/wp\/v2\/pages\/3236\/revisions"}],"predecessor-version":[{"id":6342,"href":"https:\/\/hotelpocillosplaya.com\/de\/wp-json\/wp\/v2\/pages\/3236\/revisions\/6342"}],"wp:attachment":[{"href":"https:\/\/hotelpocillosplaya.com\/de\/wp-json\/wp\/v2\/media?parent=3236"}],"curies":[{"name":"wp","href":"https:\/\/api.w.org\/{rel}","templated":true}]}}