{"id":3225,"date":"2022-05-24T09:10:20","date_gmt":"2022-05-24T09:10:20","guid":{"rendered":"https:\/\/test.hotelpocillosplaya.com\/ich-liebe-sonnenuntergang\/"},"modified":"2022-07-04T16:52:57","modified_gmt":"2022-07-04T16:52:57","slug":"ich-liebe-sonnenuntergang","status":"publish","type":"page","link":"https:\/\/hotelpocillosplaya.com\/de\/ich-liebe-sonnenuntergang\/","title":{"rendered":"Ich liebe Sonnenuntergang"},"content":{"rendered":"\t\t<div data-elementor-type=\"wp-page\" data-elementor-id=\"3225\" class=\"elementor elementor-3225\" data-elementor-post-type=\"page\">\n\t\t\t\t\t\t<section class=\"elementor-section elementor-top-section elementor-element elementor-element-30d3222f elementor-section-height-min-height elementor-section-boxed elementor-section-height-default elementor-section-items-middle\" data-id=\"30d3222f\" data-element_type=\"section\" data-settings=\"{&quot;background_background&quot;:&quot;classic&quot;}\">\n\t\t\t\t\t\t\t<div class=\"elementor-background-overlay\"><\/div>\n\t\t\t\t\t\t\t<div class=\"elementor-container elementor-column-gap-default\">\n\t\t\t\t\t<div class=\"elementor-column elementor-col-100 elementor-top-column elementor-element elementor-element-7480941b\" data-id=\"7480941b\" data-element_type=\"column\" data-settings=\"{&quot;background_background&quot;:&quot;classic&quot;}\">\n\t\t\t<div class=\"elementor-widget-wrap elementor-element-populated\">\n\t\t\t\t\t\t<div class=\"elementor-element elementor-element-8a542e5 elementor-widget elementor-widget-heading\" data-id=\"8a542e5\" data-element_type=\"widget\" data-widget_type=\"heading.default\">\n\t\t\t\t<div class=\"elementor-widget-container\">\n\t\t\t\t\t<h2 class=\"elementor-heading-title elementor-size-default\">AUSFL\u00dcGE<\/h2>\t\t\t\t<\/div>\n\t\t\t\t<\/div>\n\t\t\t\t<div class=\"elementor-element elementor-element-5ab657b4 elementor-widget elementor-widget-heading\" data-id=\"5ab657b4\" data-element_type=\"widget\" data-widget_type=\"heading.default\">\n\t\t\t\t<div class=\"elementor-widget-container\">\n\t\t\t\t\t<h1 class=\"elementor-heading-title elementor-size-default\">ICH LIEBE SONNENUNTERGANG<\/h1>\t\t\t\t<\/div>\n\t\t\t\t<\/div>\n\t\t\t\t\t<\/div>\n\t\t<\/div>\n\t\t\t\t\t<\/div>\n\t\t<\/section>\n\t\t\t\t<section class=\"elementor-section elementor-top-section elementor-element elementor-element-500a958 elementor-section-boxed elementor-section-height-default elementor-section-height-default\" data-id=\"500a958\" data-element_type=\"section\">\n\t\t\t\t\t\t<div class=\"elementor-container elementor-column-gap-default\">\n\t\t\t\t\t<div class=\"elementor-column elementor-col-50 elementor-top-column elementor-element elementor-element-5e06ea6a\" data-id=\"5e06ea6a\" data-element_type=\"column\">\n\t\t\t<div class=\"elementor-widget-wrap elementor-element-populated\">\n\t\t\t\t\t\t<div class=\"elementor-element elementor-element-2c0f9454 elementor-widget elementor-widget-text-editor\" data-id=\"2c0f9454\" data-element_type=\"widget\" data-widget_type=\"text-editor.default\">\n\t\t\t\t<div class=\"elementor-widget-container\">\n\t\t\t\t\t\t\t\t\t<p style=\"text-align: left;\"><strong>Genie\u00dfen Sie unsere Bootsfahrt bei Sonnenuntergang.<\/strong><\/p><p style=\"text-align: left;\">Die Crew begr\u00fc\u00dft Sie mit einem k\u00f6stlichen Mojito, der an Bord zubereitet wird, bevor Sie entlang der atemberaubenden K\u00fcste von Puerto del Carmen segeln.<\/p><p style=\"text-align: left;\">W\u00e4hrend der \u00dcberfahrt servieren wir einige k\u00f6stliche Canap\u00e9s, begleitet von einem Getr\u00e4nk. Dann k\u00f6nnen Sie sich entspannen und den Sonnenuntergang beobachten, w\u00e4hrend Sie die Meeresbrise und das Rauschen der Wellen sp\u00fcren. <\/p><p style=\"text-align: left;\">Einfach ein unvergesslicher Sonnenuntergang!<\/p>\t\t\t\t\t\t\t\t<\/div>\n\t\t\t\t<\/div>\n\t\t\t\t\t<\/div>\n\t\t<\/div>\n\t\t\t\t<div class=\"elementor-column elementor-col-50 elementor-top-column elementor-element elementor-element-3894bebe\" data-id=\"3894bebe\" data-element_type=\"column\" data-settings=\"{&quot;background_background&quot;:&quot;classic&quot;}\">\n\t\t\t<div class=\"elementor-widget-wrap elementor-element-populated\">\n\t\t\t\t\t\t<div class=\"elementor-element elementor-element-27b3585e elementor-widget elementor-widget-heading\" data-id=\"27b3585e\" data-element_type=\"widget\" data-widget_type=\"heading.default\">\n\t\t\t\t<div class=\"elementor-widget-container\">\n\t\t\t\t\t<h2 class=\"elementor-heading-title elementor-size-default\">AUSFL\u00dcGE<\/h2>\t\t\t\t<\/div>\n\t\t\t\t<\/div>\n\t\t\t\t<div class=\"elementor-element elementor-element-4173529f elementor-widget elementor-widget-heading\" data-id=\"4173529f\" data-element_type=\"widget\" data-widget_type=\"heading.default\">\n\t\t\t\t<div class=\"elementor-widget-container\">\n\t\t\t\t\t<h2 class=\"elementor-heading-title elementor-size-default\">ICH LIEBE SONNENUNTERGANG<\/h2>\t\t\t\t<\/div>\n\t\t\t\t<\/div>\n\t\t\t\t<div class=\"elementor-element elementor-element-4541428 elementor-widget elementor-widget-heading\" data-id=\"4541428\" data-element_type=\"widget\" data-widget_type=\"heading.default\">\n\t\t\t\t<div class=\"elementor-widget-container\">\n\t\t\t\t\t<h5 class=\"elementor-heading-title elementor-size-default\">Inklusivleistungen:<\/h5>\t\t\t\t<\/div>\n\t\t\t\t<\/div>\n\t\t\t\t<div class=\"elementor-element elementor-element-4e0bb085 elementor-widget elementor-widget-text-editor\" data-id=\"4e0bb085\" data-element_type=\"widget\" data-widget_type=\"text-editor.default\">\n\t\t\t\t<div class=\"elementor-widget-container\">\n\t\t\t\t\t\t\t\t\t<p>\u2022 Transfer<br>\u2022 Reisef\u00fchrer in Spanisch, Englisch und Franz\u00f6sisch<br>\u2022 Willkommens-Mojito<br>\u2022 H\u00e4ppchen<br>\u2022 1 zus\u00e4tzliches Getr\u00e4nk nach Wahl (Bier, Sangria, Wasser und alkoholfreie Getr\u00e4nke)<br>\u2022 Abfahrtszeit: 18:30 Uhr<br>\u2022 Sommerdauer: ca. 2 Stunden<\/p>\t\t\t\t\t\t\t\t<\/div>\n\t\t\t\t<\/div>\n\t\t\t\t<div class=\"elementor-element elementor-element-25f7b834 elementor-widget elementor-widget-heading\" data-id=\"25f7b834\" data-element_type=\"widget\" data-widget_type=\"heading.default\">\n\t\t\t\t<div class=\"elementor-widget-container\">\n\t\t\t\t\t<h5 class=\"elementor-heading-title elementor-size-default\">Wir empfehlen Sie:<\/h5>\t\t\t\t<\/div>\n\t\t\t\t<\/div>\n\t\t\t\t<div class=\"elementor-element elementor-element-375a1f70 elementor-widget elementor-widget-text-editor\" data-id=\"375a1f70\" data-element_type=\"widget\" data-widget_type=\"text-editor.default\">\n\t\t\t\t<div class=\"elementor-widget-container\">\n\t\t\t\t\t\t\t\t\t<p>\u2022 Bequeme Kleidung<br>\u2022 Hut oder M\u00fctze<br>\u2022 Sonnenschutz<br>\u2022 Fotokamera<\/p>\t\t\t\t\t\t\t\t<\/div>\n\t\t\t\t<\/div>\n\t\t\t\t\t<\/div>\n\t\t<\/div>\n\t\t\t\t\t<\/div>\n\t\t<\/section>\n\t\t\t\t<section class=\"elementor-section elementor-top-section elementor-element elementor-element-602e1ee1 elementor-section-full_width elementor-section-height-default elementor-section-height-default\" data-id=\"602e1ee1\" data-element_type=\"section\">\n\t\t\t\t\t\t<div class=\"elementor-container elementor-column-gap-default\">\n\t\t\t\t\t<div class=\"elementor-column elementor-col-100 elementor-top-column elementor-element elementor-element-7178a08e\" data-id=\"7178a08e\" data-element_type=\"column\">\n\t\t\t<div class=\"elementor-widget-wrap elementor-element-populated\">\n\t\t\t\t\t\t<div class=\"elementor-element elementor-element-52e0079b elementor-widget elementor-widget-html\" data-id=\"52e0079b\" data-element_type=\"widget\" data-widget_type=\"html.default\">\n\t\t\t\t<div class=\"elementor-widget-container\">\n\t\t\t\t\t<script>document.addEventListener('DOMContentLoaded', function () {\n\nvar filteredImages = document.querySelectorAll('.e-gallery-item');\n\n\/\/Edit the links HERE\nvar links = [\n'https:\/\/hotelpocillosplaya.com\/fuerteventura-a-tu-aire\/',\n'https:\/\/hotelpocillosplaya.com\/i-love-papagayo\/',\n'https:\/\/hotelpocillosplaya.com\/i-love-sunset\/',\n'https:\/\/hotelpocillosplaya.com\/i-love-la-graciosa\/',\n'https:\/\/hotelpocillosplaya.com\/encantos-de-fuerteventura\/',\n'https:\/\/hotelpocillosplaya.com\/la-graciosa-a-tu-aire\/'\n];\n\nvar _loope = function _loope(i) {\n    if (links[i].length > 4) {\n    filteredImages[i].style.cursor = \"pointer\";\nfilteredImages[i].addEventListener('click', function () {\nlocation = links[i];\n});\n}\n};\n\nfor (var i = 0; i <filteredImages.length; i++) { _loope(i); } }); <\/script>\t\t\t\t<\/div>\n\t\t\t\t<\/div>\n\t\t\t\t<div class=\"elementor-element elementor-element-6f16af9f elementor-widget elementor-widget-gallery\" data-id=\"6f16af9f\" data-element_type=\"widget\" data-settings=\"{&quot;columns&quot;:6,&quot;gap&quot;:{&quot;unit&quot;:&quot;px&quot;,&quot;size&quot;:0,&quot;sizes&quot;:[]},&quot;aspect_ratio&quot;:&quot;1:1&quot;,&quot;overlay_title&quot;:&quot;title&quot;,&quot;overlay_description&quot;:&quot;alt&quot;,&quot;content_hover_animation&quot;:&quot;grow&quot;,&quot;lazyload&quot;:&quot;yes&quot;,&quot;gallery_layout&quot;:&quot;grid&quot;,&quot;columns_tablet&quot;:2,&quot;columns_mobile&quot;:1,&quot;gap_tablet&quot;:{&quot;unit&quot;:&quot;px&quot;,&quot;size&quot;:10,&quot;sizes&quot;:[]},&quot;gap_mobile&quot;:{&quot;unit&quot;:&quot;px&quot;,&quot;size&quot;:10,&quot;sizes&quot;:[]},&quot;overlay_background&quot;:&quot;yes&quot;}\" data-widget_type=\"gallery.default\">\n\t\t\t\t<div class=\"elementor-widget-container\">\n\t\t\t\t\t\t\t<div class=\"elementor-gallery__container\">\n\t\t\t\t\t\t\t<div class=\"e-gallery-item elementor-gallery-item elementor-animated-content\" tabindex=\"0\">\n\t\t\t\t\t<div class=\"e-gallery-image elementor-gallery-item__image\" data-thumbnail=\"https:\/\/hotelpocillosplaya.com\/wp-content\/uploads\/2022\/05\/img-experiencia-atuaire-768x768.jpg\" data-width=\"768\" data-height=\"768\" aria-label=\"INFORMACI\u00d3N Y RESERVAS\" role=\"img\" ><\/div>\n\t\t\t\t\t\t\t\t\t\t\t<div class=\"elementor-gallery-item__overlay\"><\/div>\n\t\t\t\t\t\t\t\t\t\t\t\t\t\t\t<div class=\"elementor-gallery-item__content\">\n\t\t\t\t\t\t\t\t\t\t\t\t\t\t<div class=\"elementor-gallery-item__title\">\n\t\t\t\t\t\t\t\t\t\t\t\t\t\t\t\t\t\tFuerteventura a tu aire\t\t\t\t\t\t\t\t<\/div>\n\t\t\t\t\t\t\t\t\t\t\t\t\t\t\t<div class=\"elementor-gallery-item__description\">\n\t\t\t\t\t\t\t\t\t\t\t\t\t\t\t\t\t\tINFORMACI\u00d3N Y RESERVAS\t\t\t\t\t\t\t\t<\/div>\n\t\t\t\t\t\t\t\t\t\t\t\t<\/div>\n\t\t\t\t\t\t\t\t\t<\/div>\n\t\t\t\t\t\t\t<div class=\"e-gallery-item elementor-gallery-item elementor-animated-content\" tabindex=\"0\">\n\t\t\t\t\t<div class=\"e-gallery-image elementor-gallery-item__image\" data-thumbnail=\"https:\/\/hotelpocillosplaya.com\/wp-content\/uploads\/2022\/05\/img-experiencia-ilovepapagayo-768x768.jpg\" data-width=\"768\" data-height=\"768\" aria-label=\"INFORMACI\u00d3N Y RESERVAS\" role=\"img\" ><\/div>\n\t\t\t\t\t\t\t\t\t\t\t<div class=\"elementor-gallery-item__overlay\"><\/div>\n\t\t\t\t\t\t\t\t\t\t\t\t\t\t\t<div class=\"elementor-gallery-item__content\">\n\t\t\t\t\t\t\t\t\t\t\t\t\t\t<div class=\"elementor-gallery-item__title\">\n\t\t\t\t\t\t\t\t\t\t\t\t\t\t\t\t\t\tI love Papagayo\t\t\t\t\t\t\t\t<\/div>\n\t\t\t\t\t\t\t\t\t\t\t\t\t\t\t<div class=\"elementor-gallery-item__description\">\n\t\t\t\t\t\t\t\t\t\t\t\t\t\t\t\t\t\tINFORMACI\u00d3N Y RESERVAS\t\t\t\t\t\t\t\t<\/div>\n\t\t\t\t\t\t\t\t\t\t\t\t<\/div>\n\t\t\t\t\t\t\t\t\t<\/div>\n\t\t\t\t\t\t\t<div class=\"e-gallery-item elementor-gallery-item elementor-animated-content\" tabindex=\"0\">\n\t\t\t\t\t<div class=\"e-gallery-image elementor-gallery-item__image\" data-thumbnail=\"https:\/\/hotelpocillosplaya.com\/wp-content\/uploads\/2022\/05\/img-experiencia-ilovesunset-768x768.jpg\" data-width=\"768\" data-height=\"768\" aria-label=\"INFORMACI\u00d3N Y RESERVAS\" role=\"img\" ><\/div>\n\t\t\t\t\t\t\t\t\t\t\t<div class=\"elementor-gallery-item__overlay\"><\/div>\n\t\t\t\t\t\t\t\t\t\t\t\t\t\t\t<div class=\"elementor-gallery-item__content\">\n\t\t\t\t\t\t\t\t\t\t\t\t\t\t<div class=\"elementor-gallery-item__title\">\n\t\t\t\t\t\t\t\t\t\t\t\t\t\t\t\t\t\tI love sunset\t\t\t\t\t\t\t\t<\/div>\n\t\t\t\t\t\t\t\t\t\t\t\t\t\t\t<div class=\"elementor-gallery-item__description\">\n\t\t\t\t\t\t\t\t\t\t\t\t\t\t\t\t\t\tINFORMACI\u00d3N Y RESERVAS\t\t\t\t\t\t\t\t<\/div>\n\t\t\t\t\t\t\t\t\t\t\t\t<\/div>\n\t\t\t\t\t\t\t\t\t<\/div>\n\t\t\t\t\t\t\t<div class=\"e-gallery-item elementor-gallery-item elementor-animated-content\" tabindex=\"0\">\n\t\t\t\t\t<div class=\"e-gallery-image elementor-gallery-item__image\" data-thumbnail=\"https:\/\/hotelpocillosplaya.com\/wp-content\/uploads\/2022\/05\/img-experiencia-ilovelagraciosa-768x768.jpg\" data-width=\"768\" data-height=\"768\" aria-label=\"INFORMACI\u00d3N Y RESERVAS\" role=\"img\" ><\/div>\n\t\t\t\t\t\t\t\t\t\t\t<div class=\"elementor-gallery-item__overlay\"><\/div>\n\t\t\t\t\t\t\t\t\t\t\t\t\t\t\t<div class=\"elementor-gallery-item__content\">\n\t\t\t\t\t\t\t\t\t\t\t\t\t\t<div class=\"elementor-gallery-item__title\">\n\t\t\t\t\t\t\t\t\t\t\t\t\t\t\t\t\t\tI love La Graciosa\t\t\t\t\t\t\t\t<\/div>\n\t\t\t\t\t\t\t\t\t\t\t\t\t\t\t<div class=\"elementor-gallery-item__description\">\n\t\t\t\t\t\t\t\t\t\t\t\t\t\t\t\t\t\tINFORMACI\u00d3N Y RESERVAS\t\t\t\t\t\t\t\t<\/div>\n\t\t\t\t\t\t\t\t\t\t\t\t<\/div>\n\t\t\t\t\t\t\t\t\t<\/div>\n\t\t\t\t\t\t\t<div class=\"e-gallery-item elementor-gallery-item elementor-animated-content\" tabindex=\"0\">\n\t\t\t\t\t<div class=\"e-gallery-image elementor-gallery-item__image\" data-thumbnail=\"https:\/\/hotelpocillosplaya.com\/wp-content\/uploads\/2022\/05\/img-experiencia-fueerteventura-768x768.jpg\" data-width=\"768\" data-height=\"768\" aria-label=\"INFORMACI\u00d3N Y RESERVAS\" role=\"img\" ><\/div>\n\t\t\t\t\t\t\t\t\t\t\t<div class=\"elementor-gallery-item__overlay\"><\/div>\n\t\t\t\t\t\t\t\t\t\t\t\t\t\t\t<div class=\"elementor-gallery-item__content\">\n\t\t\t\t\t\t\t\t\t\t\t\t\t\t<div class=\"elementor-gallery-item__title\">\n\t\t\t\t\t\t\t\t\t\t\t\t\t\t\t\t\t\tEncantos de Fuerteventura\t\t\t\t\t\t\t\t<\/div>\n\t\t\t\t\t\t\t\t\t\t\t\t\t\t\t<div class=\"elementor-gallery-item__description\">\n\t\t\t\t\t\t\t\t\t\t\t\t\t\t\t\t\t\tINFORMACI\u00d3N Y RESERVAS\t\t\t\t\t\t\t\t<\/div>\n\t\t\t\t\t\t\t\t\t\t\t\t<\/div>\n\t\t\t\t\t\t\t\t\t<\/div>\n\t\t\t\t\t\t\t<div class=\"e-gallery-item elementor-gallery-item elementor-animated-content\" tabindex=\"0\">\n\t\t\t\t\t<div class=\"e-gallery-image elementor-gallery-item__image\" data-thumbnail=\"https:\/\/hotelpocillosplaya.com\/wp-content\/uploads\/2022\/05\/img-experiencia-lagraciosa-768x768.jpg\" data-width=\"768\" data-height=\"768\" aria-label=\"INFORMACI\u00d3N Y RESERVAS\" role=\"img\" ><\/div>\n\t\t\t\t\t\t\t\t\t\t\t<div class=\"elementor-gallery-item__overlay\"><\/div>\n\t\t\t\t\t\t\t\t\t\t\t\t\t\t\t<div class=\"elementor-gallery-item__content\">\n\t\t\t\t\t\t\t\t\t\t\t\t\t\t<div class=\"elementor-gallery-item__title\">\n\t\t\t\t\t\t\t\t\t\t\t\t\t\t\t\t\t\tLa Graciosa a tu aire\t\t\t\t\t\t\t\t<\/div>\n\t\t\t\t\t\t\t\t\t\t\t\t\t\t\t<div class=\"elementor-gallery-item__description\">\n\t\t\t\t\t\t\t\t\t\t\t\t\t\t\t\t\t\tINFORMACI\u00d3N Y RESERVAS\t\t\t\t\t\t\t\t<\/div>\n\t\t\t\t\t\t\t\t\t\t\t\t<\/div>\n\t\t\t\t\t\t\t\t\t<\/div>\n\t\t\t\t\t<\/div>\n\t\t\t\t\t<\/div>\n\t\t\t\t<\/div>\n\t\t\t\t\t<\/div>\n\t\t<\/div>\n\t\t\t\t\t<\/div>\n\t\t<\/section>\n\t\t\t\t<section class=\"elementor-section elementor-top-section elementor-element elementor-element-c8986c3 elementor-section-boxed elementor-section-height-default elementor-section-height-default\" data-id=\"c8986c3\" data-element_type=\"section\">\n\t\t\t\t\t\t<div class=\"elementor-container elementor-column-gap-default\">\n\t\t\t\t\t<div class=\"elementor-column elementor-col-100 elementor-top-column elementor-element elementor-element-6d38a98\" data-id=\"6d38a98\" data-element_type=\"column\" data-settings=\"{&quot;background_background&quot;:&quot;classic&quot;}\">\n\t\t\t<div class=\"elementor-widget-wrap elementor-element-populated\">\n\t\t\t\t\t\t<div class=\"elementor-element elementor-element-18db057 elementor-widget elementor-widget-heading\" data-id=\"18db057\" data-element_type=\"widget\" data-widget_type=\"heading.default\">\n\t\t\t\t<div class=\"elementor-widget-container\">\n\t\t\t\t\t<h2 class=\"elementor-heading-title elementor-size-default\">INFORMACI\u00d3N Y<\/h2>\t\t\t\t<\/div>\n\t\t\t\t<\/div>\n\t\t\t\t<div class=\"elementor-element elementor-element-92c367c elementor-widget elementor-widget-heading\" data-id=\"92c367c\" data-element_type=\"widget\" data-widget_type=\"heading.default\">\n\t\t\t\t<div class=\"elementor-widget-container\">\n\t\t\t\t\t<h2 class=\"elementor-heading-title elementor-size-default\">RESERVAS<\/h2>\t\t\t\t<\/div>\n\t\t\t\t<\/div>\n\t\t\t\t<div class=\"elementor-element elementor-element-5e598fa elementor-widget elementor-widget-text-editor\" data-id=\"5e598fa\" data-element_type=\"widget\" data-widget_type=\"text-editor.default\">\n\t\t\t\t<div class=\"elementor-widget-container\">\n\t\t\t\t\t\t\t\t\t<p style=\"text-align: center;\">Puede ampliar informaci\u00f3n sobre nuestras experiencias y efectuar la reserva de la experiencia de desee a trav\u00e9s de los siguientes contacto:<\/p><ul><li>Email: recepcion@hotelpocillosplaya.com<\/li><li>Telefono: +34 928 596 261<\/li><\/ul>\t\t\t\t\t\t\t\t<\/div>\n\t\t\t\t<\/div>\n\t\t\t\t\t<\/div>\n\t\t<\/div>\n\t\t\t\t\t<\/div>\n\t\t<\/section>\n\t\t\t\t<\/div>\n\t\t","protected":false},"excerpt":{"rendered":"<p>AUSFL\u00dcGE ICH LIEBE SONNENUNTERGANG Genie\u00dfen Sie unsere Bootsfahrt bei Sonnenuntergang. Die Crew begr\u00fc\u00dft Sie mit einem k\u00f6stlichen Mojito, der an Bord zubereitet wird, bevor Sie entlang der atemberaubenden K\u00fcste von Puerto del Carmen segeln. W\u00e4hrend der \u00dcberfahrt servieren wir einige k\u00f6stliche Canap\u00e9s, begleitet von einem Getr\u00e4nk. Dann k\u00f6nnen Sie sich entspannen und den Sonnenuntergang beobachten, [&hellip;]<\/p>\n","protected":false},"author":1,"featured_media":0,"parent":0,"menu_order":0,"comment_status":"closed","ping_status":"closed","template":"","meta":{"_acf_changed":false,"inline_featured_image":false,"footnotes":""},"class_list":["post-3225","page","type-page","status-publish","hentry"],"acf":[],"yoast_head":"<!-- This site is optimized with the Yoast SEO plugin v26.8 - https:\/\/yoast.com\/product\/yoast-seo-wordpress\/ -->\n<title>Ich liebe Sonnenuntergang - Hotel Pocillos Playa<\/title>\n<meta name=\"robots\" content=\"index, follow, max-snippet:-1, max-image-preview:large, max-video-preview:-1\" \/>\n<link rel=\"canonical\" href=\"https:\/\/hotelpocillosplaya.com\/de\/ich-liebe-sonnenuntergang\/\" \/>\n<meta property=\"og:locale\" content=\"de_DE\" \/>\n<meta property=\"og:type\" content=\"article\" \/>\n<meta property=\"og:title\" content=\"Ich liebe Sonnenuntergang - Hotel Pocillos Playa\" \/>\n<meta property=\"og:description\" content=\"AUSFL\u00dcGE ICH LIEBE SONNENUNTERGANG Genie\u00dfen Sie unsere Bootsfahrt bei Sonnenuntergang. Die Crew begr\u00fc\u00dft Sie mit einem k\u00f6stlichen Mojito, der an Bord zubereitet wird, bevor Sie entlang der atemberaubenden K\u00fcste von Puerto del Carmen segeln. W\u00e4hrend der \u00dcberfahrt servieren wir einige k\u00f6stliche Canap\u00e9s, begleitet von einem Getr\u00e4nk. Dann k\u00f6nnen Sie sich entspannen und den Sonnenuntergang beobachten, [&hellip;]\" \/>\n<meta property=\"og:url\" content=\"https:\/\/hotelpocillosplaya.com\/de\/ich-liebe-sonnenuntergang\/\" \/>\n<meta property=\"og:site_name\" content=\"Hotel Pocillos Playa\" \/>\n<meta property=\"article:modified_time\" content=\"2022-07-04T16:52:57+00:00\" \/>\n<meta name=\"twitter:card\" content=\"summary_large_image\" \/>\n<meta name=\"twitter:label1\" content=\"Gesch\u00e4tzte Lesezeit\" \/>\n\t<meta name=\"twitter:data1\" content=\"1\u00a0Minute\" \/>\n<script type=\"application\/ld+json\" class=\"yoast-schema-graph\">{\"@context\":\"https:\/\/schema.org\",\"@graph\":[{\"@type\":\"WebPage\",\"@id\":\"https:\/\/hotelpocillosplaya.com\/de\/ich-liebe-sonnenuntergang\/\",\"url\":\"https:\/\/hotelpocillosplaya.com\/de\/ich-liebe-sonnenuntergang\/\",\"name\":\"Ich liebe Sonnenuntergang - Hotel Pocillos Playa\",\"isPartOf\":{\"@id\":\"https:\/\/hotelpocillosplaya.com\/#website\"},\"datePublished\":\"2022-05-24T09:10:20+00:00\",\"dateModified\":\"2022-07-04T16:52:57+00:00\",\"breadcrumb\":{\"@id\":\"https:\/\/hotelpocillosplaya.com\/de\/ich-liebe-sonnenuntergang\/#breadcrumb\"},\"inLanguage\":\"de\",\"potentialAction\":[{\"@type\":\"ReadAction\",\"target\":[\"https:\/\/hotelpocillosplaya.com\/de\/ich-liebe-sonnenuntergang\/\"]}]},{\"@type\":\"BreadcrumbList\",\"@id\":\"https:\/\/hotelpocillosplaya.com\/de\/ich-liebe-sonnenuntergang\/#breadcrumb\",\"itemListElement\":[{\"@type\":\"ListItem\",\"position\":1,\"name\":\"Portada\",\"item\":\"https:\/\/hotelpocillosplaya.com\/\"},{\"@type\":\"ListItem\",\"position\":2,\"name\":\"Ich liebe Sonnenuntergang\"}]},{\"@type\":\"WebSite\",\"@id\":\"https:\/\/hotelpocillosplaya.com\/#website\",\"url\":\"https:\/\/hotelpocillosplaya.com\/\",\"name\":\"Hotel Pocillos Playa\",\"description\":\"Hotel Pocillos Playa\",\"publisher\":{\"@id\":\"https:\/\/hotelpocillosplaya.com\/#organization\"},\"potentialAction\":[{\"@type\":\"SearchAction\",\"target\":{\"@type\":\"EntryPoint\",\"urlTemplate\":\"https:\/\/hotelpocillosplaya.com\/?s={search_term_string}\"},\"query-input\":{\"@type\":\"PropertyValueSpecification\",\"valueRequired\":true,\"valueName\":\"search_term_string\"}}],\"inLanguage\":\"de\"},{\"@type\":\"Organization\",\"@id\":\"https:\/\/hotelpocillosplaya.com\/#organization\",\"name\":\"Hotel Pocillos Playa\",\"url\":\"https:\/\/hotelpocillosplaya.com\/\",\"logo\":{\"@type\":\"ImageObject\",\"inLanguage\":\"de\",\"@id\":\"https:\/\/hotelpocillosplaya.com\/#\/schema\/logo\/image\/\",\"url\":\"https:\/\/hotelpocillosplaya.com\/wp-content\/uploads\/2022\/05\/PPHL-BLANCO-TRANSP-e1652870808740.png\",\"contentUrl\":\"https:\/\/hotelpocillosplaya.com\/wp-content\/uploads\/2022\/05\/PPHL-BLANCO-TRANSP-e1652870808740.png\",\"width\":1368,\"height\":367,\"caption\":\"Hotel Pocillos Playa\"},\"image\":{\"@id\":\"https:\/\/hotelpocillosplaya.com\/#\/schema\/logo\/image\/\"}}]}<\/script>\n<!-- \/ Yoast SEO plugin. -->","yoast_head_json":{"title":"Ich liebe Sonnenuntergang - Hotel Pocillos Playa","robots":{"index":"index","follow":"follow","max-snippet":"max-snippet:-1","max-image-preview":"max-image-preview:large","max-video-preview":"max-video-preview:-1"},"canonical":"https:\/\/hotelpocillosplaya.com\/de\/ich-liebe-sonnenuntergang\/","og_locale":"de_DE","og_type":"article","og_title":"Ich liebe Sonnenuntergang - Hotel Pocillos Playa","og_description":"AUSFL\u00dcGE ICH LIEBE SONNENUNTERGANG Genie\u00dfen Sie unsere Bootsfahrt bei Sonnenuntergang. Die Crew begr\u00fc\u00dft Sie mit einem k\u00f6stlichen Mojito, der an Bord zubereitet wird, bevor Sie entlang der atemberaubenden K\u00fcste von Puerto del Carmen segeln. W\u00e4hrend der \u00dcberfahrt servieren wir einige k\u00f6stliche Canap\u00e9s, begleitet von einem Getr\u00e4nk. Dann k\u00f6nnen Sie sich entspannen und den Sonnenuntergang beobachten, [&hellip;]","og_url":"https:\/\/hotelpocillosplaya.com\/de\/ich-liebe-sonnenuntergang\/","og_site_name":"Hotel Pocillos Playa","article_modified_time":"2022-07-04T16:52:57+00:00","twitter_card":"summary_large_image","twitter_misc":{"Gesch\u00e4tzte Lesezeit":"1\u00a0Minute"},"schema":{"@context":"https:\/\/schema.org","@graph":[{"@type":"WebPage","@id":"https:\/\/hotelpocillosplaya.com\/de\/ich-liebe-sonnenuntergang\/","url":"https:\/\/hotelpocillosplaya.com\/de\/ich-liebe-sonnenuntergang\/","name":"Ich liebe Sonnenuntergang - Hotel Pocillos Playa","isPartOf":{"@id":"https:\/\/hotelpocillosplaya.com\/#website"},"datePublished":"2022-05-24T09:10:20+00:00","dateModified":"2022-07-04T16:52:57+00:00","breadcrumb":{"@id":"https:\/\/hotelpocillosplaya.com\/de\/ich-liebe-sonnenuntergang\/#breadcrumb"},"inLanguage":"de","potentialAction":[{"@type":"ReadAction","target":["https:\/\/hotelpocillosplaya.com\/de\/ich-liebe-sonnenuntergang\/"]}]},{"@type":"BreadcrumbList","@id":"https:\/\/hotelpocillosplaya.com\/de\/ich-liebe-sonnenuntergang\/#breadcrumb","itemListElement":[{"@type":"ListItem","position":1,"name":"Portada","item":"https:\/\/hotelpocillosplaya.com\/"},{"@type":"ListItem","position":2,"name":"Ich liebe Sonnenuntergang"}]},{"@type":"WebSite","@id":"https:\/\/hotelpocillosplaya.com\/#website","url":"https:\/\/hotelpocillosplaya.com\/","name":"Hotel Pocillos Playa","description":"Hotel Pocillos Playa","publisher":{"@id":"https:\/\/hotelpocillosplaya.com\/#organization"},"potentialAction":[{"@type":"SearchAction","target":{"@type":"EntryPoint","urlTemplate":"https:\/\/hotelpocillosplaya.com\/?s={search_term_string}"},"query-input":{"@type":"PropertyValueSpecification","valueRequired":true,"valueName":"search_term_string"}}],"inLanguage":"de"},{"@type":"Organization","@id":"https:\/\/hotelpocillosplaya.com\/#organization","name":"Hotel Pocillos Playa","url":"https:\/\/hotelpocillosplaya.com\/","logo":{"@type":"ImageObject","inLanguage":"de","@id":"https:\/\/hotelpocillosplaya.com\/#\/schema\/logo\/image\/","url":"https:\/\/hotelpocillosplaya.com\/wp-content\/uploads\/2022\/05\/PPHL-BLANCO-TRANSP-e1652870808740.png","contentUrl":"https:\/\/hotelpocillosplaya.com\/wp-content\/uploads\/2022\/05\/PPHL-BLANCO-TRANSP-e1652870808740.png","width":1368,"height":367,"caption":"Hotel Pocillos Playa"},"image":{"@id":"https:\/\/hotelpocillosplaya.com\/#\/schema\/logo\/image\/"}}]}},"_links":{"self":[{"href":"https:\/\/hotelpocillosplaya.com\/de\/wp-json\/wp\/v2\/pages\/3225","targetHints":{"allow":["GET"]}}],"collection":[{"href":"https:\/\/hotelpocillosplaya.com\/de\/wp-json\/wp\/v2\/pages"}],"about":[{"href":"https:\/\/hotelpocillosplaya.com\/de\/wp-json\/wp\/v2\/types\/page"}],"author":[{"embeddable":true,"href":"https:\/\/hotelpocillosplaya.com\/de\/wp-json\/wp\/v2\/users\/1"}],"replies":[{"embeddable":true,"href":"https:\/\/hotelpocillosplaya.com\/de\/wp-json\/wp\/v2\/comments?post=3225"}],"version-history":[{"count":1,"href":"https:\/\/hotelpocillosplaya.com\/de\/wp-json\/wp\/v2\/pages\/3225\/revisions"}],"predecessor-version":[{"id":3230,"href":"https:\/\/hotelpocillosplaya.com\/de\/wp-json\/wp\/v2\/pages\/3225\/revisions\/3230"}],"wp:attachment":[{"href":"https:\/\/hotelpocillosplaya.com\/de\/wp-json\/wp\/v2\/media?parent=3225"}],"curies":[{"name":"wp","href":"https:\/\/api.w.org\/{rel}","templated":true}]}}