{"id":3176,"date":"2022-05-24T09:10:34","date_gmt":"2022-05-24T09:10:34","guid":{"rendered":"https:\/\/test.hotelpocillosplaya.com\/anmutig-auf-deine-art\/"},"modified":"2022-07-04T16:52:48","modified_gmt":"2022-07-04T16:52:48","slug":"anmutig-auf-deine-art","status":"publish","type":"page","link":"https:\/\/hotelpocillosplaya.com\/de\/anmutig-auf-deine-art\/","title":{"rendered":"Anmutig auf deine Art"},"content":{"rendered":"\t\t<div data-elementor-type=\"wp-page\" data-elementor-id=\"3176\" class=\"elementor elementor-3176\" data-elementor-post-type=\"page\">\n\t\t\t\t\t\t<section class=\"elementor-section elementor-top-section elementor-element elementor-element-63d4c285 elementor-section-height-min-height elementor-section-boxed elementor-section-height-default elementor-section-items-middle\" data-id=\"63d4c285\" data-element_type=\"section\" data-settings=\"{&quot;background_background&quot;:&quot;classic&quot;}\">\n\t\t\t\t\t\t\t<div class=\"elementor-background-overlay\"><\/div>\n\t\t\t\t\t\t\t<div class=\"elementor-container elementor-column-gap-default\">\n\t\t\t\t\t<div class=\"elementor-column elementor-col-100 elementor-top-column elementor-element elementor-element-40bd4b91\" data-id=\"40bd4b91\" data-element_type=\"column\" data-settings=\"{&quot;background_background&quot;:&quot;classic&quot;}\">\n\t\t\t<div class=\"elementor-widget-wrap elementor-element-populated\">\n\t\t\t\t\t\t<div class=\"elementor-element elementor-element-36264f84 elementor-widget elementor-widget-heading\" data-id=\"36264f84\" data-element_type=\"widget\" data-widget_type=\"heading.default\">\n\t\t\t\t<div class=\"elementor-widget-container\">\n\t\t\t\t\t<h2 class=\"elementor-heading-title elementor-size-default\">AUSFL\u00dcGE<\/h2>\t\t\t\t<\/div>\n\t\t\t\t<\/div>\n\t\t\t\t<div class=\"elementor-element elementor-element-69067f6d elementor-widget elementor-widget-heading\" data-id=\"69067f6d\" data-element_type=\"widget\" data-widget_type=\"heading.default\">\n\t\t\t\t<div class=\"elementor-widget-container\">\n\t\t\t\t\t<h1 class=\"elementor-heading-title elementor-size-default\">ANMUTIG AUF DEINE ART<\/h1>\t\t\t\t<\/div>\n\t\t\t\t<\/div>\n\t\t\t\t\t<\/div>\n\t\t<\/div>\n\t\t\t\t\t<\/div>\n\t\t<\/section>\n\t\t\t\t<section class=\"elementor-section elementor-top-section elementor-element elementor-element-b2b140 elementor-section-boxed elementor-section-height-default elementor-section-height-default\" data-id=\"b2b140\" data-element_type=\"section\">\n\t\t\t\t\t\t<div class=\"elementor-container elementor-column-gap-default\">\n\t\t\t\t\t<div class=\"elementor-column elementor-col-50 elementor-top-column elementor-element elementor-element-7c802d9b\" data-id=\"7c802d9b\" data-element_type=\"column\">\n\t\t\t<div class=\"elementor-widget-wrap elementor-element-populated\">\n\t\t\t\t\t\t<div class=\"elementor-element elementor-element-12b88457 elementor-widget elementor-widget-text-editor\" data-id=\"12b88457\" data-element_type=\"widget\" data-widget_type=\"text-editor.default\">\n\t\t\t\t<div class=\"elementor-widget-container\">\n\t\t\t\t\t\t\t\t\t<p style=\"text-align: left;\"><strong>Segeln Sie nach La Graciosa und werden Sie ein wahrer Entdecker. Sie k\u00f6nnen Jeeps und Fahrr\u00e4der mieten, wandern gehen und die Str\u00e4nde einer paradiesischen Insel genie\u00dfen.  <\/strong><\/p><p style=\"text-align: left;\">Ein Bus holt Sie am Abholpunkt ab, der Ihrem Hotel auf Lanzarote am n\u00e4chsten liegt, nach Puerto de \u00d3rzola, einer Stadt im Norden der Insel, wo Sie eine regul\u00e4re F\u00e4hre besteigen, die Sie zur Insel La Graciosa bringt . Die Fahrt dauert etwa 25 Minuten. <\/p><p style=\"text-align: left;\">Sobald Sie in La Graciosa angekommen sind, haben Sie Zeit zur freien Verf\u00fcgung. Sie k\u00f6nnen das Stadtzentrum besuchen, in dem Sie von Bord gehen, das wichtigste auf der kleinen Insel Caleta de Sebo. <\/p><p style=\"text-align: left;\">Sie k\u00f6nnen die Insel auch mit dem Jeep oder Fahrrad erkunden, wandern oder ihre paradiesischen Str\u00e4nde entdecken. Tauchen Sie ein in sein kristallklares Wasser und entdecken Sie die Meeresfauna des gr\u00f6\u00dften Naturschutzgebiets Europas. <\/p>\t\t\t\t\t\t\t\t<\/div>\n\t\t\t\t<\/div>\n\t\t\t\t\t<\/div>\n\t\t<\/div>\n\t\t\t\t<div class=\"elementor-column elementor-col-50 elementor-top-column elementor-element elementor-element-2211cf8d\" data-id=\"2211cf8d\" data-element_type=\"column\" data-settings=\"{&quot;background_background&quot;:&quot;classic&quot;}\">\n\t\t\t<div class=\"elementor-widget-wrap elementor-element-populated\">\n\t\t\t\t\t\t<div class=\"elementor-element elementor-element-f624f92 elementor-widget elementor-widget-heading\" data-id=\"f624f92\" data-element_type=\"widget\" data-widget_type=\"heading.default\">\n\t\t\t\t<div class=\"elementor-widget-container\">\n\t\t\t\t\t<h2 class=\"elementor-heading-title elementor-size-default\">AUSFL\u00dcGE<\/h2>\t\t\t\t<\/div>\n\t\t\t\t<\/div>\n\t\t\t\t<div class=\"elementor-element elementor-element-597f6ed6 elementor-widget elementor-widget-heading\" data-id=\"597f6ed6\" data-element_type=\"widget\" data-widget_type=\"heading.default\">\n\t\t\t\t<div class=\"elementor-widget-container\">\n\t\t\t\t\t<h2 class=\"elementor-heading-title elementor-size-default\">ANMUTIG AUF DEINE ART<\/h2>\t\t\t\t<\/div>\n\t\t\t\t<\/div>\n\t\t\t\t<div class=\"elementor-element elementor-element-86292db elementor-widget elementor-widget-heading\" data-id=\"86292db\" data-element_type=\"widget\" data-widget_type=\"heading.default\">\n\t\t\t\t<div class=\"elementor-widget-container\">\n\t\t\t\t\t<h5 class=\"elementor-heading-title elementor-size-default\">Inklusivleistungen:<\/h5>\t\t\t\t<\/div>\n\t\t\t\t<\/div>\n\t\t\t\t<div class=\"elementor-element elementor-element-5ce90980 elementor-widget elementor-widget-text-editor\" data-id=\"5ce90980\" data-element_type=\"widget\" data-widget_type=\"text-editor.default\">\n\t\t\t\t<div class=\"elementor-widget-container\">\n\t\t\t\t\t\t\t\t\t<p>\u2022 Bustransfer, Hin- und R\u00fcckfahrt zum n\u00e4chstgelegenen Abholpunkt zum Hotel<br>\u2022 F\u00e4hre nach und von La Graciosa mit kostenlosem WLAN<br>\u2022 Reiseversicherung<br>\u2022 Abfahrtszeit: 11:00 Uhr<br>\u2022 Sommerdauer: ca. 5 Stunden<\/p>\t\t\t\t\t\t\t\t<\/div>\n\t\t\t\t<\/div>\n\t\t\t\t<div class=\"elementor-element elementor-element-2dfe2a1d elementor-widget elementor-widget-heading\" data-id=\"2dfe2a1d\" data-element_type=\"widget\" data-widget_type=\"heading.default\">\n\t\t\t\t<div class=\"elementor-widget-container\">\n\t\t\t\t\t<h5 class=\"elementor-heading-title elementor-size-default\">Wir empfehlen Sie:<\/h5>\t\t\t\t<\/div>\n\t\t\t\t<\/div>\n\t\t\t\t<div class=\"elementor-element elementor-element-2f097ebf elementor-widget elementor-widget-text-editor\" data-id=\"2f097ebf\" data-element_type=\"widget\" data-widget_type=\"text-editor.default\">\n\t\t\t\t<div class=\"elementor-widget-container\">\n\t\t\t\t\t\t\t\t\t<p>\u2022 Bequeme Kleidung<br>\u2022 Hut oder M\u00fctze<br>\u2022 Sonnenschutz<br>\u2022 Badeanzug<br>\u2022 Strandschuh<br>\u2022 Strandtuch<br>\u2022 Fotokamera<\/p>\t\t\t\t\t\t\t\t<\/div>\n\t\t\t\t<\/div>\n\t\t\t\t\t<\/div>\n\t\t<\/div>\n\t\t\t\t\t<\/div>\n\t\t<\/section>\n\t\t\t\t<section class=\"elementor-section elementor-top-section elementor-element elementor-element-7bf12229 elementor-section-full_width elementor-section-height-default elementor-section-height-default\" data-id=\"7bf12229\" data-element_type=\"section\">\n\t\t\t\t\t\t<div class=\"elementor-container elementor-column-gap-default\">\n\t\t\t\t\t<div class=\"elementor-column elementor-col-100 elementor-top-column elementor-element elementor-element-2dc3aca6\" data-id=\"2dc3aca6\" data-element_type=\"column\">\n\t\t\t<div class=\"elementor-widget-wrap elementor-element-populated\">\n\t\t\t\t\t\t<div class=\"elementor-element elementor-element-524e423d elementor-widget elementor-widget-html\" data-id=\"524e423d\" data-element_type=\"widget\" data-widget_type=\"html.default\">\n\t\t\t\t<div class=\"elementor-widget-container\">\n\t\t\t\t\t<script>document.addEventListener('DOMContentLoaded', function () {\n\nvar filteredImages = document.querySelectorAll('.e-gallery-item');\n\n\/\/Edit the links HERE\nvar links = [\n'https:\/\/hotelpocillosplaya.com\/fuerteventura-a-tu-aire\/',\n'https:\/\/hotelpocillosplaya.com\/i-love-papagayo\/',\n'https:\/\/hotelpocillosplaya.com\/i-love-sunset\/',\n'https:\/\/hotelpocillosplaya.com\/i-love-la-graciosa\/',\n'https:\/\/hotelpocillosplaya.com\/encantos-de-fuerteventura\/',\n'https:\/\/hotelpocillosplaya.com\/la-graciosa-a-tu-aire\/'\n];\n\nvar _loope = function _loope(i) {\n    if (links[i].length > 4) {\n    filteredImages[i].style.cursor = \"pointer\";\nfilteredImages[i].addEventListener('click', function () {\nlocation = links[i];\n});\n}\n};\n\nfor (var i = 0; i <filteredImages.length; i++) { _loope(i); } }); <\/script>\t\t\t\t<\/div>\n\t\t\t\t<\/div>\n\t\t\t\t<div class=\"elementor-element elementor-element-5fc39353 elementor-widget elementor-widget-gallery\" data-id=\"5fc39353\" data-element_type=\"widget\" data-settings=\"{&quot;columns&quot;:6,&quot;gap&quot;:{&quot;unit&quot;:&quot;px&quot;,&quot;size&quot;:0,&quot;sizes&quot;:[]},&quot;aspect_ratio&quot;:&quot;1:1&quot;,&quot;overlay_title&quot;:&quot;title&quot;,&quot;overlay_description&quot;:&quot;alt&quot;,&quot;content_hover_animation&quot;:&quot;grow&quot;,&quot;lazyload&quot;:&quot;yes&quot;,&quot;gallery_layout&quot;:&quot;grid&quot;,&quot;columns_tablet&quot;:2,&quot;columns_mobile&quot;:1,&quot;gap_tablet&quot;:{&quot;unit&quot;:&quot;px&quot;,&quot;size&quot;:10,&quot;sizes&quot;:[]},&quot;gap_mobile&quot;:{&quot;unit&quot;:&quot;px&quot;,&quot;size&quot;:10,&quot;sizes&quot;:[]},&quot;overlay_background&quot;:&quot;yes&quot;}\" data-widget_type=\"gallery.default\">\n\t\t\t\t<div class=\"elementor-widget-container\">\n\t\t\t\t\t\t\t<div class=\"elementor-gallery__container\">\n\t\t\t\t\t\t\t<div class=\"e-gallery-item elementor-gallery-item elementor-animated-content\" tabindex=\"0\">\n\t\t\t\t\t<div class=\"e-gallery-image elementor-gallery-item__image\" data-thumbnail=\"https:\/\/hotelpocillosplaya.com\/wp-content\/uploads\/2022\/05\/img-experiencia-atuaire-768x768.jpg\" data-width=\"768\" data-height=\"768\" aria-label=\"INFORMACI\u00d3N Y RESERVAS\" role=\"img\" ><\/div>\n\t\t\t\t\t\t\t\t\t\t\t<div class=\"elementor-gallery-item__overlay\"><\/div>\n\t\t\t\t\t\t\t\t\t\t\t\t\t\t\t<div class=\"elementor-gallery-item__content\">\n\t\t\t\t\t\t\t\t\t\t\t\t\t\t<div class=\"elementor-gallery-item__title\">\n\t\t\t\t\t\t\t\t\t\t\t\t\t\t\t\t\t\tFuerteventura a tu aire\t\t\t\t\t\t\t\t<\/div>\n\t\t\t\t\t\t\t\t\t\t\t\t\t\t\t<div class=\"elementor-gallery-item__description\">\n\t\t\t\t\t\t\t\t\t\t\t\t\t\t\t\t\t\tINFORMACI\u00d3N Y RESERVAS\t\t\t\t\t\t\t\t<\/div>\n\t\t\t\t\t\t\t\t\t\t\t\t<\/div>\n\t\t\t\t\t\t\t\t\t<\/div>\n\t\t\t\t\t\t\t<div class=\"e-gallery-item elementor-gallery-item elementor-animated-content\" tabindex=\"0\">\n\t\t\t\t\t<div class=\"e-gallery-image elementor-gallery-item__image\" data-thumbnail=\"https:\/\/hotelpocillosplaya.com\/wp-content\/uploads\/2022\/05\/img-experiencia-ilovepapagayo-768x768.jpg\" data-width=\"768\" data-height=\"768\" aria-label=\"INFORMACI\u00d3N Y RESERVAS\" role=\"img\" ><\/div>\n\t\t\t\t\t\t\t\t\t\t\t<div class=\"elementor-gallery-item__overlay\"><\/div>\n\t\t\t\t\t\t\t\t\t\t\t\t\t\t\t<div class=\"elementor-gallery-item__content\">\n\t\t\t\t\t\t\t\t\t\t\t\t\t\t<div class=\"elementor-gallery-item__title\">\n\t\t\t\t\t\t\t\t\t\t\t\t\t\t\t\t\t\tI love Papagayo\t\t\t\t\t\t\t\t<\/div>\n\t\t\t\t\t\t\t\t\t\t\t\t\t\t\t<div class=\"elementor-gallery-item__description\">\n\t\t\t\t\t\t\t\t\t\t\t\t\t\t\t\t\t\tINFORMACI\u00d3N Y RESERVAS\t\t\t\t\t\t\t\t<\/div>\n\t\t\t\t\t\t\t\t\t\t\t\t<\/div>\n\t\t\t\t\t\t\t\t\t<\/div>\n\t\t\t\t\t\t\t<div class=\"e-gallery-item elementor-gallery-item elementor-animated-content\" tabindex=\"0\">\n\t\t\t\t\t<div class=\"e-gallery-image elementor-gallery-item__image\" data-thumbnail=\"https:\/\/hotelpocillosplaya.com\/wp-content\/uploads\/2022\/05\/img-experiencia-ilovesunset-768x768.jpg\" data-width=\"768\" data-height=\"768\" aria-label=\"INFORMACI\u00d3N Y RESERVAS\" role=\"img\" ><\/div>\n\t\t\t\t\t\t\t\t\t\t\t<div class=\"elementor-gallery-item__overlay\"><\/div>\n\t\t\t\t\t\t\t\t\t\t\t\t\t\t\t<div class=\"elementor-gallery-item__content\">\n\t\t\t\t\t\t\t\t\t\t\t\t\t\t<div class=\"elementor-gallery-item__title\">\n\t\t\t\t\t\t\t\t\t\t\t\t\t\t\t\t\t\tI love sunset\t\t\t\t\t\t\t\t<\/div>\n\t\t\t\t\t\t\t\t\t\t\t\t\t\t\t<div class=\"elementor-gallery-item__description\">\n\t\t\t\t\t\t\t\t\t\t\t\t\t\t\t\t\t\tINFORMACI\u00d3N Y RESERVAS\t\t\t\t\t\t\t\t<\/div>\n\t\t\t\t\t\t\t\t\t\t\t\t<\/div>\n\t\t\t\t\t\t\t\t\t<\/div>\n\t\t\t\t\t\t\t<div class=\"e-gallery-item elementor-gallery-item elementor-animated-content\" tabindex=\"0\">\n\t\t\t\t\t<div class=\"e-gallery-image elementor-gallery-item__image\" data-thumbnail=\"https:\/\/hotelpocillosplaya.com\/wp-content\/uploads\/2022\/05\/img-experiencia-ilovelagraciosa-768x768.jpg\" data-width=\"768\" data-height=\"768\" aria-label=\"INFORMACI\u00d3N Y RESERVAS\" role=\"img\" ><\/div>\n\t\t\t\t\t\t\t\t\t\t\t<div class=\"elementor-gallery-item__overlay\"><\/div>\n\t\t\t\t\t\t\t\t\t\t\t\t\t\t\t<div class=\"elementor-gallery-item__content\">\n\t\t\t\t\t\t\t\t\t\t\t\t\t\t<div class=\"elementor-gallery-item__title\">\n\t\t\t\t\t\t\t\t\t\t\t\t\t\t\t\t\t\tI love La Graciosa\t\t\t\t\t\t\t\t<\/div>\n\t\t\t\t\t\t\t\t\t\t\t\t\t\t\t<div class=\"elementor-gallery-item__description\">\n\t\t\t\t\t\t\t\t\t\t\t\t\t\t\t\t\t\tINFORMACI\u00d3N Y RESERVAS\t\t\t\t\t\t\t\t<\/div>\n\t\t\t\t\t\t\t\t\t\t\t\t<\/div>\n\t\t\t\t\t\t\t\t\t<\/div>\n\t\t\t\t\t\t\t<div class=\"e-gallery-item elementor-gallery-item elementor-animated-content\" tabindex=\"0\">\n\t\t\t\t\t<div class=\"e-gallery-image elementor-gallery-item__image\" data-thumbnail=\"https:\/\/hotelpocillosplaya.com\/wp-content\/uploads\/2022\/05\/img-experiencia-fueerteventura-768x768.jpg\" data-width=\"768\" data-height=\"768\" aria-label=\"INFORMACI\u00d3N Y RESERVAS\" role=\"img\" ><\/div>\n\t\t\t\t\t\t\t\t\t\t\t<div class=\"elementor-gallery-item__overlay\"><\/div>\n\t\t\t\t\t\t\t\t\t\t\t\t\t\t\t<div class=\"elementor-gallery-item__content\">\n\t\t\t\t\t\t\t\t\t\t\t\t\t\t<div class=\"elementor-gallery-item__title\">\n\t\t\t\t\t\t\t\t\t\t\t\t\t\t\t\t\t\tEncantos de Fuerteventura\t\t\t\t\t\t\t\t<\/div>\n\t\t\t\t\t\t\t\t\t\t\t\t\t\t\t<div class=\"elementor-gallery-item__description\">\n\t\t\t\t\t\t\t\t\t\t\t\t\t\t\t\t\t\tINFORMACI\u00d3N Y RESERVAS\t\t\t\t\t\t\t\t<\/div>\n\t\t\t\t\t\t\t\t\t\t\t\t<\/div>\n\t\t\t\t\t\t\t\t\t<\/div>\n\t\t\t\t\t\t\t<div class=\"e-gallery-item elementor-gallery-item elementor-animated-content\" tabindex=\"0\">\n\t\t\t\t\t<div class=\"e-gallery-image elementor-gallery-item__image\" data-thumbnail=\"https:\/\/hotelpocillosplaya.com\/wp-content\/uploads\/2022\/05\/img-experiencia-lagraciosa-768x768.jpg\" data-width=\"768\" data-height=\"768\" aria-label=\"INFORMACI\u00d3N Y RESERVAS\" role=\"img\" ><\/div>\n\t\t\t\t\t\t\t\t\t\t\t<div class=\"elementor-gallery-item__overlay\"><\/div>\n\t\t\t\t\t\t\t\t\t\t\t\t\t\t\t<div class=\"elementor-gallery-item__content\">\n\t\t\t\t\t\t\t\t\t\t\t\t\t\t<div class=\"elementor-gallery-item__title\">\n\t\t\t\t\t\t\t\t\t\t\t\t\t\t\t\t\t\tLa Graciosa a tu aire\t\t\t\t\t\t\t\t<\/div>\n\t\t\t\t\t\t\t\t\t\t\t\t\t\t\t<div class=\"elementor-gallery-item__description\">\n\t\t\t\t\t\t\t\t\t\t\t\t\t\t\t\t\t\tINFORMACI\u00d3N Y RESERVAS\t\t\t\t\t\t\t\t<\/div>\n\t\t\t\t\t\t\t\t\t\t\t\t<\/div>\n\t\t\t\t\t\t\t\t\t<\/div>\n\t\t\t\t\t<\/div>\n\t\t\t\t\t<\/div>\n\t\t\t\t<\/div>\n\t\t\t\t\t<\/div>\n\t\t<\/div>\n\t\t\t\t\t<\/div>\n\t\t<\/section>\n\t\t\t\t<section class=\"elementor-section elementor-top-section elementor-element elementor-element-2d1102e elementor-section-boxed elementor-section-height-default elementor-section-height-default\" data-id=\"2d1102e\" data-element_type=\"section\">\n\t\t\t\t\t\t<div class=\"elementor-container elementor-column-gap-default\">\n\t\t\t\t\t<div class=\"elementor-column elementor-col-100 elementor-top-column elementor-element elementor-element-e5ce04a\" data-id=\"e5ce04a\" data-element_type=\"column\" data-settings=\"{&quot;background_background&quot;:&quot;classic&quot;}\">\n\t\t\t<div class=\"elementor-widget-wrap elementor-element-populated\">\n\t\t\t\t\t\t<div class=\"elementor-element elementor-element-ed315e4 elementor-widget elementor-widget-heading\" data-id=\"ed315e4\" data-element_type=\"widget\" data-widget_type=\"heading.default\">\n\t\t\t\t<div class=\"elementor-widget-container\">\n\t\t\t\t\t<h2 class=\"elementor-heading-title elementor-size-default\">INFORMACI\u00d3N Y<\/h2>\t\t\t\t<\/div>\n\t\t\t\t<\/div>\n\t\t\t\t<div class=\"elementor-element elementor-element-97bc013 elementor-widget elementor-widget-heading\" data-id=\"97bc013\" data-element_type=\"widget\" data-widget_type=\"heading.default\">\n\t\t\t\t<div class=\"elementor-widget-container\">\n\t\t\t\t\t<h2 class=\"elementor-heading-title elementor-size-default\">RESERVAS<\/h2>\t\t\t\t<\/div>\n\t\t\t\t<\/div>\n\t\t\t\t<div class=\"elementor-element elementor-element-40f7047 elementor-widget elementor-widget-text-editor\" data-id=\"40f7047\" data-element_type=\"widget\" data-widget_type=\"text-editor.default\">\n\t\t\t\t<div class=\"elementor-widget-container\">\n\t\t\t\t\t\t\t\t\t<p style=\"text-align: center;\">Puede ampliar informaci\u00f3n sobre nuestras experiencias y efectuar la reserva de la experiencia de desee a trav\u00e9s de los siguientes contacto:<\/p><ul><li>Email: recepcion@hotelpocillosplaya.com<\/li><li>Telefono: +34 928 596 261<\/li><\/ul>\t\t\t\t\t\t\t\t<\/div>\n\t\t\t\t<\/div>\n\t\t\t\t\t<\/div>\n\t\t<\/div>\n\t\t\t\t\t<\/div>\n\t\t<\/section>\n\t\t\t\t<\/div>\n\t\t","protected":false},"excerpt":{"rendered":"<p>AUSFL\u00dcGE ANMUTIG AUF DEINE ART Segeln Sie nach La Graciosa und werden Sie ein wahrer Entdecker. Sie k\u00f6nnen Jeeps und Fahrr\u00e4der mieten, wandern gehen und die Str\u00e4nde einer paradiesischen Insel genie\u00dfen. Ein Bus holt Sie am Abholpunkt ab, der Ihrem Hotel auf Lanzarote am n\u00e4chsten liegt, nach Puerto de \u00d3rzola, einer Stadt im Norden der [&hellip;]<\/p>\n","protected":false},"author":1,"featured_media":0,"parent":0,"menu_order":0,"comment_status":"closed","ping_status":"closed","template":"","meta":{"_acf_changed":false,"inline_featured_image":false,"footnotes":""},"class_list":["post-3176","page","type-page","status-publish","hentry"],"acf":[],"yoast_head":"<!-- This site is optimized with the Yoast SEO plugin v26.8 - https:\/\/yoast.com\/product\/yoast-seo-wordpress\/ -->\n<title>Anmutig auf deine Art - Hotel Pocillos Playa<\/title>\n<meta name=\"robots\" content=\"index, follow, max-snippet:-1, max-image-preview:large, max-video-preview:-1\" \/>\n<link rel=\"canonical\" href=\"https:\/\/hotelpocillosplaya.com\/de\/anmutig-auf-deine-art\/\" \/>\n<meta property=\"og:locale\" content=\"de_DE\" \/>\n<meta property=\"og:type\" content=\"article\" \/>\n<meta property=\"og:title\" content=\"Anmutig auf deine Art - Hotel Pocillos Playa\" \/>\n<meta property=\"og:description\" content=\"AUSFL\u00dcGE ANMUTIG AUF DEINE ART Segeln Sie nach La Graciosa und werden Sie ein wahrer Entdecker. Sie k\u00f6nnen Jeeps und Fahrr\u00e4der mieten, wandern gehen und die Str\u00e4nde einer paradiesischen Insel genie\u00dfen. Ein Bus holt Sie am Abholpunkt ab, der Ihrem Hotel auf Lanzarote am n\u00e4chsten liegt, nach Puerto de \u00d3rzola, einer Stadt im Norden der [&hellip;]\" \/>\n<meta property=\"og:url\" content=\"https:\/\/hotelpocillosplaya.com\/de\/anmutig-auf-deine-art\/\" \/>\n<meta property=\"og:site_name\" content=\"Hotel Pocillos Playa\" \/>\n<meta property=\"article:modified_time\" content=\"2022-07-04T16:52:48+00:00\" \/>\n<meta name=\"twitter:card\" content=\"summary_large_image\" \/>\n<meta name=\"twitter:label1\" content=\"Gesch\u00e4tzte Lesezeit\" \/>\n\t<meta name=\"twitter:data1\" content=\"1\u00a0Minute\" \/>\n<script type=\"application\/ld+json\" class=\"yoast-schema-graph\">{\"@context\":\"https:\/\/schema.org\",\"@graph\":[{\"@type\":\"WebPage\",\"@id\":\"https:\/\/hotelpocillosplaya.com\/de\/anmutig-auf-deine-art\/\",\"url\":\"https:\/\/hotelpocillosplaya.com\/de\/anmutig-auf-deine-art\/\",\"name\":\"Anmutig auf deine Art - Hotel Pocillos Playa\",\"isPartOf\":{\"@id\":\"https:\/\/hotelpocillosplaya.com\/#website\"},\"datePublished\":\"2022-05-24T09:10:34+00:00\",\"dateModified\":\"2022-07-04T16:52:48+00:00\",\"breadcrumb\":{\"@id\":\"https:\/\/hotelpocillosplaya.com\/de\/anmutig-auf-deine-art\/#breadcrumb\"},\"inLanguage\":\"de\",\"potentialAction\":[{\"@type\":\"ReadAction\",\"target\":[\"https:\/\/hotelpocillosplaya.com\/de\/anmutig-auf-deine-art\/\"]}]},{\"@type\":\"BreadcrumbList\",\"@id\":\"https:\/\/hotelpocillosplaya.com\/de\/anmutig-auf-deine-art\/#breadcrumb\",\"itemListElement\":[{\"@type\":\"ListItem\",\"position\":1,\"name\":\"Portada\",\"item\":\"https:\/\/hotelpocillosplaya.com\/\"},{\"@type\":\"ListItem\",\"position\":2,\"name\":\"Anmutig auf deine Art\"}]},{\"@type\":\"WebSite\",\"@id\":\"https:\/\/hotelpocillosplaya.com\/#website\",\"url\":\"https:\/\/hotelpocillosplaya.com\/\",\"name\":\"Hotel Pocillos Playa\",\"description\":\"Hotel Pocillos Playa\",\"publisher\":{\"@id\":\"https:\/\/hotelpocillosplaya.com\/#organization\"},\"potentialAction\":[{\"@type\":\"SearchAction\",\"target\":{\"@type\":\"EntryPoint\",\"urlTemplate\":\"https:\/\/hotelpocillosplaya.com\/?s={search_term_string}\"},\"query-input\":{\"@type\":\"PropertyValueSpecification\",\"valueRequired\":true,\"valueName\":\"search_term_string\"}}],\"inLanguage\":\"de\"},{\"@type\":\"Organization\",\"@id\":\"https:\/\/hotelpocillosplaya.com\/#organization\",\"name\":\"Hotel Pocillos Playa\",\"url\":\"https:\/\/hotelpocillosplaya.com\/\",\"logo\":{\"@type\":\"ImageObject\",\"inLanguage\":\"de\",\"@id\":\"https:\/\/hotelpocillosplaya.com\/#\/schema\/logo\/image\/\",\"url\":\"https:\/\/hotelpocillosplaya.com\/wp-content\/uploads\/2022\/05\/PPHL-BLANCO-TRANSP-e1652870808740.png\",\"contentUrl\":\"https:\/\/hotelpocillosplaya.com\/wp-content\/uploads\/2022\/05\/PPHL-BLANCO-TRANSP-e1652870808740.png\",\"width\":1368,\"height\":367,\"caption\":\"Hotel Pocillos Playa\"},\"image\":{\"@id\":\"https:\/\/hotelpocillosplaya.com\/#\/schema\/logo\/image\/\"}}]}<\/script>\n<!-- \/ Yoast SEO plugin. -->","yoast_head_json":{"title":"Anmutig auf deine Art - Hotel Pocillos Playa","robots":{"index":"index","follow":"follow","max-snippet":"max-snippet:-1","max-image-preview":"max-image-preview:large","max-video-preview":"max-video-preview:-1"},"canonical":"https:\/\/hotelpocillosplaya.com\/de\/anmutig-auf-deine-art\/","og_locale":"de_DE","og_type":"article","og_title":"Anmutig auf deine Art - Hotel Pocillos Playa","og_description":"AUSFL\u00dcGE ANMUTIG AUF DEINE ART Segeln Sie nach La Graciosa und werden Sie ein wahrer Entdecker. Sie k\u00f6nnen Jeeps und Fahrr\u00e4der mieten, wandern gehen und die Str\u00e4nde einer paradiesischen Insel genie\u00dfen. Ein Bus holt Sie am Abholpunkt ab, der Ihrem Hotel auf Lanzarote am n\u00e4chsten liegt, nach Puerto de \u00d3rzola, einer Stadt im Norden der [&hellip;]","og_url":"https:\/\/hotelpocillosplaya.com\/de\/anmutig-auf-deine-art\/","og_site_name":"Hotel Pocillos Playa","article_modified_time":"2022-07-04T16:52:48+00:00","twitter_card":"summary_large_image","twitter_misc":{"Gesch\u00e4tzte Lesezeit":"1\u00a0Minute"},"schema":{"@context":"https:\/\/schema.org","@graph":[{"@type":"WebPage","@id":"https:\/\/hotelpocillosplaya.com\/de\/anmutig-auf-deine-art\/","url":"https:\/\/hotelpocillosplaya.com\/de\/anmutig-auf-deine-art\/","name":"Anmutig auf deine Art - Hotel Pocillos Playa","isPartOf":{"@id":"https:\/\/hotelpocillosplaya.com\/#website"},"datePublished":"2022-05-24T09:10:34+00:00","dateModified":"2022-07-04T16:52:48+00:00","breadcrumb":{"@id":"https:\/\/hotelpocillosplaya.com\/de\/anmutig-auf-deine-art\/#breadcrumb"},"inLanguage":"de","potentialAction":[{"@type":"ReadAction","target":["https:\/\/hotelpocillosplaya.com\/de\/anmutig-auf-deine-art\/"]}]},{"@type":"BreadcrumbList","@id":"https:\/\/hotelpocillosplaya.com\/de\/anmutig-auf-deine-art\/#breadcrumb","itemListElement":[{"@type":"ListItem","position":1,"name":"Portada","item":"https:\/\/hotelpocillosplaya.com\/"},{"@type":"ListItem","position":2,"name":"Anmutig auf deine Art"}]},{"@type":"WebSite","@id":"https:\/\/hotelpocillosplaya.com\/#website","url":"https:\/\/hotelpocillosplaya.com\/","name":"Hotel Pocillos Playa","description":"Hotel Pocillos Playa","publisher":{"@id":"https:\/\/hotelpocillosplaya.com\/#organization"},"potentialAction":[{"@type":"SearchAction","target":{"@type":"EntryPoint","urlTemplate":"https:\/\/hotelpocillosplaya.com\/?s={search_term_string}"},"query-input":{"@type":"PropertyValueSpecification","valueRequired":true,"valueName":"search_term_string"}}],"inLanguage":"de"},{"@type":"Organization","@id":"https:\/\/hotelpocillosplaya.com\/#organization","name":"Hotel Pocillos Playa","url":"https:\/\/hotelpocillosplaya.com\/","logo":{"@type":"ImageObject","inLanguage":"de","@id":"https:\/\/hotelpocillosplaya.com\/#\/schema\/logo\/image\/","url":"https:\/\/hotelpocillosplaya.com\/wp-content\/uploads\/2022\/05\/PPHL-BLANCO-TRANSP-e1652870808740.png","contentUrl":"https:\/\/hotelpocillosplaya.com\/wp-content\/uploads\/2022\/05\/PPHL-BLANCO-TRANSP-e1652870808740.png","width":1368,"height":367,"caption":"Hotel Pocillos Playa"},"image":{"@id":"https:\/\/hotelpocillosplaya.com\/#\/schema\/logo\/image\/"}}]}},"_links":{"self":[{"href":"https:\/\/hotelpocillosplaya.com\/de\/wp-json\/wp\/v2\/pages\/3176","targetHints":{"allow":["GET"]}}],"collection":[{"href":"https:\/\/hotelpocillosplaya.com\/de\/wp-json\/wp\/v2\/pages"}],"about":[{"href":"https:\/\/hotelpocillosplaya.com\/de\/wp-json\/wp\/v2\/types\/page"}],"author":[{"embeddable":true,"href":"https:\/\/hotelpocillosplaya.com\/de\/wp-json\/wp\/v2\/users\/1"}],"replies":[{"embeddable":true,"href":"https:\/\/hotelpocillosplaya.com\/de\/wp-json\/wp\/v2\/comments?post=3176"}],"version-history":[{"count":2,"href":"https:\/\/hotelpocillosplaya.com\/de\/wp-json\/wp\/v2\/pages\/3176\/revisions"}],"predecessor-version":[{"id":3186,"href":"https:\/\/hotelpocillosplaya.com\/de\/wp-json\/wp\/v2\/pages\/3176\/revisions\/3186"}],"wp:attachment":[{"href":"https:\/\/hotelpocillosplaya.com\/de\/wp-json\/wp\/v2\/media?parent=3176"}],"curies":[{"name":"wp","href":"https:\/\/api.w.org\/{rel}","templated":true}]}}